{"id":677,"date":"2023-11-22T23:07:25","date_gmt":"2023-11-22T15:07:25","guid":{"rendered":"https:\/\/dkfishingnet.com\/?post_type=product&#038;p=677"},"modified":"2023-11-22T23:07:25","modified_gmt":"2023-11-22T15:07:25","slug":"bottom-pocket-fuji-style-casting-net-with-lead-chain","status":"publish","type":"product","link":"https:\/\/dkfishingnet.com\/cs\/produkt\/bottom-pocket-fuji-style-casting-net-with-lead-chain\/","title":{"rendered":"spodn\u00ed kapsa odl\u00e9vac\u00ed s\u00edt\u011b Fuji style s olov\u011bn\u00fdm \u0159et\u00edzkem"},"content":{"rendered":"<p>Spodn\u00ed s\u00e1\u010dek Odhozov\u00e1 s\u00ed\u0165 s olov\u011bn\u00fdm \u0159et\u00edzkem typu Fuji je ryb\u00e1\u0159sk\u00e9 n\u00e1\u010din\u00ed, kter\u00e9 se pou\u017e\u00edv\u00e1 k odhozu nebo vhozen\u00ed do vody za \u00fa\u010delem rybolovu. Tato s\u00ed\u0165 m\u00e1 obvykle po obvodu olov\u011bn\u00fd \u0159et\u011bz, kter\u00fd napom\u00e1h\u00e1 rychl\u00e9mu potopen\u00ed na dno. Konstrukce \"bottom bag\" umo\u017e\u0148uje \u00fa\u010dinn\u00fd odchyt ryb, a proto je tato s\u00ed\u0165 mezi ryb\u00e1\u0159i obl\u00edben\u00e1, zejm\u00e9na p\u0159i lovu ryb v bl\u00edzkosti vodn\u00edho dna. Odhozov\u00e9 s\u00edt\u011b typu Fuji s olov\u011bn\u00fdm \u0159et\u00edzkem jsou zn\u00e1m\u00e9 svou \u00fa\u010dinnost\u00ed p\u0159i lovu ryb v r\u016fzn\u00fdch vodn\u00edch prost\u0159ed\u00edch.<\/p>\n<p><img fetchpriority=\"high\" decoding=\"async\" class=\"alignnone size-medium wp-image-683\" src=\"http:\/\/dkfishingnet.com\/wp-content\/uploads\/2023\/11\/QQ\u56fe\u724720211116095749.jpg\" alt=\"\" width=\"800\" height=\"800\" srcset=\"https:\/\/dkfishingnet.com\/wp-content\/uploads\/2023\/11\/QQ\u56fe\u724720211116095749.jpg 800w, https:\/\/dkfishingnet.com\/wp-content\/uploads\/2023\/11\/QQ\u56fe\u724720211116095749-300x300.jpg 300w, https:\/\/dkfishingnet.com\/wp-content\/uploads\/2023\/11\/QQ\u56fe\u724720211116095749-100x100.jpg 100w, https:\/\/dkfishingnet.com\/wp-content\/uploads\/2023\/11\/QQ\u56fe\u724720211116095749-600x600.jpg 600w, https:\/\/dkfishingnet.com\/wp-content\/uploads\/2023\/11\/QQ\u56fe\u724720211116095749-150x150.jpg 150w, https:\/\/dkfishingnet.com\/wp-content\/uploads\/2023\/11\/QQ\u56fe\u724720211116095749-768x768.jpg 768w\" sizes=\"(max-width: 800px) 100vw, 800px\" \/> <img decoding=\"async\" class=\"alignnone size-medium wp-image-684\" src=\"http:\/\/dkfishingnet.com\/wp-content\/uploads\/2023\/11\/QQ\u56fe\u724720211116095836.jpg\" alt=\"\" width=\"800\" height=\"800\" srcset=\"https:\/\/dkfishingnet.com\/wp-content\/uploads\/2023\/11\/QQ\u56fe\u724720211116095836.jpg 800w, https:\/\/dkfishingnet.com\/wp-content\/uploads\/2023\/11\/QQ\u56fe\u724720211116095836-300x300.jpg 300w, https:\/\/dkfishingnet.com\/wp-content\/uploads\/2023\/11\/QQ\u56fe\u724720211116095836-100x100.jpg 100w, https:\/\/dkfishingnet.com\/wp-content\/uploads\/2023\/11\/QQ\u56fe\u724720211116095836-600x600.jpg 600w, https:\/\/dkfishingnet.com\/wp-content\/uploads\/2023\/11\/QQ\u56fe\u724720211116095836-150x150.jpg 150w, https:\/\/dkfishingnet.com\/wp-content\/uploads\/2023\/11\/QQ\u56fe\u724720211116095836-768x768.jpg 768w\" sizes=\"(max-width: 800px) 100vw, 800px\" \/><\/p>\n<p><img decoding=\"async\" class=\"alignnone size-full wp-image-685\" src=\"http:\/\/dkfishingnet.com\/wp-content\/uploads\/2023\/11\/\u65e5\u5f0f\u94c5\u94fe\u624b\u629b\u7f51_\u526f\u672c.jpg\" alt=\"\" width=\"800\" height=\"800\" srcset=\"https:\/\/dkfishingnet.com\/wp-content\/uploads\/2023\/11\/\u65e5\u5f0f\u94c5\u94fe\u624b\u629b\u7f51_\u526f\u672c.jpg 800w, https:\/\/dkfishingnet.com\/wp-content\/uploads\/2023\/11\/\u65e5\u5f0f\u94c5\u94fe\u624b\u629b\u7f51_\u526f\u672c-300x300.jpg 300w, https:\/\/dkfishingnet.com\/wp-content\/uploads\/2023\/11\/\u65e5\u5f0f\u94c5\u94fe\u624b\u629b\u7f51_\u526f\u672c-100x100.jpg 100w, https:\/\/dkfishingnet.com\/wp-content\/uploads\/2023\/11\/\u65e5\u5f0f\u94c5\u94fe\u624b\u629b\u7f51_\u526f\u672c-600x600.jpg 600w, https:\/\/dkfishingnet.com\/wp-content\/uploads\/2023\/11\/\u65e5\u5f0f\u94c5\u94fe\u624b\u629b\u7f51_\u526f\u672c-150x150.jpg 150w, https:\/\/dkfishingnet.com\/wp-content\/uploads\/2023\/11\/\u65e5\u5f0f\u94c5\u94fe\u624b\u629b\u7f51_\u526f\u672c-768x768.jpg 768w\" sizes=\"(max-width: 800px) 100vw, 800px\" \/><\/p>\n<p><img loading=\"lazy\" decoding=\"async\" class=\"alignnone size-medium wp-image-686\" src=\"http:\/\/dkfishingnet.com\/wp-content\/uploads\/2023\/11\/bottom-pocket-cast-net-1_\u526f\u672c.jpg\" alt=\"\" width=\"800\" height=\"800\" srcset=\"https:\/\/dkfishingnet.com\/wp-content\/uploads\/2023\/11\/bottom-pocket-cast-net-1_\u526f\u672c.jpg 800w, https:\/\/dkfishingnet.com\/wp-content\/uploads\/2023\/11\/bottom-pocket-cast-net-1_\u526f\u672c-300x300.jpg 300w, https:\/\/dkfishingnet.com\/wp-content\/uploads\/2023\/11\/bottom-pocket-cast-net-1_\u526f\u672c-100x100.jpg 100w, https:\/\/dkfishingnet.com\/wp-content\/uploads\/2023\/11\/bottom-pocket-cast-net-1_\u526f\u672c-600x600.jpg 600w, https:\/\/dkfishingnet.com\/wp-content\/uploads\/2023\/11\/bottom-pocket-cast-net-1_\u526f\u672c-150x150.jpg 150w, https:\/\/dkfishingnet.com\/wp-content\/uploads\/2023\/11\/bottom-pocket-cast-net-1_\u526f\u672c-768x768.jpg 768w\" sizes=\"(max-width: 800px) 100vw, 800px\" \/> <img loading=\"lazy\" decoding=\"async\" class=\"alignnone size-medium wp-image-687\" src=\"http:\/\/dkfishingnet.com\/wp-content\/uploads\/2023\/11\/Chain.jpg\" alt=\"\" width=\"800\" height=\"800\" srcset=\"https:\/\/dkfishingnet.com\/wp-content\/uploads\/2023\/11\/Chain.jpg 800w, https:\/\/dkfishingnet.com\/wp-content\/uploads\/2023\/11\/Chain-300x300.jpg 300w, https:\/\/dkfishingnet.com\/wp-content\/uploads\/2023\/11\/Chain-100x100.jpg 100w, https:\/\/dkfishingnet.com\/wp-content\/uploads\/2023\/11\/Chain-600x600.jpg 600w, https:\/\/dkfishingnet.com\/wp-content\/uploads\/2023\/11\/Chain-150x150.jpg 150w, https:\/\/dkfishingnet.com\/wp-content\/uploads\/2023\/11\/Chain-768x768.jpg 768w\" sizes=\"(max-width: 800px) 100vw, 800px\" \/><\/p>\n<p>&nbsp;<\/p>","protected":false},"excerpt":{"rendered":"<p>Spodn\u00ed s\u00e1\u010dek Odhozov\u00e1 s\u00ed\u0165 s olov\u011bn\u00fdm \u0159et\u00edzkem typu Fuji je ryb\u00e1\u0159sk\u00e9 n\u00e1\u010din\u00ed, kter\u00e9 se pou\u017e\u00edv\u00e1 k odhozu nebo vhozen\u00ed do vody za \u00fa\u010delem rybolovu. Tato s\u00ed\u0165 m\u00e1 obvykle po obvodu olov\u011bn\u00fd \u0159et\u011bz, kter\u00fd napom\u00e1h\u00e1 rychl\u00e9mu potopen\u00ed na dno. Konstrukce \"bottom bag\" umo\u017e\u0148uje \u00fa\u010dinn\u00fd odchyt ryb, a proto je tato s\u00ed\u0165 mezi ryb\u00e1\u0159i obl\u00edben\u00e1, zejm\u00e9na p\u0159i lovu ryb v bl\u00edzkosti vodn\u00edho dna. Odhozov\u00e9 s\u00edt\u011b typu Fuji s olov\u011bn\u00fdm \u0159et\u00edzkem jsou zn\u00e1m\u00e9 svou \u00fa\u010dinnost\u00ed p\u0159i lovu ryb v r\u016fzn\u00fdch vodn\u00edch prost\u0159ed\u00edch.<\/p>","protected":false},"featured_media":678,"template":"","meta":{"site-sidebar-layout":"default","site-content-layout":"","ast-site-content-layout":"default","site-content-style":"default","site-sidebar-style":"default","ast-global-header-display":"","ast-banner-title-visibility":"","ast-main-header-display":"","ast-hfb-above-header-display":"","ast-hfb-below-header-display":"","ast-hfb-mobile-header-display":"","site-post-title":"","ast-breadcrumbs-content":"","ast-featured-img":"","footer-sml-layout":"","theme-transparent-header-meta":"default","adv-header-id-meta":"","stick-header-meta":"","header-above-stick-meta":"","header-main-stick-meta":"","header-below-stick-meta":"","astra-migrate-meta-layouts":"set","ast-page-background-enabled":"default","ast-page-background-meta":{"desktop":{"background-color":"","background-image":"","background-repeat":"repeat","background-position":"center center","background-size":"auto","background-attachment":"scroll","background-type":"","background-media":"","overlay-type":"","overlay-color":"","overlay-gradient":""},"tablet":{"background-color":"","background-image":"","background-repeat":"repeat","background-position":"center center","background-size":"auto","background-attachment":"scroll","background-type":"","background-media":"","overlay-type":"","overlay-color":"","overlay-gradient":""},"mobile":{"background-color":"","background-image":"","background-repeat":"repeat","background-position":"center center","background-size":"auto","background-attachment":"scroll","background-type":"","background-media":"","overlay-type":"","overlay-color":"","overlay-gradient":""}},"ast-content-background-meta":{"desktop":{"background-color":"var(--ast-global-color-5)","background-image":"","background-repeat":"repeat","background-position":"center center","background-size":"auto","background-attachment":"scroll","background-type":"","background-media":"","overlay-type":"","overlay-color":"","overlay-gradient":""},"tablet":{"background-color":"var(--ast-global-color-5)","background-image":"","background-repeat":"repeat","background-position":"center center","background-size":"auto","background-attachment":"scroll","background-type":"","background-media":"","overlay-type":"","overlay-color":"","overlay-gradient":""},"mobile":{"background-color":"var(--ast-global-color-5)","background-image":"","background-repeat":"repeat","background-position":"center center","background-size":"auto","background-attachment":"scroll","background-type":"","background-media":"","overlay-type":"","overlay-color":"","overlay-gradient":""}}},"product_cat":[25],"product_tag":[],"_links":{"self":[{"href":"https:\/\/dkfishingnet.com\/cs\/wp-json\/wp\/v2\/product\/677"}],"collection":[{"href":"https:\/\/dkfishingnet.com\/cs\/wp-json\/wp\/v2\/product"}],"about":[{"href":"https:\/\/dkfishingnet.com\/cs\/wp-json\/wp\/v2\/types\/product"}],"wp:featuredmedia":[{"embeddable":true,"href":"https:\/\/dkfishingnet.com\/cs\/wp-json\/wp\/v2\/media\/678"}],"wp:attachment":[{"href":"https:\/\/dkfishingnet.com\/cs\/wp-json\/wp\/v2\/media?parent=677"}],"wp:term":[{"taxonomy":"product_cat","embeddable":true,"href":"https:\/\/dkfishingnet.com\/cs\/wp-json\/wp\/v2\/product_cat?post=677"},{"taxonomy":"product_tag","embeddable":true,"href":"https:\/\/dkfishingnet.com\/cs\/wp-json\/wp\/v2\/product_tag?post=677"}],"curies":[{"name":"wp","href":"https:\/\/api.w.org\/{rel}","templated":true}]}}