{"id":698,"date":"2023-11-22T23:16:12","date_gmt":"2023-11-22T15:16:12","guid":{"rendered":"https:\/\/dkfishingnet.com\/?post_type=product&#038;p=698"},"modified":"2023-11-22T23:16:43","modified_gmt":"2023-11-22T15:16:43","slug":"fishing-gill-net-nylon-monofilament","status":"publish","type":"product","link":"https:\/\/dkfishingnet.com\/cs\/produkt\/fishing-gill-net-nylon-monofilament\/","title":{"rendered":"ryb\u00e1\u0159sk\u00e1 \u017eabern\u00ed s\u00ed\u0165 z nylonov\u00e9ho monofilu"},"content":{"rendered":"<p>ryb\u00e1\u0159sk\u00e1 \u017eabern\u00ed s\u00ed\u0165 Nylonov\u00e9 monofiln\u00ed vl\u00e1kno je utk\u00e1no z nylonov\u00e9ho monofilu. Tento typ \u017eabern\u00ed s\u00edt\u011b se b\u011b\u017en\u011b pou\u017e\u00edv\u00e1 k lovu mal\u00fdch ryb a d\u00edky sv\u00e9 konstrukci je vhodn\u00fd pro r\u016fzn\u00e9 druhy rybolovu a ryb\u00e1\u0159sk\u00e9 prost\u0159ed\u00ed. D\u00edky nylonov\u00e9mu materi\u00e1lu je \u017eabern\u00ed s\u00ed\u0165 pevn\u00e1 a odoln\u00e1, ale z\u00e1rove\u0148 dostate\u010dn\u011b pru\u017en\u00e1, aby zvl\u00e1dla tah\u00e1n\u00ed a natahov\u00e1n\u00ed p\u0159i lovu. Tento typ ryb\u00e1\u0159sk\u00e9 s\u00edt\u011b se \u0161iroce pou\u017e\u00edv\u00e1 p\u0159i mnoha r\u016fzn\u00fdch rybolovn\u00fdch \u010dinnostech.<\/p>\n<p><img fetchpriority=\"high\" decoding=\"async\" class=\"alignnone size-full wp-image-700\" src=\"http:\/\/dkfishingnet.com\/wp-content\/uploads\/2023\/11\/QQ\u56fe\u724720190509153959_\u526f\u672c.jpg\" alt=\"\" width=\"800\" height=\"800\" srcset=\"https:\/\/dkfishingnet.com\/wp-content\/uploads\/2023\/11\/QQ\u56fe\u724720190509153959_\u526f\u672c.jpg 800w, https:\/\/dkfishingnet.com\/wp-content\/uploads\/2023\/11\/QQ\u56fe\u724720190509153959_\u526f\u672c-300x300.jpg 300w, https:\/\/dkfishingnet.com\/wp-content\/uploads\/2023\/11\/QQ\u56fe\u724720190509153959_\u526f\u672c-100x100.jpg 100w, https:\/\/dkfishingnet.com\/wp-content\/uploads\/2023\/11\/QQ\u56fe\u724720190509153959_\u526f\u672c-600x600.jpg 600w, https:\/\/dkfishingnet.com\/wp-content\/uploads\/2023\/11\/QQ\u56fe\u724720190509153959_\u526f\u672c-150x150.jpg 150w, https:\/\/dkfishingnet.com\/wp-content\/uploads\/2023\/11\/QQ\u56fe\u724720190509153959_\u526f\u672c-768x768.jpg 768w\" sizes=\"(max-width: 800px) 100vw, 800px\" \/><img decoding=\"async\" class=\"alignnone size-full wp-image-701\" src=\"http:\/\/dkfishingnet.com\/wp-content\/uploads\/2023\/11\/QQ\u56fe\u724720190509154003_\u526f\u672c.jpg\" alt=\"\" width=\"800\" height=\"800\" srcset=\"https:\/\/dkfishingnet.com\/wp-content\/uploads\/2023\/11\/QQ\u56fe\u724720190509154003_\u526f\u672c.jpg 800w, https:\/\/dkfishingnet.com\/wp-content\/uploads\/2023\/11\/QQ\u56fe\u724720190509154003_\u526f\u672c-300x300.jpg 300w, https:\/\/dkfishingnet.com\/wp-content\/uploads\/2023\/11\/QQ\u56fe\u724720190509154003_\u526f\u672c-100x100.jpg 100w, https:\/\/dkfishingnet.com\/wp-content\/uploads\/2023\/11\/QQ\u56fe\u724720190509154003_\u526f\u672c-600x600.jpg 600w, https:\/\/dkfishingnet.com\/wp-content\/uploads\/2023\/11\/QQ\u56fe\u724720190509154003_\u526f\u672c-150x150.jpg 150w, https:\/\/dkfishingnet.com\/wp-content\/uploads\/2023\/11\/QQ\u56fe\u724720190509154003_\u526f\u672c-768x768.jpg 768w\" sizes=\"(max-width: 800px) 100vw, 800px\" \/><img decoding=\"async\" class=\"alignnone size-full wp-image-702\" src=\"http:\/\/dkfishingnet.com\/wp-content\/uploads\/2023\/11\/TIM\u56fe\u724720200417162420_\u526f\u672c.jpg\" alt=\"\" width=\"800\" height=\"800\" srcset=\"https:\/\/dkfishingnet.com\/wp-content\/uploads\/2023\/11\/TIM\u56fe\u724720200417162420_\u526f\u672c.jpg 800w, https:\/\/dkfishingnet.com\/wp-content\/uploads\/2023\/11\/TIM\u56fe\u724720200417162420_\u526f\u672c-300x300.jpg 300w, https:\/\/dkfishingnet.com\/wp-content\/uploads\/2023\/11\/TIM\u56fe\u724720200417162420_\u526f\u672c-100x100.jpg 100w, https:\/\/dkfishingnet.com\/wp-content\/uploads\/2023\/11\/TIM\u56fe\u724720200417162420_\u526f\u672c-600x600.jpg 600w, https:\/\/dkfishingnet.com\/wp-content\/uploads\/2023\/11\/TIM\u56fe\u724720200417162420_\u526f\u672c-150x150.jpg 150w, https:\/\/dkfishingnet.com\/wp-content\/uploads\/2023\/11\/TIM\u56fe\u724720200417162420_\u526f\u672c-768x768.jpg 768w\" sizes=\"(max-width: 800px) 100vw, 800px\" \/><\/p>","protected":false},"excerpt":{"rendered":"<p>ryb\u00e1\u0159sk\u00e1 \u017eabern\u00ed s\u00ed\u0165 Nylonov\u00e9 monofiln\u00ed vl\u00e1kno je utk\u00e1no z nylonov\u00e9ho monofilu. Tento typ \u017eabern\u00ed s\u00edt\u011b se b\u011b\u017en\u011b pou\u017e\u00edv\u00e1 k lovu mal\u00fdch ryb a d\u00edky sv\u00e9 konstrukci je vhodn\u00fd pro r\u016fzn\u00e9 druhy rybolovu a ryb\u00e1\u0159sk\u00e9 prost\u0159ed\u00ed. D\u00edky nylonov\u00e9mu materi\u00e1lu je \u017eabern\u00ed s\u00ed\u0165 pevn\u00e1 a odoln\u00e1, ale z\u00e1rove\u0148 dostate\u010dn\u011b pru\u017en\u00e1, aby zvl\u00e1dla tah\u00e1n\u00ed a natahov\u00e1n\u00ed p\u0159i lovu. Tento typ ryb\u00e1\u0159sk\u00e9 s\u00edt\u011b se \u0161iroce pou\u017e\u00edv\u00e1 p\u0159i mnoha r\u016fzn\u00fdch rybolovn\u00fdch \u010dinnostech.<\/p>","protected":false},"featured_media":699,"template":"","meta":{"site-sidebar-layout":"default","site-content-layout":"","ast-site-content-layout":"default","site-content-style":"default","site-sidebar-style":"default","ast-global-header-display":"","ast-banner-title-visibility":"","ast-main-header-display":"","ast-hfb-above-header-display":"","ast-hfb-below-header-display":"","ast-hfb-mobile-header-display":"","site-post-title":"","ast-breadcrumbs-content":"","ast-featured-img":"","footer-sml-layout":"","theme-transparent-header-meta":"default","adv-header-id-meta":"","stick-header-meta":"","header-above-stick-meta":"","header-main-stick-meta":"","header-below-stick-meta":"","astra-migrate-meta-layouts":"set","ast-page-background-enabled":"default","ast-page-background-meta":{"desktop":{"background-color":"","background-image":"","background-repeat":"repeat","background-position":"center center","background-size":"auto","background-attachment":"scroll","background-type":"","background-media":"","overlay-type":"","overlay-color":"","overlay-gradient":""},"tablet":{"background-color":"","background-image":"","background-repeat":"repeat","background-position":"center center","background-size":"auto","background-attachment":"scroll","background-type":"","background-media":"","overlay-type":"","overlay-color":"","overlay-gradient":""},"mobile":{"background-color":"","background-image":"","background-repeat":"repeat","background-position":"center center","background-size":"auto","background-attachment":"scroll","background-type":"","background-media":"","overlay-type":"","overlay-color":"","overlay-gradient":""}},"ast-content-background-meta":{"desktop":{"background-color":"var(--ast-global-color-5)","background-image":"","background-repeat":"repeat","background-position":"center center","background-size":"auto","background-attachment":"scroll","background-type":"","background-media":"","overlay-type":"","overlay-color":"","overlay-gradient":""},"tablet":{"background-color":"var(--ast-global-color-5)","background-image":"","background-repeat":"repeat","background-position":"center center","background-size":"auto","background-attachment":"scroll","background-type":"","background-media":"","overlay-type":"","overlay-color":"","overlay-gradient":""},"mobile":{"background-color":"var(--ast-global-color-5)","background-image":"","background-repeat":"repeat","background-position":"center center","background-size":"auto","background-attachment":"scroll","background-type":"","background-media":"","overlay-type":"","overlay-color":"","overlay-gradient":""}}},"product_cat":[26,20],"product_tag":[],"_links":{"self":[{"href":"https:\/\/dkfishingnet.com\/cs\/wp-json\/wp\/v2\/product\/698"}],"collection":[{"href":"https:\/\/dkfishingnet.com\/cs\/wp-json\/wp\/v2\/product"}],"about":[{"href":"https:\/\/dkfishingnet.com\/cs\/wp-json\/wp\/v2\/types\/product"}],"wp:featuredmedia":[{"embeddable":true,"href":"https:\/\/dkfishingnet.com\/cs\/wp-json\/wp\/v2\/media\/699"}],"wp:attachment":[{"href":"https:\/\/dkfishingnet.com\/cs\/wp-json\/wp\/v2\/media?parent=698"}],"wp:term":[{"taxonomy":"product_cat","embeddable":true,"href":"https:\/\/dkfishingnet.com\/cs\/wp-json\/wp\/v2\/product_cat?post=698"},{"taxonomy":"product_tag","embeddable":true,"href":"https:\/\/dkfishingnet.com\/cs\/wp-json\/wp\/v2\/product_tag?post=698"}],"curies":[{"name":"wp","href":"https:\/\/api.w.org\/{rel}","templated":true}]}}