{"id":649,"date":"2023-11-22T22:41:12","date_gmt":"2023-11-22T14:41:12","guid":{"rendered":"https:\/\/dkfishingnet.com\/?post_type=product&#038;p=649"},"modified":"2023-11-30T10:37:15","modified_gmt":"2023-11-30T02:37:15","slug":"commercial-fishing-casting-net","status":"publish","type":"product","link":"https:\/\/dkfishingnet.com\/da\/vare\/commercial-fishing-casting-net\/","title":{"rendered":"Kastenet til kommercielt fiskeri"},"content":{"rendered":"<p>Funktionsprincippet i et kommercielt fiskekaste-net er at bruge nettets form og tyngdekraft til at d\u00e6kke fisken og fange den. N\u00e5r brugeren kaster nettet mod vandet, \u00e5bner det sig hurtigt og danner en form, der ligner en tragt. Under flugtprocessen vil fisken blive begr\u00e6nset af nettets form og sp\u00e6nding og blive fanget i nettet. P\u00e5 dette tidspunkt kan brugeren \u00e6ndre nettets sp\u00e6nding og position ved at tr\u00e6kke i rigningen, hvilket yderligere kontrollerer fangsteffekten. Til sidst tr\u00e6kker brugeren nettet tilbage i h\u00e5nden, h\u00e6lder fisken ud og afslutter fangstprocessen.<\/p>\n<p>&nbsp;<\/p>\n<p>&nbsp;<\/p>\n<p><img fetchpriority=\"high\" decoding=\"async\" class=\"alignnone size-full wp-image-653\" src=\"http:\/\/dkfishingnet.com\/wp-content\/uploads\/2023\/11\/\u5fae\u4fe1\u56fe\u7247_20211014105204.jpg\" alt=\"Fishing throw nets\" width=\"800\" height=\"800\" srcset=\"https:\/\/dkfishingnet.com\/wp-content\/uploads\/2023\/11\/\u5fae\u4fe1\u56fe\u7247_20211014105204.jpg 800w, https:\/\/dkfishingnet.com\/wp-content\/uploads\/2023\/11\/\u5fae\u4fe1\u56fe\u7247_20211014105204-300x300.jpg 300w, https:\/\/dkfishingnet.com\/wp-content\/uploads\/2023\/11\/\u5fae\u4fe1\u56fe\u7247_20211014105204-100x100.jpg 100w, https:\/\/dkfishingnet.com\/wp-content\/uploads\/2023\/11\/\u5fae\u4fe1\u56fe\u7247_20211014105204-600x600.jpg 600w, https:\/\/dkfishingnet.com\/wp-content\/uploads\/2023\/11\/\u5fae\u4fe1\u56fe\u7247_20211014105204-150x150.jpg 150w, https:\/\/dkfishingnet.com\/wp-content\/uploads\/2023\/11\/\u5fae\u4fe1\u56fe\u7247_20211014105204-768x768.jpg 768w\" sizes=\"(max-width: 800px) 100vw, 800px\" \/><img decoding=\"async\" class=\"alignnone wp-image-1044 size-full\" style=\"font-weight: inherit\" src=\"http:\/\/dkfishingnet.com\/wp-content\/uploads\/2023\/11\/\u7f8e\u5f0f\u5546\u75281.jpg\" alt=\"\" width=\"800\" height=\"800\" srcset=\"https:\/\/dkfishingnet.com\/wp-content\/uploads\/2023\/11\/\u7f8e\u5f0f\u5546\u75281.jpg 800w, https:\/\/dkfishingnet.com\/wp-content\/uploads\/2023\/11\/\u7f8e\u5f0f\u5546\u75281-150x150.jpg 150w, https:\/\/dkfishingnet.com\/wp-content\/uploads\/2023\/11\/\u7f8e\u5f0f\u5546\u75281-768x768.jpg 768w, https:\/\/dkfishingnet.com\/wp-content\/uploads\/2023\/11\/\u7f8e\u5f0f\u5546\u75281-12x12.jpg 12w, https:\/\/dkfishingnet.com\/wp-content\/uploads\/2023\/11\/\u7f8e\u5f0f\u5546\u75281-300x300.jpg 300w, https:\/\/dkfishingnet.com\/wp-content\/uploads\/2023\/11\/\u7f8e\u5f0f\u5546\u75281-600x600.jpg 600w, https:\/\/dkfishingnet.com\/wp-content\/uploads\/2023\/11\/\u7f8e\u5f0f\u5546\u75281-100x100.jpg 100w\" sizes=\"(max-width: 800px) 100vw, 800px\" \/><\/p>","protected":false},"excerpt":{"rendered":"<p>Funktionsprincippet i et kommercielt fiskekaste-net er at bruge nettets form og tyngdekraft til at d\u00e6kke fisken og fange den. N\u00e5r brugeren kaster nettet mod vandet, \u00e5bner det sig hurtigt og danner en form, der ligner en tragt. Under flugtprocessen vil fisken blive begr\u00e6nset af nettets form og sp\u00e6nding og blive fanget i nettet. P\u00e5 dette tidspunkt kan brugeren \u00e6ndre nettets sp\u00e6nding og position ved at tr\u00e6kke i rigningen, hvilket yderligere kontrollerer fangsteffekten. Til sidst tr\u00e6kker brugeren nettet tilbage i h\u00e5nden, h\u00e6lder fisken ud og afslutter fangstprocessen.<\/p>","protected":false},"featured_media":1043,"template":"","meta":{"site-sidebar-layout":"default","site-content-layout":"","ast-site-content-layout":"default","site-content-style":"default","site-sidebar-style":"default","ast-global-header-display":"","ast-banner-title-visibility":"","ast-main-header-display":"","ast-hfb-above-header-display":"","ast-hfb-below-header-display":"","ast-hfb-mobile-header-display":"","site-post-title":"","ast-breadcrumbs-content":"","ast-featured-img":"","footer-sml-layout":"","theme-transparent-header-meta":"default","adv-header-id-meta":"","stick-header-meta":"","header-above-stick-meta":"","header-main-stick-meta":"","header-below-stick-meta":"","astra-migrate-meta-layouts":"set","ast-page-background-enabled":"default","ast-page-background-meta":{"desktop":{"background-color":"","background-image":"","background-repeat":"repeat","background-position":"center center","background-size":"auto","background-attachment":"scroll","background-type":"","background-media":"","overlay-type":"","overlay-color":"","overlay-gradient":""},"tablet":{"background-color":"","background-image":"","background-repeat":"repeat","background-position":"center center","background-size":"auto","background-attachment":"scroll","background-type":"","background-media":"","overlay-type":"","overlay-color":"","overlay-gradient":""},"mobile":{"background-color":"","background-image":"","background-repeat":"repeat","background-position":"center center","background-size":"auto","background-attachment":"scroll","background-type":"","background-media":"","overlay-type":"","overlay-color":"","overlay-gradient":""}},"ast-content-background-meta":{"desktop":{"background-color":"var(--ast-global-color-5)","background-image":"","background-repeat":"repeat","background-position":"center center","background-size":"auto","background-attachment":"scroll","background-type":"","background-media":"","overlay-type":"","overlay-color":"","overlay-gradient":""},"tablet":{"background-color":"var(--ast-global-color-5)","background-image":"","background-repeat":"repeat","background-position":"center center","background-size":"auto","background-attachment":"scroll","background-type":"","background-media":"","overlay-type":"","overlay-color":"","overlay-gradient":""},"mobile":{"background-color":"var(--ast-global-color-5)","background-image":"","background-repeat":"repeat","background-position":"center center","background-size":"auto","background-attachment":"scroll","background-type":"","background-media":"","overlay-type":"","overlay-color":"","overlay-gradient":""}}},"product_cat":[19,24],"product_tag":[32,31],"_links":{"self":[{"href":"https:\/\/dkfishingnet.com\/da\/wp-json\/wp\/v2\/product\/649"}],"collection":[{"href":"https:\/\/dkfishingnet.com\/da\/wp-json\/wp\/v2\/product"}],"about":[{"href":"https:\/\/dkfishingnet.com\/da\/wp-json\/wp\/v2\/types\/product"}],"wp:featuredmedia":[{"embeddable":true,"href":"https:\/\/dkfishingnet.com\/da\/wp-json\/wp\/v2\/media\/1043"}],"wp:attachment":[{"href":"https:\/\/dkfishingnet.com\/da\/wp-json\/wp\/v2\/media?parent=649"}],"wp:term":[{"taxonomy":"product_cat","embeddable":true,"href":"https:\/\/dkfishingnet.com\/da\/wp-json\/wp\/v2\/product_cat?post=649"},{"taxonomy":"product_tag","embeddable":true,"href":"https:\/\/dkfishingnet.com\/da\/wp-json\/wp\/v2\/product_tag?post=649"}],"curies":[{"name":"wp","href":"https:\/\/api.w.org\/{rel}","templated":true}]}}