{"id":750,"date":"2023-11-22T23:45:39","date_gmt":"2023-11-22T15:45:39","guid":{"rendered":"https:\/\/dkfishingnet.com\/?post_type=product&#038;p=750"},"modified":"2023-11-22T23:45:49","modified_gmt":"2023-11-22T15:45:49","slug":"round-fish-cage-crab-trap","status":"publish","type":"product","link":"https:\/\/dkfishingnet.com\/da\/vare\/round-fish-cage-crab-trap\/","title":{"rendered":"Rund krabbef\u00e6lde med fiskebur"},"content":{"rendered":"<p>En rund krabbef\u00e6lde er et fiskeredskab, der bruges til at fange fisk og krabber. Den er rund eller cylindrisk i formen. Denne type fiskeredskab er generelt lavet af metaltr\u00e5d, plasttr\u00e5d eller andre holdbare materialer, der danner en burlignende struktur. Fiskere l\u00e6gger normalt madding i et bur og placerer derefter buret i vandet. N\u00e5r en fisk eller krabbe f\u00f8rst er tiltrukket af et bur, er det sv\u00e6rt for dem at slippe ud, n\u00e5r de f\u00f8rst er inde i det.<\/p>\n<p>Dette design er enkelt og effektivt og bruges i vid udstr\u00e6kning til fiskeriaktiviteter. Runde fiskekasser og krabbekasser passer til forskellige farvande og fiskem\u00e5l og er et af de almindelige redskaber, som fiskere bruger i fiskeprocessen.<\/p>\n<p><img fetchpriority=\"high\" decoding=\"async\" class=\"alignnone size-medium wp-image-756\" src=\"http:\/\/dkfishingnet.com\/wp-content\/uploads\/2023\/11\/TIM\u56fe\u724720200623163540-1.jpg\" alt=\"\" width=\"800\" height=\"800\" srcset=\"https:\/\/dkfishingnet.com\/wp-content\/uploads\/2023\/11\/TIM\u56fe\u724720200623163540-1.jpg 800w, https:\/\/dkfishingnet.com\/wp-content\/uploads\/2023\/11\/TIM\u56fe\u724720200623163540-1-300x300.jpg 300w, https:\/\/dkfishingnet.com\/wp-content\/uploads\/2023\/11\/TIM\u56fe\u724720200623163540-1-100x100.jpg 100w, https:\/\/dkfishingnet.com\/wp-content\/uploads\/2023\/11\/TIM\u56fe\u724720200623163540-1-600x600.jpg 600w, https:\/\/dkfishingnet.com\/wp-content\/uploads\/2023\/11\/TIM\u56fe\u724720200623163540-1-150x150.jpg 150w, https:\/\/dkfishingnet.com\/wp-content\/uploads\/2023\/11\/TIM\u56fe\u724720200623163540-1-768x768.jpg 768w\" sizes=\"(max-width: 800px) 100vw, 800px\" \/> <img decoding=\"async\" class=\"alignnone size-medium wp-image-757\" src=\"http:\/\/dkfishingnet.com\/wp-content\/uploads\/2023\/11\/TIM\u56fe\u724720200623163600.jpg\" alt=\"\" width=\"800\" height=\"800\" srcset=\"https:\/\/dkfishingnet.com\/wp-content\/uploads\/2023\/11\/TIM\u56fe\u724720200623163600.jpg 800w, https:\/\/dkfishingnet.com\/wp-content\/uploads\/2023\/11\/TIM\u56fe\u724720200623163600-300x300.jpg 300w, https:\/\/dkfishingnet.com\/wp-content\/uploads\/2023\/11\/TIM\u56fe\u724720200623163600-100x100.jpg 100w, https:\/\/dkfishingnet.com\/wp-content\/uploads\/2023\/11\/TIM\u56fe\u724720200623163600-600x600.jpg 600w, https:\/\/dkfishingnet.com\/wp-content\/uploads\/2023\/11\/TIM\u56fe\u724720200623163600-150x150.jpg 150w, https:\/\/dkfishingnet.com\/wp-content\/uploads\/2023\/11\/TIM\u56fe\u724720200623163600-768x768.jpg 768w\" sizes=\"(max-width: 800px) 100vw, 800px\" \/> <img decoding=\"async\" class=\"alignnone size-medium wp-image-758\" src=\"http:\/\/dkfishingnet.com\/wp-content\/uploads\/2023\/11\/TIM\u56fe\u724720200623163619-1.jpg\" alt=\"\" width=\"800\" height=\"800\" srcset=\"https:\/\/dkfishingnet.com\/wp-content\/uploads\/2023\/11\/TIM\u56fe\u724720200623163619-1.jpg 800w, https:\/\/dkfishingnet.com\/wp-content\/uploads\/2023\/11\/TIM\u56fe\u724720200623163619-1-300x300.jpg 300w, https:\/\/dkfishingnet.com\/wp-content\/uploads\/2023\/11\/TIM\u56fe\u724720200623163619-1-100x100.jpg 100w, https:\/\/dkfishingnet.com\/wp-content\/uploads\/2023\/11\/TIM\u56fe\u724720200623163619-1-600x600.jpg 600w, https:\/\/dkfishingnet.com\/wp-content\/uploads\/2023\/11\/TIM\u56fe\u724720200623163619-1-150x150.jpg 150w, https:\/\/dkfishingnet.com\/wp-content\/uploads\/2023\/11\/TIM\u56fe\u724720200623163619-1-768x768.jpg 768w\" sizes=\"(max-width: 800px) 100vw, 800px\" \/><\/p>\n<p><img loading=\"lazy\" decoding=\"async\" class=\"alignnone size-full wp-image-753\" src=\"http:\/\/dkfishingnet.com\/wp-content\/uploads\/2023\/11\/QQ\u56fe\u724720211116095805.jpg\" alt=\"\" width=\"800\" height=\"800\" srcset=\"https:\/\/dkfishingnet.com\/wp-content\/uploads\/2023\/11\/QQ\u56fe\u724720211116095805.jpg 800w, https:\/\/dkfishingnet.com\/wp-content\/uploads\/2023\/11\/QQ\u56fe\u724720211116095805-300x300.jpg 300w, https:\/\/dkfishingnet.com\/wp-content\/uploads\/2023\/11\/QQ\u56fe\u724720211116095805-100x100.jpg 100w, https:\/\/dkfishingnet.com\/wp-content\/uploads\/2023\/11\/QQ\u56fe\u724720211116095805-600x600.jpg 600w, https:\/\/dkfishingnet.com\/wp-content\/uploads\/2023\/11\/QQ\u56fe\u724720211116095805-150x150.jpg 150w, https:\/\/dkfishingnet.com\/wp-content\/uploads\/2023\/11\/QQ\u56fe\u724720211116095805-768x768.jpg 768w\" sizes=\"(max-width: 800px) 100vw, 800px\" \/><\/p>","protected":false},"excerpt":{"rendered":"<p>En rund krabbef\u00e6lde er et fiskeredskab, der bruges til at fange fisk og krabber. Den er rund eller cylindrisk i formen. Denne type fiskeredskab er generelt lavet af metaltr\u00e5d, plasttr\u00e5d eller andre holdbare materialer, der danner en burlignende struktur. Fiskere l\u00e6gger normalt madding i et bur og placerer derefter buret i vandet. N\u00e5r en fisk eller krabbe f\u00f8rst er tiltrukket af et bur, er det sv\u00e6rt for dem at slippe ud, n\u00e5r de f\u00f8rst er inde i det.<\/p>\n<p>Dette design er enkelt og effektivt og bruges i vid udstr\u00e6kning til fiskeriaktiviteter. Runde fiskekasser og krabbekasser passer til forskellige farvande og fiskem\u00e5l og er et af de almindelige redskaber, som fiskere bruger i fiskeprocessen.<\/p>","protected":false},"featured_media":751,"template":"","meta":{"site-sidebar-layout":"default","site-content-layout":"","ast-site-content-layout":"default","site-content-style":"default","site-sidebar-style":"default","ast-global-header-display":"","ast-banner-title-visibility":"","ast-main-header-display":"","ast-hfb-above-header-display":"","ast-hfb-below-header-display":"","ast-hfb-mobile-header-display":"","site-post-title":"","ast-breadcrumbs-content":"","ast-featured-img":"","footer-sml-layout":"","theme-transparent-header-meta":"default","adv-header-id-meta":"","stick-header-meta":"","header-above-stick-meta":"","header-main-stick-meta":"","header-below-stick-meta":"","astra-migrate-meta-layouts":"set","ast-page-background-enabled":"default","ast-page-background-meta":{"desktop":{"background-color":"","background-image":"","background-repeat":"repeat","background-position":"center center","background-size":"auto","background-attachment":"scroll","background-type":"","background-media":"","overlay-type":"","overlay-color":"","overlay-gradient":""},"tablet":{"background-color":"","background-image":"","background-repeat":"repeat","background-position":"center center","background-size":"auto","background-attachment":"scroll","background-type":"","background-media":"","overlay-type":"","overlay-color":"","overlay-gradient":""},"mobile":{"background-color":"","background-image":"","background-repeat":"repeat","background-position":"center center","background-size":"auto","background-attachment":"scroll","background-type":"","background-media":"","overlay-type":"","overlay-color":"","overlay-gradient":""}},"ast-content-background-meta":{"desktop":{"background-color":"var(--ast-global-color-5)","background-image":"","background-repeat":"repeat","background-position":"center center","background-size":"auto","background-attachment":"scroll","background-type":"","background-media":"","overlay-type":"","overlay-color":"","overlay-gradient":""},"tablet":{"background-color":"var(--ast-global-color-5)","background-image":"","background-repeat":"repeat","background-position":"center center","background-size":"auto","background-attachment":"scroll","background-type":"","background-media":"","overlay-type":"","overlay-color":"","overlay-gradient":""},"mobile":{"background-color":"var(--ast-global-color-5)","background-image":"","background-repeat":"repeat","background-position":"center center","background-size":"auto","background-attachment":"scroll","background-type":"","background-media":"","overlay-type":"","overlay-color":"","overlay-gradient":""}}},"product_cat":[29],"product_tag":[],"_links":{"self":[{"href":"https:\/\/dkfishingnet.com\/da\/wp-json\/wp\/v2\/product\/750"}],"collection":[{"href":"https:\/\/dkfishingnet.com\/da\/wp-json\/wp\/v2\/product"}],"about":[{"href":"https:\/\/dkfishingnet.com\/da\/wp-json\/wp\/v2\/types\/product"}],"wp:featuredmedia":[{"embeddable":true,"href":"https:\/\/dkfishingnet.com\/da\/wp-json\/wp\/v2\/media\/751"}],"wp:attachment":[{"href":"https:\/\/dkfishingnet.com\/da\/wp-json\/wp\/v2\/media?parent=750"}],"wp:term":[{"taxonomy":"product_cat","embeddable":true,"href":"https:\/\/dkfishingnet.com\/da\/wp-json\/wp\/v2\/product_cat?post=750"},{"taxonomy":"product_tag","embeddable":true,"href":"https:\/\/dkfishingnet.com\/da\/wp-json\/wp\/v2\/product_tag?post=750"}],"curies":[{"name":"wp","href":"https:\/\/api.w.org\/{rel}","templated":true}]}}