{"id":750,"date":"2023-11-22T23:45:39","date_gmt":"2023-11-22T15:45:39","guid":{"rendered":"https:\/\/dkfishingnet.com\/?post_type=product&#038;p=750"},"modified":"2023-11-22T23:45:49","modified_gmt":"2023-11-22T15:45:49","slug":"round-fish-cage-crab-trap","status":"publish","type":"product","link":"https:\/\/dkfishingnet.com\/es\/producto\/round-fish-cage-crab-trap\/","title":{"rendered":"Jaula redonda para cangrejos"},"content":{"rendered":"<p>Una jaula redonda para cangrejos es un arte de pesca utilizado para capturar peces y cangrejos. Tiene forma redonda o cil\u00edndrica. Este tipo de arte de pesca suele estar hecho de alambre met\u00e1lico, alambre de pl\u00e1stico u otros materiales duraderos que forman una estructura similar a una jaula. Los pescadores suelen poner cebo en la jaula y luego la colocan en el agua. Una vez que un pez o cangrejo se siente atra\u00eddo por la jaula, le resultar\u00e1 dif\u00edcil escapar una vez dentro.<\/p>\n<p>Este dise\u00f1o es sencillo y eficaz, y se utiliza mucho en las actividades pesqueras. Las nasas redondas para peces y las nasas para cangrejos se adaptan a diferentes aguas y objetivos de pesca, y son una de las herramientas habituales utilizadas por los pescadores en el proceso de pesca.<\/p>\n<p><img fetchpriority=\"high\" decoding=\"async\" class=\"alignnone size-medium wp-image-756\" src=\"http:\/\/dkfishingnet.com\/wp-content\/uploads\/2023\/11\/TIM\u56fe\u724720200623163540-1.jpg\" alt=\"\" width=\"800\" height=\"800\" srcset=\"https:\/\/dkfishingnet.com\/wp-content\/uploads\/2023\/11\/TIM\u56fe\u724720200623163540-1.jpg 800w, https:\/\/dkfishingnet.com\/wp-content\/uploads\/2023\/11\/TIM\u56fe\u724720200623163540-1-300x300.jpg 300w, https:\/\/dkfishingnet.com\/wp-content\/uploads\/2023\/11\/TIM\u56fe\u724720200623163540-1-100x100.jpg 100w, https:\/\/dkfishingnet.com\/wp-content\/uploads\/2023\/11\/TIM\u56fe\u724720200623163540-1-600x600.jpg 600w, https:\/\/dkfishingnet.com\/wp-content\/uploads\/2023\/11\/TIM\u56fe\u724720200623163540-1-150x150.jpg 150w, https:\/\/dkfishingnet.com\/wp-content\/uploads\/2023\/11\/TIM\u56fe\u724720200623163540-1-768x768.jpg 768w\" sizes=\"(max-width: 800px) 100vw, 800px\" \/> <img decoding=\"async\" class=\"alignnone size-medium wp-image-757\" src=\"http:\/\/dkfishingnet.com\/wp-content\/uploads\/2023\/11\/TIM\u56fe\u724720200623163600.jpg\" alt=\"\" width=\"800\" height=\"800\" srcset=\"https:\/\/dkfishingnet.com\/wp-content\/uploads\/2023\/11\/TIM\u56fe\u724720200623163600.jpg 800w, https:\/\/dkfishingnet.com\/wp-content\/uploads\/2023\/11\/TIM\u56fe\u724720200623163600-300x300.jpg 300w, https:\/\/dkfishingnet.com\/wp-content\/uploads\/2023\/11\/TIM\u56fe\u724720200623163600-100x100.jpg 100w, https:\/\/dkfishingnet.com\/wp-content\/uploads\/2023\/11\/TIM\u56fe\u724720200623163600-600x600.jpg 600w, https:\/\/dkfishingnet.com\/wp-content\/uploads\/2023\/11\/TIM\u56fe\u724720200623163600-150x150.jpg 150w, https:\/\/dkfishingnet.com\/wp-content\/uploads\/2023\/11\/TIM\u56fe\u724720200623163600-768x768.jpg 768w\" sizes=\"(max-width: 800px) 100vw, 800px\" \/> <img decoding=\"async\" class=\"alignnone size-medium wp-image-758\" src=\"http:\/\/dkfishingnet.com\/wp-content\/uploads\/2023\/11\/TIM\u56fe\u724720200623163619-1.jpg\" alt=\"\" width=\"800\" height=\"800\" srcset=\"https:\/\/dkfishingnet.com\/wp-content\/uploads\/2023\/11\/TIM\u56fe\u724720200623163619-1.jpg 800w, https:\/\/dkfishingnet.com\/wp-content\/uploads\/2023\/11\/TIM\u56fe\u724720200623163619-1-300x300.jpg 300w, https:\/\/dkfishingnet.com\/wp-content\/uploads\/2023\/11\/TIM\u56fe\u724720200623163619-1-100x100.jpg 100w, https:\/\/dkfishingnet.com\/wp-content\/uploads\/2023\/11\/TIM\u56fe\u724720200623163619-1-600x600.jpg 600w, https:\/\/dkfishingnet.com\/wp-content\/uploads\/2023\/11\/TIM\u56fe\u724720200623163619-1-150x150.jpg 150w, https:\/\/dkfishingnet.com\/wp-content\/uploads\/2023\/11\/TIM\u56fe\u724720200623163619-1-768x768.jpg 768w\" sizes=\"(max-width: 800px) 100vw, 800px\" \/><\/p>\n<p><img loading=\"lazy\" decoding=\"async\" class=\"alignnone size-full wp-image-753\" src=\"http:\/\/dkfishingnet.com\/wp-content\/uploads\/2023\/11\/QQ\u56fe\u724720211116095805.jpg\" alt=\"\" width=\"800\" height=\"800\" srcset=\"https:\/\/dkfishingnet.com\/wp-content\/uploads\/2023\/11\/QQ\u56fe\u724720211116095805.jpg 800w, https:\/\/dkfishingnet.com\/wp-content\/uploads\/2023\/11\/QQ\u56fe\u724720211116095805-300x300.jpg 300w, https:\/\/dkfishingnet.com\/wp-content\/uploads\/2023\/11\/QQ\u56fe\u724720211116095805-100x100.jpg 100w, https:\/\/dkfishingnet.com\/wp-content\/uploads\/2023\/11\/QQ\u56fe\u724720211116095805-600x600.jpg 600w, https:\/\/dkfishingnet.com\/wp-content\/uploads\/2023\/11\/QQ\u56fe\u724720211116095805-150x150.jpg 150w, https:\/\/dkfishingnet.com\/wp-content\/uploads\/2023\/11\/QQ\u56fe\u724720211116095805-768x768.jpg 768w\" sizes=\"(max-width: 800px) 100vw, 800px\" \/><\/p>","protected":false},"excerpt":{"rendered":"<p>Una jaula redonda para cangrejos es un arte de pesca utilizado para capturar peces y cangrejos. Tiene forma redonda o cil\u00edndrica. Este tipo de arte de pesca suele estar hecho de alambre met\u00e1lico, alambre de pl\u00e1stico u otros materiales duraderos que forman una estructura similar a una jaula. Los pescadores suelen poner cebo en la jaula y luego la colocan en el agua. Una vez que un pez o cangrejo se siente atra\u00eddo por la jaula, le resultar\u00e1 dif\u00edcil escapar una vez dentro.<\/p>\n<p>Este dise\u00f1o es sencillo y eficaz, y se utiliza mucho en las actividades pesqueras. Las nasas redondas para peces y las nasas para cangrejos se adaptan a diferentes aguas y objetivos de pesca, y son una de las herramientas habituales utilizadas por los pescadores en el proceso de pesca.<\/p>","protected":false},"featured_media":751,"template":"","meta":{"site-sidebar-layout":"default","site-content-layout":"","ast-site-content-layout":"default","site-content-style":"default","site-sidebar-style":"default","ast-global-header-display":"","ast-banner-title-visibility":"","ast-main-header-display":"","ast-hfb-above-header-display":"","ast-hfb-below-header-display":"","ast-hfb-mobile-header-display":"","site-post-title":"","ast-breadcrumbs-content":"","ast-featured-img":"","footer-sml-layout":"","theme-transparent-header-meta":"default","adv-header-id-meta":"","stick-header-meta":"","header-above-stick-meta":"","header-main-stick-meta":"","header-below-stick-meta":"","astra-migrate-meta-layouts":"set","ast-page-background-enabled":"default","ast-page-background-meta":{"desktop":{"background-color":"","background-image":"","background-repeat":"repeat","background-position":"center center","background-size":"auto","background-attachment":"scroll","background-type":"","background-media":"","overlay-type":"","overlay-color":"","overlay-gradient":""},"tablet":{"background-color":"","background-image":"","background-repeat":"repeat","background-position":"center center","background-size":"auto","background-attachment":"scroll","background-type":"","background-media":"","overlay-type":"","overlay-color":"","overlay-gradient":""},"mobile":{"background-color":"","background-image":"","background-repeat":"repeat","background-position":"center center","background-size":"auto","background-attachment":"scroll","background-type":"","background-media":"","overlay-type":"","overlay-color":"","overlay-gradient":""}},"ast-content-background-meta":{"desktop":{"background-color":"var(--ast-global-color-5)","background-image":"","background-repeat":"repeat","background-position":"center center","background-size":"auto","background-attachment":"scroll","background-type":"","background-media":"","overlay-type":"","overlay-color":"","overlay-gradient":""},"tablet":{"background-color":"var(--ast-global-color-5)","background-image":"","background-repeat":"repeat","background-position":"center center","background-size":"auto","background-attachment":"scroll","background-type":"","background-media":"","overlay-type":"","overlay-color":"","overlay-gradient":""},"mobile":{"background-color":"var(--ast-global-color-5)","background-image":"","background-repeat":"repeat","background-position":"center center","background-size":"auto","background-attachment":"scroll","background-type":"","background-media":"","overlay-type":"","overlay-color":"","overlay-gradient":""}}},"product_cat":[29],"product_tag":[],"_links":{"self":[{"href":"https:\/\/dkfishingnet.com\/es\/wp-json\/wp\/v2\/product\/750"}],"collection":[{"href":"https:\/\/dkfishingnet.com\/es\/wp-json\/wp\/v2\/product"}],"about":[{"href":"https:\/\/dkfishingnet.com\/es\/wp-json\/wp\/v2\/types\/product"}],"wp:featuredmedia":[{"embeddable":true,"href":"https:\/\/dkfishingnet.com\/es\/wp-json\/wp\/v2\/media\/751"}],"wp:attachment":[{"href":"https:\/\/dkfishingnet.com\/es\/wp-json\/wp\/v2\/media?parent=750"}],"wp:term":[{"taxonomy":"product_cat","embeddable":true,"href":"https:\/\/dkfishingnet.com\/es\/wp-json\/wp\/v2\/product_cat?post=750"},{"taxonomy":"product_tag","embeddable":true,"href":"https:\/\/dkfishingnet.com\/es\/wp-json\/wp\/v2\/product_tag?post=750"}],"curies":[{"name":"wp","href":"https:\/\/api.w.org\/{rel}","templated":true}]}}