{"id":154,"date":"2021-05-18T01:55:11","date_gmt":"2021-05-18T01:55:11","guid":{"rendered":"https:\/\/dkfishingnet.com\/activities\/"},"modified":"2023-11-23T19:46:34","modified_gmt":"2023-11-23T11:46:34","slug":"service","status":"publish","type":"page","link":"https:\/\/dkfishingnet.com\/fi\/service\/","title":{"rendered":"Palvelu"},"content":{"rendered":"<div data-elementor-type=\"wp-page\" data-elementor-id=\"154\" class=\"elementor elementor-154\">\n\t\t\t\t\t\t\t\t\t<section class=\"elementor-section elementor-top-section elementor-element elementor-element-ee0d693 elementor-section-boxed elementor-section-height-default elementor-section-height-default\" data-id=\"ee0d693\" data-element_type=\"section\" data-settings=\"{&quot;background_background&quot;:&quot;classic&quot;}\">\n\t\t\t\t\t\t<div class=\"elementor-container elementor-column-gap-no\">\n\t\t\t\t\t<div class=\"elementor-column elementor-col-100 elementor-top-column elementor-element elementor-element-c410692\" data-id=\"c410692\" data-element_type=\"column\">\n\t\t\t<div class=\"elementor-widget-wrap elementor-element-populated\">\n\t\t\t\t\t\t\t\t<div class=\"elementor-element elementor-element-193d006 elementor-widget elementor-widget-heading\" data-id=\"193d006\" data-element_type=\"widget\" data-widget_type=\"heading.default\">\n\t\t\t\t<div class=\"elementor-widget-container\">\n\t\t\t<style>\/*! elementor - v3.17.0 - 08-11-2023 *\/\n.elementor-heading-title{padding:0;margin:0;line-height:1}.elementor-widget-heading .elementor-heading-title[class*=elementor-size-]>a{color:inherit;font-size:inherit;line-height:inherit}.elementor-widget-heading .elementor-heading-title.elementor-size-small{font-size:15px}.elementor-widget-heading .elementor-heading-title.elementor-size-medium{font-size:19px}.elementor-widget-heading .elementor-heading-title.elementor-size-large{font-size:29px}.elementor-widget-heading .elementor-heading-title.elementor-size-xl{font-size:39px}.elementor-widget-heading .elementor-heading-title.elementor-size-xxl{font-size:59px}<\/style><h1 class=\"elementor-heading-title elementor-size-xl\">Paranna kalastuskokemustasi DK-kalastusverkoilla.<\/h1>\t\t<\/div>\n\t\t\t\t<\/div>\n\t\t\t\t<div class=\"elementor-element elementor-element-b68e7cb elementor-widget elementor-widget-text-editor\" data-id=\"b68e7cb\" data-element_type=\"widget\" data-widget_type=\"text-editor.default\">\n\t\t\t\t<div class=\"elementor-widget-container\">\n\t\t\t<style>\/*! elementor - v3.17.0 - 08-11-2023 *\/\n.elementor-widget-text-editor.elementor-drop-cap-view-stacked .elementor-drop-cap{background-color:#69727d;color:#fff}.elementor-widget-text-editor.elementor-drop-cap-view-framed .elementor-drop-cap{color:#69727d;border:3px solid;background-color:transparent}.elementor-widget-text-editor:not(.elementor-drop-cap-view-default) .elementor-drop-cap{margin-top:8px}.elementor-widget-text-editor:not(.elementor-drop-cap-view-default) .elementor-drop-cap-letter{width:1em;height:1em}.elementor-widget-text-editor .elementor-drop-cap{float:left;text-align:center;line-height:1;font-size:50px}.elementor-widget-text-editor .elementor-drop-cap-letter{display:inline-block}<\/style>\t\t\t\t<p>Meill\u00e4 on kunnia olla ensisijainen m\u00e4\u00e4r\u00e4np\u00e4\u00e4si laadukkaille kalastusv\u00e4lineille. Tutustu kaikkiin palveluihin, joita DK Net Manufacturers tarjoaa kaikkiin kalastustarpeisiisi ja jotka luovat perustan vertaansa vailla olevalle kalastuskokemukselle.<\/p>\t\t\t\t\t\t<\/div>\n\t\t\t\t<\/div>\n\t\t\t\t\t<\/div>\n\t\t<\/div>\n\t\t\t\t\t\t\t<\/div>\n\t\t<\/section>\n\t\t\t\t<section class=\"elementor-section elementor-top-section elementor-element elementor-element-21208f9 elementor-section-boxed elementor-section-height-default elementor-section-height-default\" data-id=\"21208f9\" data-element_type=\"section\">\n\t\t\t\t\t\t<div class=\"elementor-container elementor-column-gap-no\">\n\t\t\t\t\t<div class=\"elementor-column elementor-col-100 elementor-top-column elementor-element elementor-element-1b47a90\" data-id=\"1b47a90\" data-element_type=\"column\">\n\t\t\t<div class=\"elementor-widget-wrap elementor-element-populated\">\n\t\t\t\t\t\t\t\t<div class=\"elementor-element elementor-element-6c64bd3 elementor-position-left elementor-vertical-align-middle elementor-widget elementor-widget-image-box\" data-id=\"6c64bd3\" data-element_type=\"widget\" data-widget_type=\"image-box.default\">\n\t\t\t\t<div class=\"elementor-widget-container\">\n\t\t\t<style>\/*! elementor - v3.17.0 - 08-11-2023 *\/\n.elementor-widget-image-box .elementor-image-box-content{width:100%}@media (min-width:768px){.elementor-widget-image-box.elementor-position-left .elementor-image-box-wrapper,.elementor-widget-image-box.elementor-position-right .elementor-image-box-wrapper{display:flex}.elementor-widget-image-box.elementor-position-right .elementor-image-box-wrapper{text-align:right;flex-direction:row-reverse}.elementor-widget-image-box.elementor-position-left .elementor-image-box-wrapper{text-align:left;flex-direction:row}.elementor-widget-image-box.elementor-position-top .elementor-image-box-img{margin:auto}.elementor-widget-image-box.elementor-vertical-align-top .elementor-image-box-wrapper{align-items:flex-start}.elementor-widget-image-box.elementor-vertical-align-middle .elementor-image-box-wrapper{align-items:center}.elementor-widget-image-box.elementor-vertical-align-bottom .elementor-image-box-wrapper{align-items:flex-end}}@media (max-width:767px){.elementor-widget-image-box .elementor-image-box-img{margin-left:auto!important;margin-right:auto!important;margin-bottom:15px}}.elementor-widget-image-box .elementor-image-box-img{display:inline-block}.elementor-widget-image-box .elementor-image-box-title a{color:inherit}.elementor-widget-image-box .elementor-image-box-wrapper{text-align:center}.elementor-widget-image-box .elementor-image-box-description{margin:0}<\/style><div class=\"elementor-image-box-wrapper\"><figure class=\"elementor-image-box-img\"><img fetchpriority=\"high\" decoding=\"async\" width=\"800\" height=\"800\" src=\"https:\/\/dkfishingnet.com\/wp-content\/uploads\/2023\/11\/CAST-NET-1.jpg\" class=\"attachment-full size-full wp-image-650\" alt=\"Commercial fishing casting net\" srcset=\"https:\/\/dkfishingnet.com\/wp-content\/uploads\/2023\/11\/CAST-NET-1.jpg 800w, https:\/\/dkfishingnet.com\/wp-content\/uploads\/2023\/11\/CAST-NET-1-300x300.jpg 300w, https:\/\/dkfishingnet.com\/wp-content\/uploads\/2023\/11\/CAST-NET-1-100x100.jpg 100w, https:\/\/dkfishingnet.com\/wp-content\/uploads\/2023\/11\/CAST-NET-1-600x600.jpg 600w, https:\/\/dkfishingnet.com\/wp-content\/uploads\/2023\/11\/CAST-NET-1-150x150.jpg 150w, https:\/\/dkfishingnet.com\/wp-content\/uploads\/2023\/11\/CAST-NET-1-768x768.jpg 768w\" sizes=\"(max-width: 800px) 100vw, 800px\" \/><\/figure><div class=\"elementor-image-box-content\"><h3 class=\"elementor-image-box-title\">Ammattimainen ammattitaito: Kaupalliset kalaverkot<\/h3><p class=\"elementor-image-box-description\">DK:n kaupalliset kalaverkot on suunniteltu kest\u00e4viksi ja suorituskykyisiksi. Sitoutumisemme huippuosaamiseen takaa, ett\u00e4 jokainen verkko on osoitus tarkasta suunnittelusta, mik\u00e4 tekee siit\u00e4 ihanteellisen kaupallisille kalastajille, jotka etsiv\u00e4t luotettavuutta ja pitk\u00e4ik\u00e4isyytt\u00e4.\n<\/p><\/div><\/div>\t\t<\/div>\n\t\t\t\t<\/div>\n\t\t\t\t<div class=\"elementor-element elementor-element-c6a028f elementor-widget-divider--view-line elementor-widget elementor-widget-divider\" data-id=\"c6a028f\" data-element_type=\"widget\" data-widget_type=\"divider.default\">\n\t\t\t\t<div class=\"elementor-widget-container\">\n\t\t\t<style>\/*! elementor - v3.17.0 - 08-11-2023 *\/\n.elementor-widget-divider{--divider-border-style:none;--divider-border-width:1px;--divider-color:#0c0d0e;--divider-icon-size:20px;--divider-element-spacing:10px;--divider-pattern-height:24px;--divider-pattern-size:20px;--divider-pattern-url:none;--divider-pattern-repeat:repeat-x}.elementor-widget-divider .elementor-divider{display:flex}.elementor-widget-divider .elementor-divider__text{font-size:15px;line-height:1;max-width:95%}.elementor-widget-divider .elementor-divider__element{margin:0 var(--divider-element-spacing);flex-shrink:0}.elementor-widget-divider .elementor-icon{font-size:var(--divider-icon-size)}.elementor-widget-divider .elementor-divider-separator{display:flex;margin:0;direction:ltr}.elementor-widget-divider--view-line_icon .elementor-divider-separator,.elementor-widget-divider--view-line_text .elementor-divider-separator{align-items:center}.elementor-widget-divider--view-line_icon .elementor-divider-separator:after,.elementor-widget-divider--view-line_icon .elementor-divider-separator:before,.elementor-widget-divider--view-line_text .elementor-divider-separator:after,.elementor-widget-divider--view-line_text .elementor-divider-separator:before{display:block;content:\"\";border-bottom:0;flex-grow:1;border-top:var(--divider-border-width) var(--divider-border-style) var(--divider-color)}.elementor-widget-divider--element-align-left .elementor-divider .elementor-divider-separator>.elementor-divider__svg:first-of-type{flex-grow:0;flex-shrink:100}.elementor-widget-divider--element-align-left .elementor-divider-separator:before{content:none}.elementor-widget-divider--element-align-left .elementor-divider__element{margin-left:0}.elementor-widget-divider--element-align-right .elementor-divider .elementor-divider-separator>.elementor-divider__svg:last-of-type{flex-grow:0;flex-shrink:100}.elementor-widget-divider--element-align-right .elementor-divider-separator:after{content:none}.elementor-widget-divider--element-align-right .elementor-divider__element{margin-right:0}.elementor-widget-divider:not(.elementor-widget-divider--view-line_text):not(.elementor-widget-divider--view-line_icon) .elementor-divider-separator{border-top:var(--divider-border-width) var(--divider-border-style) var(--divider-color)}.elementor-widget-divider--separator-type-pattern{--divider-border-style:none}.elementor-widget-divider--separator-type-pattern.elementor-widget-divider--view-line .elementor-divider-separator,.elementor-widget-divider--separator-type-pattern:not(.elementor-widget-divider--view-line) .elementor-divider-separator:after,.elementor-widget-divider--separator-type-pattern:not(.elementor-widget-divider--view-line) .elementor-divider-separator:before,.elementor-widget-divider--separator-type-pattern:not([class*=elementor-widget-divider--view]) .elementor-divider-separator{width:100%;min-height:var(--divider-pattern-height);-webkit-mask-size:var(--divider-pattern-size) 100%;mask-size:var(--divider-pattern-size) 100%;-webkit-mask-repeat:var(--divider-pattern-repeat);mask-repeat:var(--divider-pattern-repeat);background-color:var(--divider-color);-webkit-mask-image:var(--divider-pattern-url);mask-image:var(--divider-pattern-url)}.elementor-widget-divider--no-spacing{--divider-pattern-size:auto}.elementor-widget-divider--bg-round{--divider-pattern-repeat:round}.rtl .elementor-widget-divider .elementor-divider__text{direction:rtl}.e-con-inner>.elementor-widget-divider,.e-con>.elementor-widget-divider{width:var(--container-widget-width,100%);--flex-grow:var(--container-widget-flex-grow)}<\/style>\t\t<div class=\"elementor-divider\">\n\t\t\t<span class=\"elementor-divider-separator\">\n\t\t\t\t\t\t<\/span>\n\t\t<\/div>\n\t\t\t\t<\/div>\n\t\t\t\t<\/div>\n\t\t\t\t<div class=\"elementor-element elementor-element-90511eb elementor-position-right elementor-vertical-align-middle elementor-widget elementor-widget-image-box\" data-id=\"90511eb\" data-element_type=\"widget\" data-widget_type=\"image-box.default\">\n\t\t\t\t<div class=\"elementor-widget-container\">\n\t\t\t<div class=\"elementor-image-box-wrapper\"><figure class=\"elementor-image-box-img\"><img decoding=\"async\" width=\"800\" height=\"800\" src=\"https:\/\/dkfishingnet.com\/wp-content\/uploads\/2023\/11\/alibaba1.jpg\" class=\"attachment-full size-full wp-image-667\" alt=\"\" srcset=\"https:\/\/dkfishingnet.com\/wp-content\/uploads\/2023\/11\/alibaba1.jpg 800w, https:\/\/dkfishingnet.com\/wp-content\/uploads\/2023\/11\/alibaba1-300x300.jpg 300w, https:\/\/dkfishingnet.com\/wp-content\/uploads\/2023\/11\/alibaba1-100x100.jpg 100w, https:\/\/dkfishingnet.com\/wp-content\/uploads\/2023\/11\/alibaba1-600x600.jpg 600w, https:\/\/dkfishingnet.com\/wp-content\/uploads\/2023\/11\/alibaba1-150x150.jpg 150w, https:\/\/dkfishingnet.com\/wp-content\/uploads\/2023\/11\/alibaba1-768x768.jpg 768w\" sizes=\"(max-width: 800px) 100vw, 800px\" \/><\/figure><div class=\"elementor-image-box-content\"><h3 class=\"elementor-image-box-title\">Tarkkuus jokaisessa heitossa: Cast Nets<\/h3><p class=\"elementor-image-box-description\">DK:n heittoverkkojen avulla voit oppia tarkkuusheittotaidon. Heittoverkkoissamme yhdistyv\u00e4t innovatiivinen teknologia ja \u00e4lyk\u00e4s muotoilu, jotka parantavat saalism\u00e4\u00e4r\u00e4\u00e4si ja antavat sinulle v\u00e4lineet, joita tarvitset onnistuneeseen kalastusmatkaan.\n\n\n<\/p><\/div><\/div>\t\t<\/div>\n\t\t\t\t<\/div>\n\t\t\t\t<div class=\"elementor-element elementor-element-159649b elementor-widget-divider--view-line elementor-widget elementor-widget-divider\" data-id=\"159649b\" data-element_type=\"widget\" data-widget_type=\"divider.default\">\n\t\t\t\t<div class=\"elementor-widget-container\">\n\t\t\t\t\t<div class=\"elementor-divider\">\n\t\t\t<span class=\"elementor-divider-separator\">\n\t\t\t\t\t\t<\/span>\n\t\t<\/div>\n\t\t\t\t<\/div>\n\t\t\t\t<\/div>\n\t\t\t\t<div class=\"elementor-element elementor-element-1f5e6cf elementor-position-left elementor-vertical-align-middle elementor-widget elementor-widget-image-box\" data-id=\"1f5e6cf\" data-element_type=\"widget\" data-widget_type=\"image-box.default\">\n\t\t\t\t<div class=\"elementor-widget-container\">\n\t\t\t<div class=\"elementor-image-box-wrapper\"><figure class=\"elementor-image-box-img\"><img decoding=\"async\" width=\"800\" height=\"800\" src=\"https:\/\/dkfishingnet.com\/wp-content\/uploads\/2023\/11\/gill-net-5.jpg\" class=\"attachment-full size-full wp-image-699\" alt=\"fishing gill net nylon monofilament\" srcset=\"https:\/\/dkfishingnet.com\/wp-content\/uploads\/2023\/11\/gill-net-5.jpg 800w, https:\/\/dkfishingnet.com\/wp-content\/uploads\/2023\/11\/gill-net-5-300x300.jpg 300w, https:\/\/dkfishingnet.com\/wp-content\/uploads\/2023\/11\/gill-net-5-100x100.jpg 100w, https:\/\/dkfishingnet.com\/wp-content\/uploads\/2023\/11\/gill-net-5-600x600.jpg 600w, https:\/\/dkfishingnet.com\/wp-content\/uploads\/2023\/11\/gill-net-5-150x150.jpg 150w, https:\/\/dkfishingnet.com\/wp-content\/uploads\/2023\/11\/gill-net-5-768x768.jpg 768w\" sizes=\"(max-width: 800px) 100vw, 800px\" \/><\/figure><div class=\"elementor-image-box-content\"><h3 class=\"elementor-image-box-title\">Gill-verkot: tehokkuusstandardin asettaminen<\/h3><p class=\"elementor-image-box-description\">Tutkitaan DK:n verkkojen tehokkuutta, sill\u00e4 ne ovat kest\u00e4v\u00e4n ja tehokkaan kalastuksen mittapuu. Kidusverkkomme, jotka on suunniteltu kohdistumaan tiettyihin lajeihin ja kalastustilanteisiin, edustavat sitoutumistamme yksil\u00f6llisyyteen ja huipputehokkuuteen.\n\n\n<\/p><\/div><\/div>\t\t<\/div>\n\t\t\t\t<\/div>\n\t\t\t\t<div class=\"elementor-element elementor-element-f114c6f elementor-widget-divider--view-line elementor-widget elementor-widget-divider\" data-id=\"f114c6f\" data-element_type=\"widget\" data-widget_type=\"divider.default\">\n\t\t\t\t<div class=\"elementor-widget-container\">\n\t\t\t\t\t<div class=\"elementor-divider\">\n\t\t\t<span class=\"elementor-divider-separator\">\n\t\t\t\t\t\t<\/span>\n\t\t<\/div>\n\t\t\t\t<\/div>\n\t\t\t\t<\/div>\n\t\t\t\t<div class=\"elementor-element elementor-element-d54a10f elementor-position-right elementor-vertical-align-middle elementor-widget elementor-widget-image-box\" data-id=\"d54a10f\" data-element_type=\"widget\" data-widget_type=\"image-box.default\">\n\t\t\t\t<div class=\"elementor-widget-container\">\n\t\t\t<div class=\"elementor-image-box-wrapper\"><figure class=\"elementor-image-box-img\"><img loading=\"lazy\" decoding=\"async\" width=\"720\" height=\"719\" src=\"https:\/\/dkfishingnet.com\/wp-content\/uploads\/2023\/11\/LN_15-18_9.jpg\" class=\"attachment-full size-full wp-image-861\" alt=\"\" srcset=\"https:\/\/dkfishingnet.com\/wp-content\/uploads\/2023\/11\/LN_15-18_9.jpg 720w, https:\/\/dkfishingnet.com\/wp-content\/uploads\/2023\/11\/LN_15-18_9-150x150.jpg 150w, https:\/\/dkfishingnet.com\/wp-content\/uploads\/2023\/11\/LN_15-18_9-300x300.jpg 300w, https:\/\/dkfishingnet.com\/wp-content\/uploads\/2023\/11\/LN_15-18_9-600x599.jpg 600w, https:\/\/dkfishingnet.com\/wp-content\/uploads\/2023\/11\/LN_15-18_9-100x100.jpg 100w\" sizes=\"(max-width: 720px) 100vw, 720px\" \/><\/figure><div class=\"elementor-image-box-content\"><h3 class=\"elementor-image-box-title\">Laskuverkot: turvaa palkintosaalis<\/h3><p class=\"elementor-image-box-description\">DK:n laskuverkot on rakennettu tarkasti siten, ett\u00e4 niihin mahtuu monenlaisia lajeja ja kokoja. Voit luottaa verkkojemme kest\u00e4vyyteen ja tehokkuuteen, jotta saalis laskeutuu joka kerta sujuvasti.\n\n\n\n<\/p><\/div><\/div>\t\t<\/div>\n\t\t\t\t<\/div>\n\t\t\t\t<div class=\"elementor-element elementor-element-a94d017 elementor-widget-divider--view-line elementor-widget elementor-widget-divider\" data-id=\"a94d017\" data-element_type=\"widget\" data-widget_type=\"divider.default\">\n\t\t\t\t<div class=\"elementor-widget-container\">\n\t\t\t\t\t<div class=\"elementor-divider\">\n\t\t\t<span class=\"elementor-divider-separator\">\n\t\t\t\t\t\t<\/span>\n\t\t<\/div>\n\t\t\t\t<\/div>\n\t\t\t\t<\/div>\n\t\t\t\t<div class=\"elementor-element elementor-element-929a97b elementor-position-left elementor-vertical-align-middle elementor-widget elementor-widget-image-box\" data-id=\"929a97b\" data-element_type=\"widget\" data-widget_type=\"image-box.default\">\n\t\t\t\t<div class=\"elementor-widget-container\">\n\t\t\t<div class=\"elementor-image-box-wrapper\"><figure class=\"elementor-image-box-img\"><img loading=\"lazy\" decoding=\"async\" width=\"800\" height=\"800\" src=\"https:\/\/dkfishingnet.com\/wp-content\/uploads\/2023\/11\/\u5fae\u4fe1\u56fe\u7247_20200319102935.jpg\" class=\"attachment-full size-full wp-image-776\" alt=\"\" srcset=\"https:\/\/dkfishingnet.com\/wp-content\/uploads\/2023\/11\/\u5fae\u4fe1\u56fe\u7247_20200319102935.jpg 800w, https:\/\/dkfishingnet.com\/wp-content\/uploads\/2023\/11\/\u5fae\u4fe1\u56fe\u7247_20200319102935-300x300.jpg 300w, https:\/\/dkfishingnet.com\/wp-content\/uploads\/2023\/11\/\u5fae\u4fe1\u56fe\u7247_20200319102935-100x100.jpg 100w, https:\/\/dkfishingnet.com\/wp-content\/uploads\/2023\/11\/\u5fae\u4fe1\u56fe\u7247_20200319102935-600x600.jpg 600w, https:\/\/dkfishingnet.com\/wp-content\/uploads\/2023\/11\/\u5fae\u4fe1\u56fe\u7247_20200319102935-150x150.jpg 150w, https:\/\/dkfishingnet.com\/wp-content\/uploads\/2023\/11\/\u5fae\u4fe1\u56fe\u7247_20200319102935-768x768.jpg 768w\" sizes=\"(max-width: 800px) 100vw, 800px\" \/><\/figure><div class=\"elementor-image-box-content\"><h3 class=\"elementor-image-box-title\">Painot ja tarvikkeet: T\u00e4ydent\u00e4v\u00e4t varusteet<\/h3><p class=\"elementor-image-box-description\">Paranna kalastusasetuksiasi DK:n lyijypainoilla ja monipuolisella valikoimalla kalastustarvikkeita. Tarjoamme viimeistelytarvikkeet uppopalloista t\u00e4rkeisiin ty\u00f6kaluihin, jotka nostavat pyydyksesi uusiin korkeuksiin.\n\n\n<\/p><\/div><\/div>\t\t<\/div>\n\t\t\t\t<\/div>\n\t\t\t\t\t<\/div>\n\t\t<\/div>\n\t\t\t\t\t\t\t<\/div>\n\t\t<\/section>\n\t\t<div class=\"elementor-element elementor-element-864ba98 e-flex e-con-boxed e-con e-parent\" data-id=\"864ba98\" data-element_type=\"container\" data-settings=\"{&quot;content_width&quot;:&quot;boxed&quot;}\" data-core-v316-plus=\"true\">\n\t\t\t\t\t<div class=\"e-con-inner\">\n\t\t\t\t<div class=\"elementor-element elementor-element-018074d elementor-widget elementor-widget-text-editor\" data-id=\"018074d\" data-element_type=\"widget\" data-widget_type=\"text-editor.default\">\n\t\t\t\t<div class=\"elementor-widget-container\">\n\t\t\t\t\t\t\t<p>DK Fishing Net Manufacturer tarjoaa muutakin kuin pelkki\u00e4 varusteita; tarjoamme my\u00f6s t\u00e4yden valikoiman palveluja, jotka t\u00e4ytt\u00e4v\u00e4t kalastajien erilaiset vaatimukset maailmanlaajuisesti. DK:n vahvuus ammattimaisena kalastusverkkovalmistajana on ilmeinen, sill\u00e4 laatu, innovaatiot ja asiakastyytyv\u00e4isyys on kudottu jokaiseen s\u00e4ikeeseen. Tutustu palveluihimme ja valmistaudu unohtumattomaan kalastusretkeen!<\/p>\t\t\t\t\t\t<\/div>\n\t\t\t\t<\/div>\n\t\t\t\t<div class=\"elementor-element elementor-element-4b7d33b elementor-widget elementor-widget-image\" data-id=\"4b7d33b\" data-element_type=\"widget\" data-widget_type=\"image.default\">\n\t\t\t\t<div class=\"elementor-widget-container\">\n\t\t\t<style>\/*! elementor - v3.17.0 - 08-11-2023 *\/\n.elementor-widget-image{text-align:center}.elementor-widget-image a{display:inline-block}.elementor-widget-image a img[src$=\".svg\"]{width:48px}.elementor-widget-image img{vertical-align:middle;display:inline-block}<\/style>\t\t\t\t\t\t\t\t\t\t\t\t<img loading=\"lazy\" decoding=\"async\" width=\"1920\" height=\"1080\" src=\"https:\/\/dkfishingnet.com\/wp-content\/uploads\/2023\/11\/\u5fae\u4fe1\u56fe\u7247_20231121104226.jpg\" class=\"attachment-large size-large wp-image-645\" alt=\"\" srcset=\"https:\/\/dkfishingnet.com\/wp-content\/uploads\/2023\/11\/\u5fae\u4fe1\u56fe\u7247_20231121104226.jpg 1920w, https:\/\/dkfishingnet.com\/wp-content\/uploads\/2023\/11\/\u5fae\u4fe1\u56fe\u7247_20231121104226-600x338.jpg 600w, https:\/\/dkfishingnet.com\/wp-content\/uploads\/2023\/11\/\u5fae\u4fe1\u56fe\u7247_20231121104226-768x432.jpg 768w, https:\/\/dkfishingnet.com\/wp-content\/uploads\/2023\/11\/\u5fae\u4fe1\u56fe\u7247_20231121104226-1536x864.jpg 1536w\" sizes=\"(max-width: 1920px) 100vw, 1920px\" \/>\t\t\t\t\t\t\t\t\t\t\t\t\t\t\t<\/div>\n\t\t\t\t<\/div>\n\t\t\t\t\t<\/div>\n\t\t\t\t<\/div>\n\t\t\t\t\t\t\t<\/div>","protected":false},"excerpt":{"rendered":"<p>Elevate your fishing experience with DK Fishing Nets. We are honored to be your premier destination for quality fishing gear. Discover the full range of services DK Net Manufacturers offers to meet your every fishing need, laying the foundation for an unrivaled fishing experience. Professional Craftsmanship: Commercial Fishing Nets DK commercial fishing nets are crafted &hellip;<\/p>\n<p class=\"read-more\"> <a class=\"\" href=\"https:\/\/dkfishingnet.com\/fi\/service\/\"> <span class=\"screen-reader-text\">Palvelu<\/span> Lue lis\u00e4\u00e4 &raquo;<\/a><\/p>","protected":false},"author":1,"featured_media":0,"parent":0,"menu_order":0,"comment_status":"closed","ping_status":"closed","template":"","meta":{"site-sidebar-layout":"no-sidebar","site-content-layout":"page-builder","ast-site-content-layout":"","site-content-style":"default","site-sidebar-style":"default","ast-global-header-display":"","ast-banner-title-visibility":"","ast-main-header-display":"","ast-hfb-above-header-display":"","ast-hfb-below-header-display":"","ast-hfb-mobile-header-display":"","site-post-title":"disabled","ast-breadcrumbs-content":"disabled","ast-featured-img":"disabled","footer-sml-layout":"","theme-transparent-header-meta":"default","adv-header-id-meta":"","stick-header-meta":"","header-above-stick-meta":"","header-main-stick-meta":"","header-below-stick-meta":"","astra-migrate-meta-layouts":"","ast-page-background-enabled":"default","ast-page-background-meta":{"desktop":{"background-color":"","background-image":"","background-repeat":"repeat","background-position":"center center","background-size":"auto","background-attachment":"scroll","background-type":"","background-media":"","overlay-type":"","overlay-color":"","overlay-gradient":""},"tablet":{"background-color":"","background-image":"","background-repeat":"repeat","background-position":"center center","background-size":"auto","background-attachment":"scroll","background-type":"","background-media":"","overlay-type":"","overlay-color":"","overlay-gradient":""},"mobile":{"background-color":"","background-image":"","background-repeat":"repeat","background-position":"center center","background-size":"auto","background-attachment":"scroll","background-type":"","background-media":"","overlay-type":"","overlay-color":"","overlay-gradient":""}},"ast-content-background-meta":{"desktop":{"background-color":"var(--ast-global-color-5)","background-image":"","background-repeat":"repeat","background-position":"center center","background-size":"auto","background-attachment":"scroll","background-type":"","background-media":"","overlay-type":"","overlay-color":"","overlay-gradient":""},"tablet":{"background-color":"var(--ast-global-color-5)","background-image":"","background-repeat":"repeat","background-position":"center center","background-size":"auto","background-attachment":"scroll","background-type":"","background-media":"","overlay-type":"","overlay-color":"","overlay-gradient":""},"mobile":{"background-color":"var(--ast-global-color-5)","background-image":"","background-repeat":"repeat","background-position":"center center","background-size":"auto","background-attachment":"scroll","background-type":"","background-media":"","overlay-type":"","overlay-color":"","overlay-gradient":""}},"footnotes":""},"_links":{"self":[{"href":"https:\/\/dkfishingnet.com\/fi\/wp-json\/wp\/v2\/pages\/154"}],"collection":[{"href":"https:\/\/dkfishingnet.com\/fi\/wp-json\/wp\/v2\/pages"}],"about":[{"href":"https:\/\/dkfishingnet.com\/fi\/wp-json\/wp\/v2\/types\/page"}],"author":[{"embeddable":true,"href":"https:\/\/dkfishingnet.com\/fi\/wp-json\/wp\/v2\/users\/1"}],"replies":[{"embeddable":true,"href":"https:\/\/dkfishingnet.com\/fi\/wp-json\/wp\/v2\/comments?post=154"}],"version-history":[{"count":0,"href":"https:\/\/dkfishingnet.com\/fi\/wp-json\/wp\/v2\/pages\/154\/revisions"}],"wp:attachment":[{"href":"https:\/\/dkfishingnet.com\/fi\/wp-json\/wp\/v2\/media?parent=154"}],"curies":[{"name":"wp","href":"https:\/\/api.w.org\/{rel}","templated":true}]}}