{"id":655,"date":"2023-11-22T22:57:51","date_gmt":"2023-11-22T14:57:51","guid":{"rendered":"https:\/\/dkfishingnet.com\/?post_type=product&#038;p=655"},"modified":"2023-11-22T22:57:51","modified_gmt":"2023-11-22T14:57:51","slug":"drawstring-american-style-casting-net-with-lead-sinker","status":"publish","type":"product","link":"https:\/\/dkfishingnet.com\/fi\/tuote\/drawstring-american-style-casting-net-with-lead-sinker\/","title":{"rendered":"Kiristysnauha amerikkalaistyylinen heittoverkko, jossa on lyijynielu"},"content":{"rendered":"<p>Amerikkalainen vetoketjuinen heittoverkko, jossa on lyijynielu, on kalastusv\u00e4line, jota k\u00e4ytet\u00e4\u00e4n kalojen pyydyst\u00e4miseen. Se koostuu verkkopussista, jossa on lyijypaino ja k\u00f6ysi, johon on kiinnitetty kiristysnauha. K\u00e4ytett\u00e4ess\u00e4 kalastaja heitt\u00e4\u00e4 lyijypainolla varustetun heittoverkon veteen ja vet\u00e4\u00e4 sitten verkkopussin takaisin vet\u00e4m\u00e4ll\u00e4 k\u00f6ydest\u00e4 kalojen pyydyst\u00e4miseksi verkkoon. T\u00e4m\u00e4ntyyppist\u00e4 heittoverkkoa k\u00e4ytet\u00e4\u00e4n usein suurempien kalojen pyydyst\u00e4miseen tai silloin, kun halutaan peitt\u00e4\u00e4 suurempia vesist\u00f6j\u00e4.<\/p>\n<p><img fetchpriority=\"high\" decoding=\"async\" class=\"alignnone size-full wp-image-660\" src=\"http:\/\/dkfishingnet.com\/wp-content\/uploads\/2023\/11\/\u7f8e\u5f0f\u94c5\u7c92\u624b\u629b\u7f51_\u526f\u672c.jpg\" alt=\"\" width=\"800\" height=\"800\" srcset=\"https:\/\/dkfishingnet.com\/wp-content\/uploads\/2023\/11\/\u7f8e\u5f0f\u94c5\u7c92\u624b\u629b\u7f51_\u526f\u672c.jpg 800w, https:\/\/dkfishingnet.com\/wp-content\/uploads\/2023\/11\/\u7f8e\u5f0f\u94c5\u7c92\u624b\u629b\u7f51_\u526f\u672c-300x300.jpg 300w, https:\/\/dkfishingnet.com\/wp-content\/uploads\/2023\/11\/\u7f8e\u5f0f\u94c5\u7c92\u624b\u629b\u7f51_\u526f\u672c-100x100.jpg 100w, https:\/\/dkfishingnet.com\/wp-content\/uploads\/2023\/11\/\u7f8e\u5f0f\u94c5\u7c92\u624b\u629b\u7f51_\u526f\u672c-600x600.jpg 600w, https:\/\/dkfishingnet.com\/wp-content\/uploads\/2023\/11\/\u7f8e\u5f0f\u94c5\u7c92\u624b\u629b\u7f51_\u526f\u672c-150x150.jpg 150w, https:\/\/dkfishingnet.com\/wp-content\/uploads\/2023\/11\/\u7f8e\u5f0f\u94c5\u7c92\u624b\u629b\u7f51_\u526f\u672c-768x768.jpg 768w\" sizes=\"(max-width: 800px) 100vw, 800px\" \/><\/p>\n<p><img decoding=\"async\" class=\"alignnone size-full wp-image-661\" src=\"http:\/\/dkfishingnet.com\/wp-content\/uploads\/2023\/11\/\u7f8e\u5f0f\u5355\u4e1d\u94c5\u7c92.jpg\" alt=\"\" width=\"800\" height=\"800\" srcset=\"https:\/\/dkfishingnet.com\/wp-content\/uploads\/2023\/11\/\u7f8e\u5f0f\u5355\u4e1d\u94c5\u7c92.jpg 800w, https:\/\/dkfishingnet.com\/wp-content\/uploads\/2023\/11\/\u7f8e\u5f0f\u5355\u4e1d\u94c5\u7c92-300x300.jpg 300w, https:\/\/dkfishingnet.com\/wp-content\/uploads\/2023\/11\/\u7f8e\u5f0f\u5355\u4e1d\u94c5\u7c92-100x100.jpg 100w, https:\/\/dkfishingnet.com\/wp-content\/uploads\/2023\/11\/\u7f8e\u5f0f\u5355\u4e1d\u94c5\u7c92-600x600.jpg 600w, https:\/\/dkfishingnet.com\/wp-content\/uploads\/2023\/11\/\u7f8e\u5f0f\u5355\u4e1d\u94c5\u7c92-150x150.jpg 150w, https:\/\/dkfishingnet.com\/wp-content\/uploads\/2023\/11\/\u7f8e\u5f0f\u5355\u4e1d\u94c5\u7c92-768x768.jpg 768w\" sizes=\"(max-width: 800px) 100vw, 800px\" \/><\/p>\n<p><img decoding=\"async\" class=\"alignnone size-full wp-image-662\" src=\"http:\/\/dkfishingnet.com\/wp-content\/uploads\/2023\/11\/\u7f8e\u5f0f\u5355\u4e1d.jpg\" alt=\"\" width=\"800\" height=\"800\" srcset=\"https:\/\/dkfishingnet.com\/wp-content\/uploads\/2023\/11\/\u7f8e\u5f0f\u5355\u4e1d.jpg 800w, https:\/\/dkfishingnet.com\/wp-content\/uploads\/2023\/11\/\u7f8e\u5f0f\u5355\u4e1d-300x300.jpg 300w, https:\/\/dkfishingnet.com\/wp-content\/uploads\/2023\/11\/\u7f8e\u5f0f\u5355\u4e1d-100x100.jpg 100w, https:\/\/dkfishingnet.com\/wp-content\/uploads\/2023\/11\/\u7f8e\u5f0f\u5355\u4e1d-600x600.jpg 600w, https:\/\/dkfishingnet.com\/wp-content\/uploads\/2023\/11\/\u7f8e\u5f0f\u5355\u4e1d-150x150.jpg 150w, https:\/\/dkfishingnet.com\/wp-content\/uploads\/2023\/11\/\u7f8e\u5f0f\u5355\u4e1d-768x768.jpg 768w\" sizes=\"(max-width: 800px) 100vw, 800px\" \/><\/p>\n<p><img loading=\"lazy\" decoding=\"async\" class=\"alignnone size-full wp-image-663\" src=\"http:\/\/dkfishingnet.com\/wp-content\/uploads\/2023\/11\/lead-olive.jpg\" alt=\"\" width=\"800\" height=\"800\" srcset=\"https:\/\/dkfishingnet.com\/wp-content\/uploads\/2023\/11\/lead-olive.jpg 800w, https:\/\/dkfishingnet.com\/wp-content\/uploads\/2023\/11\/lead-olive-300x300.jpg 300w, https:\/\/dkfishingnet.com\/wp-content\/uploads\/2023\/11\/lead-olive-100x100.jpg 100w, https:\/\/dkfishingnet.com\/wp-content\/uploads\/2023\/11\/lead-olive-600x600.jpg 600w, https:\/\/dkfishingnet.com\/wp-content\/uploads\/2023\/11\/lead-olive-150x150.jpg 150w, https:\/\/dkfishingnet.com\/wp-content\/uploads\/2023\/11\/lead-olive-768x768.jpg 768w\" sizes=\"(max-width: 800px) 100vw, 800px\" \/><\/p>\n<p><img loading=\"lazy\" decoding=\"async\" class=\"alignnone size-full wp-image-664\" src=\"http:\/\/dkfishingnet.com\/wp-content\/uploads\/2023\/11\/plastic-coated-steel.jpg\" alt=\"\" width=\"800\" height=\"800\" srcset=\"https:\/\/dkfishingnet.com\/wp-content\/uploads\/2023\/11\/plastic-coated-steel.jpg 800w, https:\/\/dkfishingnet.com\/wp-content\/uploads\/2023\/11\/plastic-coated-steel-300x300.jpg 300w, https:\/\/dkfishingnet.com\/wp-content\/uploads\/2023\/11\/plastic-coated-steel-100x100.jpg 100w, https:\/\/dkfishingnet.com\/wp-content\/uploads\/2023\/11\/plastic-coated-steel-600x600.jpg 600w, https:\/\/dkfishingnet.com\/wp-content\/uploads\/2023\/11\/plastic-coated-steel-150x150.jpg 150w, https:\/\/dkfishingnet.com\/wp-content\/uploads\/2023\/11\/plastic-coated-steel-768x768.jpg 768w\" sizes=\"(max-width: 800px) 100vw, 800px\" \/><\/p>\n<p><img loading=\"lazy\" decoding=\"async\" class=\"alignnone size-full wp-image-665\" src=\"http:\/\/dkfishingnet.com\/wp-content\/uploads\/2023\/11\/horn1_\u526f\u672c.jpg\" alt=\"\" width=\"800\" height=\"800\" srcset=\"https:\/\/dkfishingnet.com\/wp-content\/uploads\/2023\/11\/horn1_\u526f\u672c.jpg 800w, https:\/\/dkfishingnet.com\/wp-content\/uploads\/2023\/11\/horn1_\u526f\u672c-300x300.jpg 300w, https:\/\/dkfishingnet.com\/wp-content\/uploads\/2023\/11\/horn1_\u526f\u672c-100x100.jpg 100w, https:\/\/dkfishingnet.com\/wp-content\/uploads\/2023\/11\/horn1_\u526f\u672c-600x600.jpg 600w, https:\/\/dkfishingnet.com\/wp-content\/uploads\/2023\/11\/horn1_\u526f\u672c-150x150.jpg 150w, https:\/\/dkfishingnet.com\/wp-content\/uploads\/2023\/11\/horn1_\u526f\u672c-768x768.jpg 768w\" sizes=\"(max-width: 800px) 100vw, 800px\" \/><\/p>","protected":false},"excerpt":{"rendered":"<p>Amerikkalainen vetoketjuinen heittoverkko, jossa on lyijynielu, on kalastusv\u00e4line, jota k\u00e4ytet\u00e4\u00e4n kalojen pyydyst\u00e4miseen. Se koostuu verkkopussista, jossa on lyijypaino ja k\u00f6ysi, johon on kiinnitetty kiristysnauha. K\u00e4ytett\u00e4ess\u00e4 kalastaja heitt\u00e4\u00e4 lyijypainolla varustetun heittoverkon veteen ja vet\u00e4\u00e4 sitten verkkopussin takaisin vet\u00e4m\u00e4ll\u00e4 k\u00f6ydest\u00e4 kalojen pyydyst\u00e4miseksi verkkoon. T\u00e4m\u00e4ntyyppist\u00e4 heittoverkkoa k\u00e4ytet\u00e4\u00e4n usein suurempien kalojen pyydyst\u00e4miseen tai silloin, kun halutaan peitt\u00e4\u00e4 suurempia vesist\u00f6j\u00e4.<\/p>","protected":false},"featured_media":656,"template":"","meta":{"site-sidebar-layout":"default","site-content-layout":"","ast-site-content-layout":"default","site-content-style":"default","site-sidebar-style":"default","ast-global-header-display":"","ast-banner-title-visibility":"","ast-main-header-display":"","ast-hfb-above-header-display":"","ast-hfb-below-header-display":"","ast-hfb-mobile-header-display":"","site-post-title":"","ast-breadcrumbs-content":"","ast-featured-img":"","footer-sml-layout":"","theme-transparent-header-meta":"default","adv-header-id-meta":"","stick-header-meta":"","header-above-stick-meta":"","header-main-stick-meta":"","header-below-stick-meta":"","astra-migrate-meta-layouts":"set","ast-page-background-enabled":"default","ast-page-background-meta":{"desktop":{"background-color":"","background-image":"","background-repeat":"repeat","background-position":"center center","background-size":"auto","background-attachment":"scroll","background-type":"","background-media":"","overlay-type":"","overlay-color":"","overlay-gradient":""},"tablet":{"background-color":"","background-image":"","background-repeat":"repeat","background-position":"center center","background-size":"auto","background-attachment":"scroll","background-type":"","background-media":"","overlay-type":"","overlay-color":"","overlay-gradient":""},"mobile":{"background-color":"","background-image":"","background-repeat":"repeat","background-position":"center center","background-size":"auto","background-attachment":"scroll","background-type":"","background-media":"","overlay-type":"","overlay-color":"","overlay-gradient":""}},"ast-content-background-meta":{"desktop":{"background-color":"var(--ast-global-color-5)","background-image":"","background-repeat":"repeat","background-position":"center center","background-size":"auto","background-attachment":"scroll","background-type":"","background-media":"","overlay-type":"","overlay-color":"","overlay-gradient":""},"tablet":{"background-color":"var(--ast-global-color-5)","background-image":"","background-repeat":"repeat","background-position":"center center","background-size":"auto","background-attachment":"scroll","background-type":"","background-media":"","overlay-type":"","overlay-color":"","overlay-gradient":""},"mobile":{"background-color":"var(--ast-global-color-5)","background-image":"","background-repeat":"repeat","background-position":"center center","background-size":"auto","background-attachment":"scroll","background-type":"","background-media":"","overlay-type":"","overlay-color":"","overlay-gradient":""}}},"product_cat":[24],"product_tag":[],"_links":{"self":[{"href":"https:\/\/dkfishingnet.com\/fi\/wp-json\/wp\/v2\/product\/655"}],"collection":[{"href":"https:\/\/dkfishingnet.com\/fi\/wp-json\/wp\/v2\/product"}],"about":[{"href":"https:\/\/dkfishingnet.com\/fi\/wp-json\/wp\/v2\/types\/product"}],"wp:featuredmedia":[{"embeddable":true,"href":"https:\/\/dkfishingnet.com\/fi\/wp-json\/wp\/v2\/media\/656"}],"wp:attachment":[{"href":"https:\/\/dkfishingnet.com\/fi\/wp-json\/wp\/v2\/media?parent=655"}],"wp:term":[{"taxonomy":"product_cat","embeddable":true,"href":"https:\/\/dkfishingnet.com\/fi\/wp-json\/wp\/v2\/product_cat?post=655"},{"taxonomy":"product_tag","embeddable":true,"href":"https:\/\/dkfishingnet.com\/fi\/wp-json\/wp\/v2\/product_tag?post=655"}],"curies":[{"name":"wp","href":"https:\/\/api.w.org\/{rel}","templated":true}]}}