{"id":688,"date":"2023-11-22T23:11:40","date_gmt":"2023-11-22T15:11:40","guid":{"rendered":"https:\/\/dkfishingnet.com\/?post_type=product&#038;p=688"},"modified":"2023-11-22T23:11:40","modified_gmt":"2023-11-22T15:11:40","slug":"bottom-pocket-fuji-style-casting-net-with-lead-button","status":"publish","type":"product","link":"https:\/\/dkfishingnet.com\/fi\/tuote\/bottom-pocket-fuji-style-casting-net-with-lead-button\/","title":{"rendered":"pohjatasku Fuji-tyylinen heittoverkko lyijynapilla varustettuna"},"content":{"rendered":"<p>Lyijysoljella varustettu pohjapussillinen Fuji-tyylinen heittoverkko on erityyppinen kalastusv\u00e4line, jota k\u00e4ytet\u00e4\u00e4n heitt\u00e4miseen tai veteen heitt\u00e4miseen kalojen pyydyst\u00e4miseksi. Verkkoon on yleens\u00e4 kiinnitetty lyijysolki tai -paino, joka auttaa uppoamista. Pohjapussin muotoilu auttaa houkuttelemaan kaloja tehokkaasti, ja lyijysolki varmistaa, ett\u00e4 verkko uppoaa nopeasti pohjaan. T\u00e4m\u00e4ntyyppinen verkko on tunnettu tehokkuudestaan kalojen pyynniss\u00e4, erityisesti kun kohteena ovat vesipohjan l\u00e4hell\u00e4 olevat lajit.<\/p>\n<p><img fetchpriority=\"high\" decoding=\"async\" class=\"alignnone size-medium wp-image-693\" src=\"http:\/\/dkfishingnet.com\/wp-content\/uploads\/2023\/11\/\u65e5\u5f0f\u590d\u4e1d\u94c5\u7c92.jpg\" alt=\"\" width=\"800\" height=\"800\" srcset=\"https:\/\/dkfishingnet.com\/wp-content\/uploads\/2023\/11\/\u65e5\u5f0f\u590d\u4e1d\u94c5\u7c92.jpg 800w, https:\/\/dkfishingnet.com\/wp-content\/uploads\/2023\/11\/\u65e5\u5f0f\u590d\u4e1d\u94c5\u7c92-300x300.jpg 300w, https:\/\/dkfishingnet.com\/wp-content\/uploads\/2023\/11\/\u65e5\u5f0f\u590d\u4e1d\u94c5\u7c92-100x100.jpg 100w, https:\/\/dkfishingnet.com\/wp-content\/uploads\/2023\/11\/\u65e5\u5f0f\u590d\u4e1d\u94c5\u7c92-600x600.jpg 600w, https:\/\/dkfishingnet.com\/wp-content\/uploads\/2023\/11\/\u65e5\u5f0f\u590d\u4e1d\u94c5\u7c92-150x150.jpg 150w, https:\/\/dkfishingnet.com\/wp-content\/uploads\/2023\/11\/\u65e5\u5f0f\u590d\u4e1d\u94c5\u7c92-768x768.jpg 768w\" sizes=\"(max-width: 800px) 100vw, 800px\" \/> <img decoding=\"async\" class=\"alignnone size-full wp-image-694\" src=\"http:\/\/dkfishingnet.com\/wp-content\/uploads\/2023\/11\/\u65e5\u5f0f\u94c5\u7c92\u624b\u629b\u7f51_\u526f\u672c.jpg\" alt=\"\" width=\"800\" height=\"800\" srcset=\"https:\/\/dkfishingnet.com\/wp-content\/uploads\/2023\/11\/\u65e5\u5f0f\u94c5\u7c92\u624b\u629b\u7f51_\u526f\u672c.jpg 800w, https:\/\/dkfishingnet.com\/wp-content\/uploads\/2023\/11\/\u65e5\u5f0f\u94c5\u7c92\u624b\u629b\u7f51_\u526f\u672c-300x300.jpg 300w, https:\/\/dkfishingnet.com\/wp-content\/uploads\/2023\/11\/\u65e5\u5f0f\u94c5\u7c92\u624b\u629b\u7f51_\u526f\u672c-100x100.jpg 100w, https:\/\/dkfishingnet.com\/wp-content\/uploads\/2023\/11\/\u65e5\u5f0f\u94c5\u7c92\u624b\u629b\u7f51_\u526f\u672c-600x600.jpg 600w, https:\/\/dkfishingnet.com\/wp-content\/uploads\/2023\/11\/\u65e5\u5f0f\u94c5\u7c92\u624b\u629b\u7f51_\u526f\u672c-150x150.jpg 150w, https:\/\/dkfishingnet.com\/wp-content\/uploads\/2023\/11\/\u65e5\u5f0f\u94c5\u7c92\u624b\u629b\u7f51_\u526f\u672c-768x768.jpg 768w\" sizes=\"(max-width: 800px) 100vw, 800px\" \/><\/p>\n<p><img decoding=\"async\" class=\"alignnone size-full wp-image-695\" src=\"http:\/\/dkfishingnet.com\/wp-content\/uploads\/2023\/11\/lead-olive-casting-net.jpg\" alt=\"lead olive casting net\" width=\"800\" height=\"800\" srcset=\"https:\/\/dkfishingnet.com\/wp-content\/uploads\/2023\/11\/lead-olive-casting-net.jpg 800w, https:\/\/dkfishingnet.com\/wp-content\/uploads\/2023\/11\/lead-olive-casting-net-300x300.jpg 300w, https:\/\/dkfishingnet.com\/wp-content\/uploads\/2023\/11\/lead-olive-casting-net-100x100.jpg 100w, https:\/\/dkfishingnet.com\/wp-content\/uploads\/2023\/11\/lead-olive-casting-net-600x600.jpg 600w, https:\/\/dkfishingnet.com\/wp-content\/uploads\/2023\/11\/lead-olive-casting-net-150x150.jpg 150w, https:\/\/dkfishingnet.com\/wp-content\/uploads\/2023\/11\/lead-olive-casting-net-768x768.jpg 768w\" sizes=\"(max-width: 800px) 100vw, 800px\" \/> <img loading=\"lazy\" decoding=\"async\" class=\"alignnone size-full wp-image-696\" src=\"http:\/\/dkfishingnet.com\/wp-content\/uploads\/2023\/11\/Lead.jpg\" alt=\"\" width=\"800\" height=\"800\" srcset=\"https:\/\/dkfishingnet.com\/wp-content\/uploads\/2023\/11\/Lead.jpg 800w, https:\/\/dkfishingnet.com\/wp-content\/uploads\/2023\/11\/Lead-300x300.jpg 300w, https:\/\/dkfishingnet.com\/wp-content\/uploads\/2023\/11\/Lead-100x100.jpg 100w, https:\/\/dkfishingnet.com\/wp-content\/uploads\/2023\/11\/Lead-600x600.jpg 600w, https:\/\/dkfishingnet.com\/wp-content\/uploads\/2023\/11\/Lead-150x150.jpg 150w, https:\/\/dkfishingnet.com\/wp-content\/uploads\/2023\/11\/Lead-768x768.jpg 768w\" sizes=\"(max-width: 800px) 100vw, 800px\" \/> <img loading=\"lazy\" decoding=\"async\" class=\"alignnone size-full wp-image-697\" src=\"http:\/\/dkfishingnet.com\/wp-content\/uploads\/2023\/11\/\u65e5\u5f0f\u94c5\u7c92\u624b\u629b\u7f51\u5305\u88c5_\u526f\u672c.jpg\" alt=\"\" width=\"800\" height=\"800\" srcset=\"https:\/\/dkfishingnet.com\/wp-content\/uploads\/2023\/11\/\u65e5\u5f0f\u94c5\u7c92\u624b\u629b\u7f51\u5305\u88c5_\u526f\u672c.jpg 800w, https:\/\/dkfishingnet.com\/wp-content\/uploads\/2023\/11\/\u65e5\u5f0f\u94c5\u7c92\u624b\u629b\u7f51\u5305\u88c5_\u526f\u672c-300x300.jpg 300w, https:\/\/dkfishingnet.com\/wp-content\/uploads\/2023\/11\/\u65e5\u5f0f\u94c5\u7c92\u624b\u629b\u7f51\u5305\u88c5_\u526f\u672c-100x100.jpg 100w, https:\/\/dkfishingnet.com\/wp-content\/uploads\/2023\/11\/\u65e5\u5f0f\u94c5\u7c92\u624b\u629b\u7f51\u5305\u88c5_\u526f\u672c-600x600.jpg 600w, https:\/\/dkfishingnet.com\/wp-content\/uploads\/2023\/11\/\u65e5\u5f0f\u94c5\u7c92\u624b\u629b\u7f51\u5305\u88c5_\u526f\u672c-150x150.jpg 150w, https:\/\/dkfishingnet.com\/wp-content\/uploads\/2023\/11\/\u65e5\u5f0f\u94c5\u7c92\u624b\u629b\u7f51\u5305\u88c5_\u526f\u672c-768x768.jpg 768w\" sizes=\"(max-width: 800px) 100vw, 800px\" \/><\/p>","protected":false},"excerpt":{"rendered":"<p>Lyijysoljella varustettu pohjapussillinen Fuji-tyylinen heittoverkko on erityyppinen kalastusv\u00e4line, jota k\u00e4ytet\u00e4\u00e4n heitt\u00e4miseen tai veteen heitt\u00e4miseen kalojen pyydyst\u00e4miseksi. Verkkoon on yleens\u00e4 kiinnitetty lyijysolki tai -paino, joka auttaa uppoamista. Pohjapussin muotoilu auttaa houkuttelemaan kaloja tehokkaasti, ja lyijysolki varmistaa, ett\u00e4 verkko uppoaa nopeasti pohjaan. T\u00e4m\u00e4ntyyppinen verkko on tunnettu tehokkuudestaan kalojen pyynniss\u00e4, erityisesti kun kohteena ovat vesipohjan l\u00e4hell\u00e4 olevat lajit.<\/p>","protected":false},"featured_media":689,"template":"","meta":{"site-sidebar-layout":"default","site-content-layout":"","ast-site-content-layout":"default","site-content-style":"default","site-sidebar-style":"default","ast-global-header-display":"","ast-banner-title-visibility":"","ast-main-header-display":"","ast-hfb-above-header-display":"","ast-hfb-below-header-display":"","ast-hfb-mobile-header-display":"","site-post-title":"","ast-breadcrumbs-content":"","ast-featured-img":"","footer-sml-layout":"","theme-transparent-header-meta":"default","adv-header-id-meta":"","stick-header-meta":"","header-above-stick-meta":"","header-main-stick-meta":"","header-below-stick-meta":"","astra-migrate-meta-layouts":"set","ast-page-background-enabled":"default","ast-page-background-meta":{"desktop":{"background-color":"","background-image":"","background-repeat":"repeat","background-position":"center center","background-size":"auto","background-attachment":"scroll","background-type":"","background-media":"","overlay-type":"","overlay-color":"","overlay-gradient":""},"tablet":{"background-color":"","background-image":"","background-repeat":"repeat","background-position":"center center","background-size":"auto","background-attachment":"scroll","background-type":"","background-media":"","overlay-type":"","overlay-color":"","overlay-gradient":""},"mobile":{"background-color":"","background-image":"","background-repeat":"repeat","background-position":"center center","background-size":"auto","background-attachment":"scroll","background-type":"","background-media":"","overlay-type":"","overlay-color":"","overlay-gradient":""}},"ast-content-background-meta":{"desktop":{"background-color":"var(--ast-global-color-5)","background-image":"","background-repeat":"repeat","background-position":"center center","background-size":"auto","background-attachment":"scroll","background-type":"","background-media":"","overlay-type":"","overlay-color":"","overlay-gradient":""},"tablet":{"background-color":"var(--ast-global-color-5)","background-image":"","background-repeat":"repeat","background-position":"center center","background-size":"auto","background-attachment":"scroll","background-type":"","background-media":"","overlay-type":"","overlay-color":"","overlay-gradient":""},"mobile":{"background-color":"var(--ast-global-color-5)","background-image":"","background-repeat":"repeat","background-position":"center center","background-size":"auto","background-attachment":"scroll","background-type":"","background-media":"","overlay-type":"","overlay-color":"","overlay-gradient":""}}},"product_cat":[25],"product_tag":[],"_links":{"self":[{"href":"https:\/\/dkfishingnet.com\/fi\/wp-json\/wp\/v2\/product\/688"}],"collection":[{"href":"https:\/\/dkfishingnet.com\/fi\/wp-json\/wp\/v2\/product"}],"about":[{"href":"https:\/\/dkfishingnet.com\/fi\/wp-json\/wp\/v2\/types\/product"}],"wp:featuredmedia":[{"embeddable":true,"href":"https:\/\/dkfishingnet.com\/fi\/wp-json\/wp\/v2\/media\/689"}],"wp:attachment":[{"href":"https:\/\/dkfishingnet.com\/fi\/wp-json\/wp\/v2\/media?parent=688"}],"wp:term":[{"taxonomy":"product_cat","embeddable":true,"href":"https:\/\/dkfishingnet.com\/fi\/wp-json\/wp\/v2\/product_cat?post=688"},{"taxonomy":"product_tag","embeddable":true,"href":"https:\/\/dkfishingnet.com\/fi\/wp-json\/wp\/v2\/product_tag?post=688"}],"curies":[{"name":"wp","href":"https:\/\/api.w.org\/{rel}","templated":true}]}}