{"id":705,"date":"2023-11-22T23:19:38","date_gmt":"2023-11-22T15:19:38","guid":{"rendered":"https:\/\/dkfishingnet.com\/?post_type=product&#038;p=705"},"modified":"2023-11-22T23:19:38","modified_gmt":"2023-11-22T15:19:38","slug":"fishing-gill-nets","status":"publish","type":"product","link":"https:\/\/dkfishingnet.com\/fi\/tuote\/fishing-gill-nets\/","title":{"rendered":"Kalastusverkot"},"content":{"rendered":"<p>Kalastusverkko koostuu silm\u00e4kappaleesta ja kahvasta. Kalastajat k\u00e4ytt\u00e4v\u00e4t t\u00e4llaista verkkoa siten, ett\u00e4 he heitt\u00e4v\u00e4t verkon nopeasti veteen ja sulkevat verkon nopeasti vet\u00e4m\u00e4ll\u00e4 kahvasta, jotta vedess\u00e4 olevat kalat saadaan kiinni. T\u00e4llainen verkko on joustavasti muotoiltu, ja se soveltuu erikokoisten kalojen pyydyst\u00e4miseen erityisesti matalassa vedess\u00e4 tai l\u00e4hell\u00e4 rantaa.<\/p>\n<p><img fetchpriority=\"high\" decoding=\"async\" class=\"alignnone size-medium wp-image-711\" src=\"http:\/\/dkfishingnet.com\/wp-content\/uploads\/2023\/11\/TIM\u56fe\u724720200623092819_\u526f\u672c-1.jpg\" alt=\"\" width=\"800\" height=\"800\" srcset=\"https:\/\/dkfishingnet.com\/wp-content\/uploads\/2023\/11\/TIM\u56fe\u724720200623092819_\u526f\u672c-1.jpg 800w, https:\/\/dkfishingnet.com\/wp-content\/uploads\/2023\/11\/TIM\u56fe\u724720200623092819_\u526f\u672c-1-300x300.jpg 300w, https:\/\/dkfishingnet.com\/wp-content\/uploads\/2023\/11\/TIM\u56fe\u724720200623092819_\u526f\u672c-1-100x100.jpg 100w, https:\/\/dkfishingnet.com\/wp-content\/uploads\/2023\/11\/TIM\u56fe\u724720200623092819_\u526f\u672c-1-600x600.jpg 600w, https:\/\/dkfishingnet.com\/wp-content\/uploads\/2023\/11\/TIM\u56fe\u724720200623092819_\u526f\u672c-1-150x150.jpg 150w, https:\/\/dkfishingnet.com\/wp-content\/uploads\/2023\/11\/TIM\u56fe\u724720200623092819_\u526f\u672c-1-768x768.jpg 768w\" sizes=\"(max-width: 800px) 100vw, 800px\" \/> <img decoding=\"async\" class=\"alignnone size-medium wp-image-712\" src=\"http:\/\/dkfishingnet.com\/wp-content\/uploads\/2023\/11\/TIM\u56fe\u724720200623092829_\u526f\u672c-1.jpg\" alt=\"\" width=\"800\" height=\"800\" srcset=\"https:\/\/dkfishingnet.com\/wp-content\/uploads\/2023\/11\/TIM\u56fe\u724720200623092829_\u526f\u672c-1.jpg 800w, https:\/\/dkfishingnet.com\/wp-content\/uploads\/2023\/11\/TIM\u56fe\u724720200623092829_\u526f\u672c-1-300x300.jpg 300w, https:\/\/dkfishingnet.com\/wp-content\/uploads\/2023\/11\/TIM\u56fe\u724720200623092829_\u526f\u672c-1-100x100.jpg 100w, https:\/\/dkfishingnet.com\/wp-content\/uploads\/2023\/11\/TIM\u56fe\u724720200623092829_\u526f\u672c-1-600x600.jpg 600w, https:\/\/dkfishingnet.com\/wp-content\/uploads\/2023\/11\/TIM\u56fe\u724720200623092829_\u526f\u672c-1-150x150.jpg 150w, https:\/\/dkfishingnet.com\/wp-content\/uploads\/2023\/11\/TIM\u56fe\u724720200623092829_\u526f\u672c-1-768x768.jpg 768w\" sizes=\"(max-width: 800px) 100vw, 800px\" \/> <img decoding=\"async\" class=\"alignnone size-medium wp-image-713\" src=\"http:\/\/dkfishingnet.com\/wp-content\/uploads\/2023\/11\/TIM\u56fe\u724720200623092843_\u526f\u672c.jpg\" alt=\"\" width=\"800\" height=\"800\" srcset=\"https:\/\/dkfishingnet.com\/wp-content\/uploads\/2023\/11\/TIM\u56fe\u724720200623092843_\u526f\u672c.jpg 800w, https:\/\/dkfishingnet.com\/wp-content\/uploads\/2023\/11\/TIM\u56fe\u724720200623092843_\u526f\u672c-300x300.jpg 300w, https:\/\/dkfishingnet.com\/wp-content\/uploads\/2023\/11\/TIM\u56fe\u724720200623092843_\u526f\u672c-100x100.jpg 100w, https:\/\/dkfishingnet.com\/wp-content\/uploads\/2023\/11\/TIM\u56fe\u724720200623092843_\u526f\u672c-600x600.jpg 600w, https:\/\/dkfishingnet.com\/wp-content\/uploads\/2023\/11\/TIM\u56fe\u724720200623092843_\u526f\u672c-150x150.jpg 150w, https:\/\/dkfishingnet.com\/wp-content\/uploads\/2023\/11\/TIM\u56fe\u724720200623092843_\u526f\u672c-768x768.jpg 768w\" sizes=\"(max-width: 800px) 100vw, 800px\" \/><\/p>\n<p><img loading=\"lazy\" decoding=\"async\" class=\"alignnone size-full wp-image-709\" src=\"http:\/\/dkfishingnet.com\/wp-content\/uploads\/2023\/11\/TIM\u56fe\u724720200623092742_\u526f\u672c.jpg\" alt=\"\" width=\"800\" height=\"800\" srcset=\"https:\/\/dkfishingnet.com\/wp-content\/uploads\/2023\/11\/TIM\u56fe\u724720200623092742_\u526f\u672c.jpg 800w, https:\/\/dkfishingnet.com\/wp-content\/uploads\/2023\/11\/TIM\u56fe\u724720200623092742_\u526f\u672c-300x300.jpg 300w, https:\/\/dkfishingnet.com\/wp-content\/uploads\/2023\/11\/TIM\u56fe\u724720200623092742_\u526f\u672c-100x100.jpg 100w, https:\/\/dkfishingnet.com\/wp-content\/uploads\/2023\/11\/TIM\u56fe\u724720200623092742_\u526f\u672c-600x600.jpg 600w, https:\/\/dkfishingnet.com\/wp-content\/uploads\/2023\/11\/TIM\u56fe\u724720200623092742_\u526f\u672c-150x150.jpg 150w, https:\/\/dkfishingnet.com\/wp-content\/uploads\/2023\/11\/TIM\u56fe\u724720200623092742_\u526f\u672c-768x768.jpg 768w\" sizes=\"(max-width: 800px) 100vw, 800px\" \/><\/p>","protected":false},"excerpt":{"rendered":"<p>Kalastusverkko koostuu silm\u00e4kappaleesta ja kahvasta. Kalastajat k\u00e4ytt\u00e4v\u00e4t t\u00e4llaista verkkoa siten, ett\u00e4 he heitt\u00e4v\u00e4t verkon nopeasti veteen ja sulkevat verkon nopeasti vet\u00e4m\u00e4ll\u00e4 kahvasta, jotta vedess\u00e4 olevat kalat saadaan kiinni. T\u00e4llainen verkko on joustavasti muotoiltu, ja se soveltuu erikokoisten kalojen pyydyst\u00e4miseen erityisesti matalassa vedess\u00e4 tai l\u00e4hell\u00e4 rantaa.<\/p>","protected":false},"featured_media":706,"template":"","meta":{"site-sidebar-layout":"default","site-content-layout":"","ast-site-content-layout":"default","site-content-style":"default","site-sidebar-style":"default","ast-global-header-display":"","ast-banner-title-visibility":"","ast-main-header-display":"","ast-hfb-above-header-display":"","ast-hfb-below-header-display":"","ast-hfb-mobile-header-display":"","site-post-title":"","ast-breadcrumbs-content":"","ast-featured-img":"","footer-sml-layout":"","theme-transparent-header-meta":"default","adv-header-id-meta":"","stick-header-meta":"","header-above-stick-meta":"","header-main-stick-meta":"","header-below-stick-meta":"","astra-migrate-meta-layouts":"set","ast-page-background-enabled":"default","ast-page-background-meta":{"desktop":{"background-color":"","background-image":"","background-repeat":"repeat","background-position":"center center","background-size":"auto","background-attachment":"scroll","background-type":"","background-media":"","overlay-type":"","overlay-color":"","overlay-gradient":""},"tablet":{"background-color":"","background-image":"","background-repeat":"repeat","background-position":"center center","background-size":"auto","background-attachment":"scroll","background-type":"","background-media":"","overlay-type":"","overlay-color":"","overlay-gradient":""},"mobile":{"background-color":"","background-image":"","background-repeat":"repeat","background-position":"center center","background-size":"auto","background-attachment":"scroll","background-type":"","background-media":"","overlay-type":"","overlay-color":"","overlay-gradient":""}},"ast-content-background-meta":{"desktop":{"background-color":"var(--ast-global-color-5)","background-image":"","background-repeat":"repeat","background-position":"center center","background-size":"auto","background-attachment":"scroll","background-type":"","background-media":"","overlay-type":"","overlay-color":"","overlay-gradient":""},"tablet":{"background-color":"var(--ast-global-color-5)","background-image":"","background-repeat":"repeat","background-position":"center center","background-size":"auto","background-attachment":"scroll","background-type":"","background-media":"","overlay-type":"","overlay-color":"","overlay-gradient":""},"mobile":{"background-color":"var(--ast-global-color-5)","background-image":"","background-repeat":"repeat","background-position":"center center","background-size":"auto","background-attachment":"scroll","background-type":"","background-media":"","overlay-type":"","overlay-color":"","overlay-gradient":""}}},"product_cat":[26,20],"product_tag":[],"_links":{"self":[{"href":"https:\/\/dkfishingnet.com\/fi\/wp-json\/wp\/v2\/product\/705"}],"collection":[{"href":"https:\/\/dkfishingnet.com\/fi\/wp-json\/wp\/v2\/product"}],"about":[{"href":"https:\/\/dkfishingnet.com\/fi\/wp-json\/wp\/v2\/types\/product"}],"wp:featuredmedia":[{"embeddable":true,"href":"https:\/\/dkfishingnet.com\/fi\/wp-json\/wp\/v2\/media\/706"}],"wp:attachment":[{"href":"https:\/\/dkfishingnet.com\/fi\/wp-json\/wp\/v2\/media?parent=705"}],"wp:term":[{"taxonomy":"product_cat","embeddable":true,"href":"https:\/\/dkfishingnet.com\/fi\/wp-json\/wp\/v2\/product_cat?post=705"},{"taxonomy":"product_tag","embeddable":true,"href":"https:\/\/dkfishingnet.com\/fi\/wp-json\/wp\/v2\/product_tag?post=705"}],"curies":[{"name":"wp","href":"https:\/\/api.w.org\/{rel}","templated":true}]}}