{"id":766,"date":"2023-11-22T23:57:37","date_gmt":"2023-11-22T15:57:37","guid":{"rendered":"https:\/\/dkfishingnet.com\/?post_type=product&#038;p=766"},"modified":"2023-11-22T23:57:37","modified_gmt":"2023-11-22T15:57:37","slug":"rectangular-crab-pot-fish-trap","status":"publish","type":"product","link":"https:\/\/dkfishingnet.com\/fi\/tuote\/rectangular-crab-pot-fish-trap\/","title":{"rendered":"Suorakulmainen rapuputki kalarys\u00e4"},"content":{"rendered":"<p>Suorakaiteen muotoinen rapurys\u00e4 on suorakaiteen muotoinen, ja se on valmistettu kest\u00e4v\u00e4st\u00e4 materiaalista, kuten langasta tai muovista. Siin\u00e4 on leuka, jonka avulla kalastajat voivat laittaa leukaan sy\u00f6tin houkutellakseen rapuja tai kaloja.<br \/>\nK\u00e4ytett\u00e4ess\u00e4 suorakulmainen ravustusastian kalaklipsi asetetaan veteen. Kun ravut tai kalat on houkuteltu kiinnittimen suuhun, kiinnitin suljetaan, jotta ne eiv\u00e4t p\u00e4\u00e4se karkaamaan. T\u00e4ll\u00e4 rakenteella voidaan pyydyst\u00e4\u00e4 tehokkaasti kohteita, ja se on yleinen v\u00e4line rapujen ja kalojen pyydyst\u00e4miseen.<br \/>\n<img fetchpriority=\"high\" decoding=\"async\" class=\"alignnone size-full wp-image-767\" src=\"http:\/\/dkfishingnet.com\/wp-content\/uploads\/2023\/11\/2020Cache_6befc438ec35501d.jpg\" alt=\"Rectangular crab pot fish trap\" width=\"800\" height=\"800\" srcset=\"https:\/\/dkfishingnet.com\/wp-content\/uploads\/2023\/11\/2020Cache_6befc438ec35501d.jpg 800w, https:\/\/dkfishingnet.com\/wp-content\/uploads\/2023\/11\/2020Cache_6befc438ec35501d-300x300.jpg 300w, https:\/\/dkfishingnet.com\/wp-content\/uploads\/2023\/11\/2020Cache_6befc438ec35501d-100x100.jpg 100w, https:\/\/dkfishingnet.com\/wp-content\/uploads\/2023\/11\/2020Cache_6befc438ec35501d-600x600.jpg 600w, https:\/\/dkfishingnet.com\/wp-content\/uploads\/2023\/11\/2020Cache_6befc438ec35501d-150x150.jpg 150w, https:\/\/dkfishingnet.com\/wp-content\/uploads\/2023\/11\/2020Cache_6befc438ec35501d-768x768.jpg 768w\" sizes=\"(max-width: 800px) 100vw, 800px\" \/><img decoding=\"async\" class=\"alignnone size-full wp-image-768\" src=\"http:\/\/dkfishingnet.com\/wp-content\/uploads\/2023\/11\/2020Cache_62a0f19de9dabda5.jpg\" alt=\"\" width=\"800\" height=\"800\" srcset=\"https:\/\/dkfishingnet.com\/wp-content\/uploads\/2023\/11\/2020Cache_62a0f19de9dabda5.jpg 800w, https:\/\/dkfishingnet.com\/wp-content\/uploads\/2023\/11\/2020Cache_62a0f19de9dabda5-300x300.jpg 300w, https:\/\/dkfishingnet.com\/wp-content\/uploads\/2023\/11\/2020Cache_62a0f19de9dabda5-100x100.jpg 100w, https:\/\/dkfishingnet.com\/wp-content\/uploads\/2023\/11\/2020Cache_62a0f19de9dabda5-600x600.jpg 600w, https:\/\/dkfishingnet.com\/wp-content\/uploads\/2023\/11\/2020Cache_62a0f19de9dabda5-150x150.jpg 150w, https:\/\/dkfishingnet.com\/wp-content\/uploads\/2023\/11\/2020Cache_62a0f19de9dabda5-768x768.jpg 768w\" sizes=\"(max-width: 800px) 100vw, 800px\" \/><img decoding=\"async\" class=\"alignnone size-full wp-image-769\" src=\"http:\/\/dkfishingnet.com\/wp-content\/uploads\/2023\/11\/2020Cache_-b012f8a4f45a3dd.jpg\" alt=\"\" width=\"800\" height=\"800\" srcset=\"https:\/\/dkfishingnet.com\/wp-content\/uploads\/2023\/11\/2020Cache_-b012f8a4f45a3dd.jpg 800w, https:\/\/dkfishingnet.com\/wp-content\/uploads\/2023\/11\/2020Cache_-b012f8a4f45a3dd-300x300.jpg 300w, https:\/\/dkfishingnet.com\/wp-content\/uploads\/2023\/11\/2020Cache_-b012f8a4f45a3dd-100x100.jpg 100w, https:\/\/dkfishingnet.com\/wp-content\/uploads\/2023\/11\/2020Cache_-b012f8a4f45a3dd-600x600.jpg 600w, https:\/\/dkfishingnet.com\/wp-content\/uploads\/2023\/11\/2020Cache_-b012f8a4f45a3dd-150x150.jpg 150w, https:\/\/dkfishingnet.com\/wp-content\/uploads\/2023\/11\/2020Cache_-b012f8a4f45a3dd-768x768.jpg 768w\" sizes=\"(max-width: 800px) 100vw, 800px\" \/><img loading=\"lazy\" decoding=\"async\" class=\"alignnone size-full wp-image-770\" src=\"http:\/\/dkfishingnet.com\/wp-content\/uploads\/2023\/11\/fish-trap_\u526f\u672c.jpg\" alt=\"\" width=\"800\" height=\"800\" srcset=\"https:\/\/dkfishingnet.com\/wp-content\/uploads\/2023\/11\/fish-trap_\u526f\u672c.jpg 800w, https:\/\/dkfishingnet.com\/wp-content\/uploads\/2023\/11\/fish-trap_\u526f\u672c-300x300.jpg 300w, https:\/\/dkfishingnet.com\/wp-content\/uploads\/2023\/11\/fish-trap_\u526f\u672c-100x100.jpg 100w, https:\/\/dkfishingnet.com\/wp-content\/uploads\/2023\/11\/fish-trap_\u526f\u672c-600x600.jpg 600w, https:\/\/dkfishingnet.com\/wp-content\/uploads\/2023\/11\/fish-trap_\u526f\u672c-150x150.jpg 150w, https:\/\/dkfishingnet.com\/wp-content\/uploads\/2023\/11\/fish-trap_\u526f\u672c-768x768.jpg 768w\" sizes=\"(max-width: 800px) 100vw, 800px\" \/><\/p>","protected":false},"excerpt":{"rendered":"<p>Suorakaiteen muotoinen rapurys\u00e4 on suorakaiteen muotoinen, ja se on valmistettu kest\u00e4v\u00e4st\u00e4 materiaalista, kuten langasta tai muovista. Siin\u00e4 on leuka, jonka avulla kalastajat voivat laittaa leukaan sy\u00f6tin houkutellakseen rapuja tai kaloja.<br \/>\nK\u00e4ytett\u00e4ess\u00e4 suorakulmainen ravustusastian kalaklipsi asetetaan veteen. Kun ravut tai kalat on houkuteltu kiinnittimen suuhun, kiinnitin suljetaan, jotta ne eiv\u00e4t p\u00e4\u00e4se karkaamaan. T\u00e4ll\u00e4 rakenteella voidaan pyydyst\u00e4\u00e4 tehokkaasti kohteita, ja se on yleinen v\u00e4line rapujen ja kalojen pyydyst\u00e4miseen.<\/p>","protected":false},"featured_media":767,"template":"","meta":{"site-sidebar-layout":"default","site-content-layout":"","ast-site-content-layout":"default","site-content-style":"default","site-sidebar-style":"default","ast-global-header-display":"","ast-banner-title-visibility":"","ast-main-header-display":"","ast-hfb-above-header-display":"","ast-hfb-below-header-display":"","ast-hfb-mobile-header-display":"","site-post-title":"","ast-breadcrumbs-content":"","ast-featured-img":"","footer-sml-layout":"","theme-transparent-header-meta":"default","adv-header-id-meta":"","stick-header-meta":"","header-above-stick-meta":"","header-main-stick-meta":"","header-below-stick-meta":"","astra-migrate-meta-layouts":"set","ast-page-background-enabled":"default","ast-page-background-meta":{"desktop":{"background-color":"","background-image":"","background-repeat":"repeat","background-position":"center center","background-size":"auto","background-attachment":"scroll","background-type":"","background-media":"","overlay-type":"","overlay-color":"","overlay-gradient":""},"tablet":{"background-color":"","background-image":"","background-repeat":"repeat","background-position":"center center","background-size":"auto","background-attachment":"scroll","background-type":"","background-media":"","overlay-type":"","overlay-color":"","overlay-gradient":""},"mobile":{"background-color":"","background-image":"","background-repeat":"repeat","background-position":"center center","background-size":"auto","background-attachment":"scroll","background-type":"","background-media":"","overlay-type":"","overlay-color":"","overlay-gradient":""}},"ast-content-background-meta":{"desktop":{"background-color":"var(--ast-global-color-5)","background-image":"","background-repeat":"repeat","background-position":"center center","background-size":"auto","background-attachment":"scroll","background-type":"","background-media":"","overlay-type":"","overlay-color":"","overlay-gradient":""},"tablet":{"background-color":"var(--ast-global-color-5)","background-image":"","background-repeat":"repeat","background-position":"center center","background-size":"auto","background-attachment":"scroll","background-type":"","background-media":"","overlay-type":"","overlay-color":"","overlay-gradient":""},"mobile":{"background-color":"var(--ast-global-color-5)","background-image":"","background-repeat":"repeat","background-position":"center center","background-size":"auto","background-attachment":"scroll","background-type":"","background-media":"","overlay-type":"","overlay-color":"","overlay-gradient":""}}},"product_cat":[30],"product_tag":[],"_links":{"self":[{"href":"https:\/\/dkfishingnet.com\/fi\/wp-json\/wp\/v2\/product\/766"}],"collection":[{"href":"https:\/\/dkfishingnet.com\/fi\/wp-json\/wp\/v2\/product"}],"about":[{"href":"https:\/\/dkfishingnet.com\/fi\/wp-json\/wp\/v2\/types\/product"}],"wp:featuredmedia":[{"embeddable":true,"href":"https:\/\/dkfishingnet.com\/fi\/wp-json\/wp\/v2\/media\/767"}],"wp:attachment":[{"href":"https:\/\/dkfishingnet.com\/fi\/wp-json\/wp\/v2\/media?parent=766"}],"wp:term":[{"taxonomy":"product_cat","embeddable":true,"href":"https:\/\/dkfishingnet.com\/fi\/wp-json\/wp\/v2\/product_cat?post=766"},{"taxonomy":"product_tag","embeddable":true,"href":"https:\/\/dkfishingnet.com\/fi\/wp-json\/wp\/v2\/product_tag?post=766"}],"curies":[{"name":"wp","href":"https:\/\/api.w.org\/{rel}","templated":true}]}}