{"id":721,"date":"2023-11-22T23:29:59","date_gmt":"2023-11-22T15:29:59","guid":{"rendered":"https:\/\/dkfishingnet.com\/?post_type=product&#038;p=721"},"modified":"2023-11-22T23:29:59","modified_gmt":"2023-11-22T15:29:59","slug":"three-layer-gill-net-commercial-fishing-net","status":"publish","type":"product","link":"https:\/\/dkfishingnet.com\/fr\/produit\/three-layer-gill-net-commercial-fishing-net\/","title":{"rendered":"Filet maillant \u00e0 trois couches Filet de p\u00eache commerciale"},"content":{"rendered":"<p>Un filet maillant \u00e0 trois couches est un filet de p\u00eache commerciale compos\u00e9 de trois couches de mailles. Cette conception a pour but d'accro\u00eetre l'efficacit\u00e9 du filet de p\u00eache et d'augmenter les chances de capture. Les filets de p\u00eache commerciale sont g\u00e9n\u00e9ralement utilis\u00e9s pour la p\u00eache \u00e0 grande \u00e9chelle, et leurs structures et mat\u00e9riaux sont s\u00e9lectionn\u00e9s pour s'adapter aux diff\u00e9rents environnements marins et aux diff\u00e9rents types de poissons cibl\u00e9s. Les filets maillants \u00e0 trois couches offrent une plus grande couverture lors de la capture, ce qui contribue \u00e0 augmenter le nombre de prises. Ce type de filet est largement utilis\u00e9 dans les p\u00eacheries, mais il doit \u00eatre utilis\u00e9 avec pr\u00e9caution pour assurer la durabilit\u00e9 de la p\u00eache.<\/p>\n<p><img fetchpriority=\"high\" decoding=\"async\" class=\"alignnone size-full wp-image-722\" src=\"http:\/\/dkfishingnet.com\/wp-content\/uploads\/2023\/11\/000.jpg\" alt=\"\" width=\"800\" height=\"800\" srcset=\"https:\/\/dkfishingnet.com\/wp-content\/uploads\/2023\/11\/000.jpg 800w, https:\/\/dkfishingnet.com\/wp-content\/uploads\/2023\/11\/000-300x300.jpg 300w, https:\/\/dkfishingnet.com\/wp-content\/uploads\/2023\/11\/000-100x100.jpg 100w, https:\/\/dkfishingnet.com\/wp-content\/uploads\/2023\/11\/000-600x600.jpg 600w, https:\/\/dkfishingnet.com\/wp-content\/uploads\/2023\/11\/000-150x150.jpg 150w, https:\/\/dkfishingnet.com\/wp-content\/uploads\/2023\/11\/000-768x768.jpg 768w\" sizes=\"(max-width: 800px) 100vw, 800px\" \/><\/p>\n<p><img decoding=\"async\" class=\"size-full wp-image-726 alignleft\" src=\"http:\/\/dkfishingnet.com\/wp-content\/uploads\/2023\/11\/\u5fae\u4fe1\u56fe\u7247_20220811093541-e1700666923364.jpg\" alt=\"\" width=\"360\" height=\"800\" \/> <img decoding=\"async\" class=\"alignnone wp-image-727 size-full\" src=\"http:\/\/dkfishingnet.com\/wp-content\/uploads\/2023\/11\/\u5fae\u4fe1\u56fe\u7247_20220811093451-e1700666956548.jpg\" alt=\"\" width=\"360\" height=\"800\" \/><\/p>","protected":false},"excerpt":{"rendered":"<p>Un filet maillant \u00e0 trois couches est un filet de p\u00eache commerciale compos\u00e9 de trois couches de mailles. Cette conception a pour but d'accro\u00eetre l'efficacit\u00e9 du filet de p\u00eache et d'augmenter les chances de capture. Les filets de p\u00eache commerciale sont g\u00e9n\u00e9ralement utilis\u00e9s pour la p\u00eache \u00e0 grande \u00e9chelle, et leurs structures et mat\u00e9riaux sont s\u00e9lectionn\u00e9s pour s'adapter aux diff\u00e9rents environnements marins et aux diff\u00e9rents types de poissons cibl\u00e9s. Les filets maillants \u00e0 trois couches offrent une plus grande couverture lors de la capture, ce qui contribue \u00e0 augmenter le nombre de prises. Ce type de filet est largement utilis\u00e9 dans les p\u00eacheries, mais il doit \u00eatre utilis\u00e9 avec pr\u00e9caution pour assurer la durabilit\u00e9 de la p\u00eache.<\/p>","protected":false},"featured_media":722,"template":"","meta":{"site-sidebar-layout":"default","site-content-layout":"","ast-site-content-layout":"default","site-content-style":"default","site-sidebar-style":"default","ast-global-header-display":"","ast-banner-title-visibility":"","ast-main-header-display":"","ast-hfb-above-header-display":"","ast-hfb-below-header-display":"","ast-hfb-mobile-header-display":"","site-post-title":"","ast-breadcrumbs-content":"","ast-featured-img":"","footer-sml-layout":"","theme-transparent-header-meta":"default","adv-header-id-meta":"","stick-header-meta":"","header-above-stick-meta":"","header-main-stick-meta":"","header-below-stick-meta":"","astra-migrate-meta-layouts":"set","ast-page-background-enabled":"default","ast-page-background-meta":{"desktop":{"background-color":"","background-image":"","background-repeat":"repeat","background-position":"center center","background-size":"auto","background-attachment":"scroll","background-type":"","background-media":"","overlay-type":"","overlay-color":"","overlay-gradient":""},"tablet":{"background-color":"","background-image":"","background-repeat":"repeat","background-position":"center center","background-size":"auto","background-attachment":"scroll","background-type":"","background-media":"","overlay-type":"","overlay-color":"","overlay-gradient":""},"mobile":{"background-color":"","background-image":"","background-repeat":"repeat","background-position":"center center","background-size":"auto","background-attachment":"scroll","background-type":"","background-media":"","overlay-type":"","overlay-color":"","overlay-gradient":""}},"ast-content-background-meta":{"desktop":{"background-color":"var(--ast-global-color-5)","background-image":"","background-repeat":"repeat","background-position":"center center","background-size":"auto","background-attachment":"scroll","background-type":"","background-media":"","overlay-type":"","overlay-color":"","overlay-gradient":""},"tablet":{"background-color":"var(--ast-global-color-5)","background-image":"","background-repeat":"repeat","background-position":"center center","background-size":"auto","background-attachment":"scroll","background-type":"","background-media":"","overlay-type":"","overlay-color":"","overlay-gradient":""},"mobile":{"background-color":"var(--ast-global-color-5)","background-image":"","background-repeat":"repeat","background-position":"center center","background-size":"auto","background-attachment":"scroll","background-type":"","background-media":"","overlay-type":"","overlay-color":"","overlay-gradient":""}}},"product_cat":[27],"product_tag":[],"_links":{"self":[{"href":"https:\/\/dkfishingnet.com\/fr\/wp-json\/wp\/v2\/product\/721"}],"collection":[{"href":"https:\/\/dkfishingnet.com\/fr\/wp-json\/wp\/v2\/product"}],"about":[{"href":"https:\/\/dkfishingnet.com\/fr\/wp-json\/wp\/v2\/types\/product"}],"wp:featuredmedia":[{"embeddable":true,"href":"https:\/\/dkfishingnet.com\/fr\/wp-json\/wp\/v2\/media\/722"}],"wp:attachment":[{"href":"https:\/\/dkfishingnet.com\/fr\/wp-json\/wp\/v2\/media?parent=721"}],"wp:term":[{"taxonomy":"product_cat","embeddable":true,"href":"https:\/\/dkfishingnet.com\/fr\/wp-json\/wp\/v2\/product_cat?post=721"},{"taxonomy":"product_tag","embeddable":true,"href":"https:\/\/dkfishingnet.com\/fr\/wp-json\/wp\/v2\/product_tag?post=721"}],"curies":[{"name":"wp","href":"https:\/\/api.w.org\/{rel}","templated":true}]}}