{"id":1097,"date":"2023-12-27T15:50:24","date_gmt":"2023-12-27T07:50:24","guid":{"rendered":"https:\/\/dkfishingnet.com\/?post_type=product&#038;p=1097"},"modified":"2023-12-27T15:50:24","modified_gmt":"2023-12-27T07:50:24","slug":"three-layer-gill-net-for-tuna-catching","status":"publish","type":"product","link":"https:\/\/dkfishingnet.com\/hu\/termek\/three-layer-gill-net-for-tuna-catching\/","title":{"rendered":"H\u00e1romr\u00e9teg\u0171 kopolty\u00fah\u00e1l\u00f3 tonhalfog\u00e1shoz"},"content":{"rendered":"<p>Ezt a kopolty\u00fah\u00e1l\u00f3t kifejezetten tonhalfog\u00e1sra tervezt\u00e9k, 2-100 kg tonhal fog\u00e1s\u00e1ra alkalmas. A kopolty\u00fah\u00e1l\u00f3 monofil nylon zsin\u00f3rb\u00f3l \u00e9s mono-multi nylon zsin\u00f3rb\u00f3l k\u00e9sz\u00fclt.<\/p>\n<p>A szabv\u00e1nyos m\u00e9ret ehhez a h\u00e1l\u00f3hoz :<\/p>\n<p>H\u00e1l\u00f3m\u00e9ret :k\u00fcls\u0151 r\u00e9teg 31cm, bels\u0151 r\u00e9teg 12,7cm.<\/p>\n<p>M\u00e9lys\u00e9g :2.4m<\/p>\n<p>Hossz: 50m<\/p>","protected":false},"excerpt":{"rendered":"<p>Ezt a kopolty\u00fah\u00e1l\u00f3t kifejezetten tonhalfog\u00e1sra tervezt\u00e9k, 2-100 kg tonhal fog\u00e1s\u00e1ra alkalmas. A kopolty\u00fah\u00e1l\u00f3 monofil nylon zsin\u00f3rb\u00f3l \u00e9s mono-multi nylon zsin\u00f3rb\u00f3l k\u00e9sz\u00fclt.<\/p>\n<p>A szabv\u00e1nyos m\u00e9ret ehhez a h\u00e1l\u00f3hoz :<\/p>\n<p>H\u00e1l\u00f3m\u00e9ret :k\u00fcls\u0151 r\u00e9teg 31cm, bels\u0151 r\u00e9teg 12,7cm.<\/p>\n<p>M\u00e9lys\u00e9g :2.4m<\/p>\n<p>Hossz: 50m<\/p>","protected":false},"featured_media":1098,"template":"","meta":{"site-sidebar-layout":"default","site-content-layout":"","ast-site-content-layout":"default","site-content-style":"default","site-sidebar-style":"default","ast-global-header-display":"","ast-banner-title-visibility":"","ast-main-header-display":"","ast-hfb-above-header-display":"","ast-hfb-below-header-display":"","ast-hfb-mobile-header-display":"","site-post-title":"","ast-breadcrumbs-content":"","ast-featured-img":"","footer-sml-layout":"","theme-transparent-header-meta":"default","adv-header-id-meta":"","stick-header-meta":"","header-above-stick-meta":"","header-main-stick-meta":"","header-below-stick-meta":"","astra-migrate-meta-layouts":"set","ast-page-background-enabled":"default","ast-page-background-meta":{"desktop":{"background-color":"","background-image":"","background-repeat":"repeat","background-position":"center center","background-size":"auto","background-attachment":"scroll","background-type":"","background-media":"","overlay-type":"","overlay-color":"","overlay-gradient":""},"tablet":{"background-color":"","background-image":"","background-repeat":"repeat","background-position":"center center","background-size":"auto","background-attachment":"scroll","background-type":"","background-media":"","overlay-type":"","overlay-color":"","overlay-gradient":""},"mobile":{"background-color":"","background-image":"","background-repeat":"repeat","background-position":"center center","background-size":"auto","background-attachment":"scroll","background-type":"","background-media":"","overlay-type":"","overlay-color":"","overlay-gradient":""}},"ast-content-background-meta":{"desktop":{"background-color":"var(--ast-global-color-5)","background-image":"","background-repeat":"repeat","background-position":"center center","background-size":"auto","background-attachment":"scroll","background-type":"","background-media":"","overlay-type":"","overlay-color":"","overlay-gradient":""},"tablet":{"background-color":"var(--ast-global-color-5)","background-image":"","background-repeat":"repeat","background-position":"center center","background-size":"auto","background-attachment":"scroll","background-type":"","background-media":"","overlay-type":"","overlay-color":"","overlay-gradient":""},"mobile":{"background-color":"var(--ast-global-color-5)","background-image":"","background-repeat":"repeat","background-position":"center center","background-size":"auto","background-attachment":"scroll","background-type":"","background-media":"","overlay-type":"","overlay-color":"","overlay-gradient":""}}},"product_cat":[20,27],"product_tag":[],"_links":{"self":[{"href":"https:\/\/dkfishingnet.com\/hu\/wp-json\/wp\/v2\/product\/1097"}],"collection":[{"href":"https:\/\/dkfishingnet.com\/hu\/wp-json\/wp\/v2\/product"}],"about":[{"href":"https:\/\/dkfishingnet.com\/hu\/wp-json\/wp\/v2\/types\/product"}],"wp:featuredmedia":[{"embeddable":true,"href":"https:\/\/dkfishingnet.com\/hu\/wp-json\/wp\/v2\/media\/1098"}],"wp:attachment":[{"href":"https:\/\/dkfishingnet.com\/hu\/wp-json\/wp\/v2\/media?parent=1097"}],"wp:term":[{"taxonomy":"product_cat","embeddable":true,"href":"https:\/\/dkfishingnet.com\/hu\/wp-json\/wp\/v2\/product_cat?post=1097"},{"taxonomy":"product_tag","embeddable":true,"href":"https:\/\/dkfishingnet.com\/hu\/wp-json\/wp\/v2\/product_tag?post=1097"}],"curies":[{"name":"wp","href":"https:\/\/api.w.org\/{rel}","templated":true}]}}