{"id":677,"date":"2023-11-22T23:07:25","date_gmt":"2023-11-22T15:07:25","guid":{"rendered":"https:\/\/dkfishingnet.com\/?post_type=product&#038;p=677"},"modified":"2023-11-22T23:07:25","modified_gmt":"2023-11-22T15:07:25","slug":"bottom-pocket-fuji-style-casting-net-with-lead-chain","status":"publish","type":"product","link":"https:\/\/dkfishingnet.com\/hu\/termek\/bottom-pocket-fuji-style-casting-net-with-lead-chain\/","title":{"rendered":"als\u00f3 zseb Fuji st\u00edlus\u00fa dob\u00f3h\u00e1l\u00f3 \u00f3loml\u00e1nccal"},"content":{"rendered":"<p>Az als\u00f3 t\u00e1ska A Fuji-t\u00edpus\u00fa \u00f3loml\u00e1ncos dob\u00f3h\u00e1l\u00f3 olyan hal\u00e1szfelszerel\u00e9s, amelyet a v\u00edzbe dob\u00e1sra vagy a v\u00edzbe dob\u00e1sra haszn\u00e1lnak hal\u00e1szat c\u00e9lj\u00e1b\u00f3l. Ez a h\u00e1l\u00f3 \u00e1ltal\u00e1ban \u00f3loml\u00e1nccal van ell\u00e1tva a ker\u00fclete k\u00f6r\u00fcl, hogy seg\u00edtse a gyors fen\u00e9kre s\u00fcllyed\u00e9st. A \"fen\u00e9kzs\u00e1kos\" kialak\u00edt\u00e1s lehet\u0151v\u00e9 teszi, hogy a h\u00e1l\u00f3 hat\u00e9konyan fogja meg a halakat, ez\u00e9rt n\u00e9pszer\u0171 v\u00e1laszt\u00e1s a horg\u00e1szok k\u00f6r\u00e9ben, k\u00fcl\u00f6n\u00f6sen akkor, ha a v\u00edzmeder k\u00f6zel\u00e9ben l\u00e9v\u0151 halakat c\u00e9lozz\u00e1k meg. Az \u00f3loml\u00e1nccal ell\u00e1tott Fuji t\u00edpus\u00fa dob\u00f3h\u00e1l\u00f3k ismertek a k\u00fcl\u00f6nb\u00f6z\u0151 v\u00edzi k\u00f6rnyezetekben t\u00f6rt\u00e9n\u0151 halfog\u00e1s hat\u00e9konys\u00e1g\u00e1r\u00f3l.<\/p>\n<p><img fetchpriority=\"high\" decoding=\"async\" class=\"alignnone size-medium wp-image-683\" src=\"http:\/\/dkfishingnet.com\/wp-content\/uploads\/2023\/11\/QQ\u56fe\u724720211116095749.jpg\" alt=\"\" width=\"800\" height=\"800\" srcset=\"https:\/\/dkfishingnet.com\/wp-content\/uploads\/2023\/11\/QQ\u56fe\u724720211116095749.jpg 800w, https:\/\/dkfishingnet.com\/wp-content\/uploads\/2023\/11\/QQ\u56fe\u724720211116095749-300x300.jpg 300w, https:\/\/dkfishingnet.com\/wp-content\/uploads\/2023\/11\/QQ\u56fe\u724720211116095749-100x100.jpg 100w, https:\/\/dkfishingnet.com\/wp-content\/uploads\/2023\/11\/QQ\u56fe\u724720211116095749-600x600.jpg 600w, https:\/\/dkfishingnet.com\/wp-content\/uploads\/2023\/11\/QQ\u56fe\u724720211116095749-150x150.jpg 150w, https:\/\/dkfishingnet.com\/wp-content\/uploads\/2023\/11\/QQ\u56fe\u724720211116095749-768x768.jpg 768w\" sizes=\"(max-width: 800px) 100vw, 800px\" \/> <img decoding=\"async\" class=\"alignnone size-medium wp-image-684\" src=\"http:\/\/dkfishingnet.com\/wp-content\/uploads\/2023\/11\/QQ\u56fe\u724720211116095836.jpg\" alt=\"\" width=\"800\" height=\"800\" srcset=\"https:\/\/dkfishingnet.com\/wp-content\/uploads\/2023\/11\/QQ\u56fe\u724720211116095836.jpg 800w, https:\/\/dkfishingnet.com\/wp-content\/uploads\/2023\/11\/QQ\u56fe\u724720211116095836-300x300.jpg 300w, https:\/\/dkfishingnet.com\/wp-content\/uploads\/2023\/11\/QQ\u56fe\u724720211116095836-100x100.jpg 100w, https:\/\/dkfishingnet.com\/wp-content\/uploads\/2023\/11\/QQ\u56fe\u724720211116095836-600x600.jpg 600w, https:\/\/dkfishingnet.com\/wp-content\/uploads\/2023\/11\/QQ\u56fe\u724720211116095836-150x150.jpg 150w, https:\/\/dkfishingnet.com\/wp-content\/uploads\/2023\/11\/QQ\u56fe\u724720211116095836-768x768.jpg 768w\" sizes=\"(max-width: 800px) 100vw, 800px\" \/><\/p>\n<p><img decoding=\"async\" class=\"alignnone size-full wp-image-685\" src=\"http:\/\/dkfishingnet.com\/wp-content\/uploads\/2023\/11\/\u65e5\u5f0f\u94c5\u94fe\u624b\u629b\u7f51_\u526f\u672c.jpg\" alt=\"\" width=\"800\" height=\"800\" srcset=\"https:\/\/dkfishingnet.com\/wp-content\/uploads\/2023\/11\/\u65e5\u5f0f\u94c5\u94fe\u624b\u629b\u7f51_\u526f\u672c.jpg 800w, https:\/\/dkfishingnet.com\/wp-content\/uploads\/2023\/11\/\u65e5\u5f0f\u94c5\u94fe\u624b\u629b\u7f51_\u526f\u672c-300x300.jpg 300w, https:\/\/dkfishingnet.com\/wp-content\/uploads\/2023\/11\/\u65e5\u5f0f\u94c5\u94fe\u624b\u629b\u7f51_\u526f\u672c-100x100.jpg 100w, https:\/\/dkfishingnet.com\/wp-content\/uploads\/2023\/11\/\u65e5\u5f0f\u94c5\u94fe\u624b\u629b\u7f51_\u526f\u672c-600x600.jpg 600w, https:\/\/dkfishingnet.com\/wp-content\/uploads\/2023\/11\/\u65e5\u5f0f\u94c5\u94fe\u624b\u629b\u7f51_\u526f\u672c-150x150.jpg 150w, https:\/\/dkfishingnet.com\/wp-content\/uploads\/2023\/11\/\u65e5\u5f0f\u94c5\u94fe\u624b\u629b\u7f51_\u526f\u672c-768x768.jpg 768w\" sizes=\"(max-width: 800px) 100vw, 800px\" \/><\/p>\n<p><img loading=\"lazy\" decoding=\"async\" class=\"alignnone size-medium wp-image-686\" src=\"http:\/\/dkfishingnet.com\/wp-content\/uploads\/2023\/11\/bottom-pocket-cast-net-1_\u526f\u672c.jpg\" alt=\"\" width=\"800\" height=\"800\" srcset=\"https:\/\/dkfishingnet.com\/wp-content\/uploads\/2023\/11\/bottom-pocket-cast-net-1_\u526f\u672c.jpg 800w, https:\/\/dkfishingnet.com\/wp-content\/uploads\/2023\/11\/bottom-pocket-cast-net-1_\u526f\u672c-300x300.jpg 300w, https:\/\/dkfishingnet.com\/wp-content\/uploads\/2023\/11\/bottom-pocket-cast-net-1_\u526f\u672c-100x100.jpg 100w, https:\/\/dkfishingnet.com\/wp-content\/uploads\/2023\/11\/bottom-pocket-cast-net-1_\u526f\u672c-600x600.jpg 600w, https:\/\/dkfishingnet.com\/wp-content\/uploads\/2023\/11\/bottom-pocket-cast-net-1_\u526f\u672c-150x150.jpg 150w, https:\/\/dkfishingnet.com\/wp-content\/uploads\/2023\/11\/bottom-pocket-cast-net-1_\u526f\u672c-768x768.jpg 768w\" sizes=\"(max-width: 800px) 100vw, 800px\" \/> <img loading=\"lazy\" decoding=\"async\" class=\"alignnone size-medium wp-image-687\" src=\"http:\/\/dkfishingnet.com\/wp-content\/uploads\/2023\/11\/Chain.jpg\" alt=\"\" width=\"800\" height=\"800\" srcset=\"https:\/\/dkfishingnet.com\/wp-content\/uploads\/2023\/11\/Chain.jpg 800w, https:\/\/dkfishingnet.com\/wp-content\/uploads\/2023\/11\/Chain-300x300.jpg 300w, https:\/\/dkfishingnet.com\/wp-content\/uploads\/2023\/11\/Chain-100x100.jpg 100w, https:\/\/dkfishingnet.com\/wp-content\/uploads\/2023\/11\/Chain-600x600.jpg 600w, https:\/\/dkfishingnet.com\/wp-content\/uploads\/2023\/11\/Chain-150x150.jpg 150w, https:\/\/dkfishingnet.com\/wp-content\/uploads\/2023\/11\/Chain-768x768.jpg 768w\" sizes=\"(max-width: 800px) 100vw, 800px\" \/><\/p>\n<p>&nbsp;<\/p>","protected":false},"excerpt":{"rendered":"<p>Az als\u00f3 t\u00e1ska A Fuji-t\u00edpus\u00fa \u00f3loml\u00e1ncos dob\u00f3h\u00e1l\u00f3 olyan hal\u00e1szfelszerel\u00e9s, amelyet a v\u00edzbe dob\u00e1sra vagy a v\u00edzbe dob\u00e1sra haszn\u00e1lnak hal\u00e1szat c\u00e9lj\u00e1b\u00f3l. Ez a h\u00e1l\u00f3 \u00e1ltal\u00e1ban \u00f3loml\u00e1nccal van ell\u00e1tva a ker\u00fclete k\u00f6r\u00fcl, hogy seg\u00edtse a gyors fen\u00e9kre s\u00fcllyed\u00e9st. A \"fen\u00e9kzs\u00e1kos\" kialak\u00edt\u00e1s lehet\u0151v\u00e9 teszi, hogy a h\u00e1l\u00f3 hat\u00e9konyan fogja meg a halakat, ez\u00e9rt n\u00e9pszer\u0171 v\u00e1laszt\u00e1s a horg\u00e1szok k\u00f6r\u00e9ben, k\u00fcl\u00f6n\u00f6sen akkor, ha a v\u00edzmeder k\u00f6zel\u00e9ben l\u00e9v\u0151 halakat c\u00e9lozz\u00e1k meg. Az \u00f3loml\u00e1nccal ell\u00e1tott Fuji t\u00edpus\u00fa dob\u00f3h\u00e1l\u00f3k ismertek a k\u00fcl\u00f6nb\u00f6z\u0151 v\u00edzi k\u00f6rnyezetekben t\u00f6rt\u00e9n\u0151 halfog\u00e1s hat\u00e9konys\u00e1g\u00e1r\u00f3l.<\/p>","protected":false},"featured_media":678,"template":"","meta":{"site-sidebar-layout":"default","site-content-layout":"","ast-site-content-layout":"default","site-content-style":"default","site-sidebar-style":"default","ast-global-header-display":"","ast-banner-title-visibility":"","ast-main-header-display":"","ast-hfb-above-header-display":"","ast-hfb-below-header-display":"","ast-hfb-mobile-header-display":"","site-post-title":"","ast-breadcrumbs-content":"","ast-featured-img":"","footer-sml-layout":"","theme-transparent-header-meta":"default","adv-header-id-meta":"","stick-header-meta":"","header-above-stick-meta":"","header-main-stick-meta":"","header-below-stick-meta":"","astra-migrate-meta-layouts":"set","ast-page-background-enabled":"default","ast-page-background-meta":{"desktop":{"background-color":"","background-image":"","background-repeat":"repeat","background-position":"center center","background-size":"auto","background-attachment":"scroll","background-type":"","background-media":"","overlay-type":"","overlay-color":"","overlay-gradient":""},"tablet":{"background-color":"","background-image":"","background-repeat":"repeat","background-position":"center center","background-size":"auto","background-attachment":"scroll","background-type":"","background-media":"","overlay-type":"","overlay-color":"","overlay-gradient":""},"mobile":{"background-color":"","background-image":"","background-repeat":"repeat","background-position":"center center","background-size":"auto","background-attachment":"scroll","background-type":"","background-media":"","overlay-type":"","overlay-color":"","overlay-gradient":""}},"ast-content-background-meta":{"desktop":{"background-color":"var(--ast-global-color-5)","background-image":"","background-repeat":"repeat","background-position":"center center","background-size":"auto","background-attachment":"scroll","background-type":"","background-media":"","overlay-type":"","overlay-color":"","overlay-gradient":""},"tablet":{"background-color":"var(--ast-global-color-5)","background-image":"","background-repeat":"repeat","background-position":"center center","background-size":"auto","background-attachment":"scroll","background-type":"","background-media":"","overlay-type":"","overlay-color":"","overlay-gradient":""},"mobile":{"background-color":"var(--ast-global-color-5)","background-image":"","background-repeat":"repeat","background-position":"center center","background-size":"auto","background-attachment":"scroll","background-type":"","background-media":"","overlay-type":"","overlay-color":"","overlay-gradient":""}}},"product_cat":[25],"product_tag":[],"_links":{"self":[{"href":"https:\/\/dkfishingnet.com\/hu\/wp-json\/wp\/v2\/product\/677"}],"collection":[{"href":"https:\/\/dkfishingnet.com\/hu\/wp-json\/wp\/v2\/product"}],"about":[{"href":"https:\/\/dkfishingnet.com\/hu\/wp-json\/wp\/v2\/types\/product"}],"wp:featuredmedia":[{"embeddable":true,"href":"https:\/\/dkfishingnet.com\/hu\/wp-json\/wp\/v2\/media\/678"}],"wp:attachment":[{"href":"https:\/\/dkfishingnet.com\/hu\/wp-json\/wp\/v2\/media?parent=677"}],"wp:term":[{"taxonomy":"product_cat","embeddable":true,"href":"https:\/\/dkfishingnet.com\/hu\/wp-json\/wp\/v2\/product_cat?post=677"},{"taxonomy":"product_tag","embeddable":true,"href":"https:\/\/dkfishingnet.com\/hu\/wp-json\/wp\/v2\/product_tag?post=677"}],"curies":[{"name":"wp","href":"https:\/\/api.w.org\/{rel}","templated":true}]}}