{"id":698,"date":"2023-11-22T23:16:12","date_gmt":"2023-11-22T15:16:12","guid":{"rendered":"https:\/\/dkfishingnet.com\/?post_type=product&#038;p=698"},"modified":"2023-11-22T23:16:43","modified_gmt":"2023-11-22T15:16:43","slug":"fishing-gill-net-nylon-monofilament","status":"publish","type":"product","link":"https:\/\/dkfishingnet.com\/hu\/termek\/fishing-gill-net-nylon-monofilament\/","title":{"rendered":"hal\u00e1szati kopolty\u00fah\u00e1l\u00f3 nejlon monofil"},"content":{"rendered":"<p>hal\u00e1szati kopolty\u00fah\u00e1l\u00f3 Nylon monofil fonalb\u00f3l van sz\u0151ve. Ezt a t\u00edpus\u00fa kopolty\u00fah\u00e1l\u00f3t \u00e1ltal\u00e1ban kis halak fog\u00e1s\u00e1ra haszn\u00e1lj\u00e1k, \u00e9s kialak\u00edt\u00e1sa miatt alkalmas a k\u00fcl\u00f6nb\u00f6z\u0151 t\u00edpus\u00fa hal\u00e1szatokhoz \u00e9s hal\u00e1szati k\u00f6rnyezetekhez. A nejlon anyag teszi a kopolty\u00fah\u00e1l\u00f3t sz\u00edv\u00f3ss\u00e1 \u00e9s tart\u00f3ss\u00e1, ugyanakkor el\u00e9gg\u00e9 rugalmass\u00e1 ahhoz, hogy elviselje a fog\u00e1si folyamat sor\u00e1n fell\u00e9p\u0151 h\u00faz\u00e1st \u00e9s ny\u00fajt\u00e1st. Ezt a t\u00edpus\u00fa hal\u00e1szh\u00e1l\u00f3t sz\u00e9les k\u00f6rben haszn\u00e1lj\u00e1k sz\u00e1mos k\u00fcl\u00f6nb\u00f6z\u0151 hal\u00e1szati tev\u00e9kenys\u00e9g sor\u00e1n.<\/p>\n<p><img fetchpriority=\"high\" decoding=\"async\" class=\"alignnone size-full wp-image-700\" src=\"http:\/\/dkfishingnet.com\/wp-content\/uploads\/2023\/11\/QQ\u56fe\u724720190509153959_\u526f\u672c.jpg\" alt=\"\" width=\"800\" height=\"800\" srcset=\"https:\/\/dkfishingnet.com\/wp-content\/uploads\/2023\/11\/QQ\u56fe\u724720190509153959_\u526f\u672c.jpg 800w, https:\/\/dkfishingnet.com\/wp-content\/uploads\/2023\/11\/QQ\u56fe\u724720190509153959_\u526f\u672c-300x300.jpg 300w, https:\/\/dkfishingnet.com\/wp-content\/uploads\/2023\/11\/QQ\u56fe\u724720190509153959_\u526f\u672c-100x100.jpg 100w, https:\/\/dkfishingnet.com\/wp-content\/uploads\/2023\/11\/QQ\u56fe\u724720190509153959_\u526f\u672c-600x600.jpg 600w, https:\/\/dkfishingnet.com\/wp-content\/uploads\/2023\/11\/QQ\u56fe\u724720190509153959_\u526f\u672c-150x150.jpg 150w, https:\/\/dkfishingnet.com\/wp-content\/uploads\/2023\/11\/QQ\u56fe\u724720190509153959_\u526f\u672c-768x768.jpg 768w\" sizes=\"(max-width: 800px) 100vw, 800px\" \/><img decoding=\"async\" class=\"alignnone size-full wp-image-701\" src=\"http:\/\/dkfishingnet.com\/wp-content\/uploads\/2023\/11\/QQ\u56fe\u724720190509154003_\u526f\u672c.jpg\" alt=\"\" width=\"800\" height=\"800\" srcset=\"https:\/\/dkfishingnet.com\/wp-content\/uploads\/2023\/11\/QQ\u56fe\u724720190509154003_\u526f\u672c.jpg 800w, https:\/\/dkfishingnet.com\/wp-content\/uploads\/2023\/11\/QQ\u56fe\u724720190509154003_\u526f\u672c-300x300.jpg 300w, https:\/\/dkfishingnet.com\/wp-content\/uploads\/2023\/11\/QQ\u56fe\u724720190509154003_\u526f\u672c-100x100.jpg 100w, https:\/\/dkfishingnet.com\/wp-content\/uploads\/2023\/11\/QQ\u56fe\u724720190509154003_\u526f\u672c-600x600.jpg 600w, https:\/\/dkfishingnet.com\/wp-content\/uploads\/2023\/11\/QQ\u56fe\u724720190509154003_\u526f\u672c-150x150.jpg 150w, https:\/\/dkfishingnet.com\/wp-content\/uploads\/2023\/11\/QQ\u56fe\u724720190509154003_\u526f\u672c-768x768.jpg 768w\" sizes=\"(max-width: 800px) 100vw, 800px\" \/><img decoding=\"async\" class=\"alignnone size-full wp-image-702\" src=\"http:\/\/dkfishingnet.com\/wp-content\/uploads\/2023\/11\/TIM\u56fe\u724720200417162420_\u526f\u672c.jpg\" alt=\"\" width=\"800\" height=\"800\" srcset=\"https:\/\/dkfishingnet.com\/wp-content\/uploads\/2023\/11\/TIM\u56fe\u724720200417162420_\u526f\u672c.jpg 800w, https:\/\/dkfishingnet.com\/wp-content\/uploads\/2023\/11\/TIM\u56fe\u724720200417162420_\u526f\u672c-300x300.jpg 300w, https:\/\/dkfishingnet.com\/wp-content\/uploads\/2023\/11\/TIM\u56fe\u724720200417162420_\u526f\u672c-100x100.jpg 100w, https:\/\/dkfishingnet.com\/wp-content\/uploads\/2023\/11\/TIM\u56fe\u724720200417162420_\u526f\u672c-600x600.jpg 600w, https:\/\/dkfishingnet.com\/wp-content\/uploads\/2023\/11\/TIM\u56fe\u724720200417162420_\u526f\u672c-150x150.jpg 150w, https:\/\/dkfishingnet.com\/wp-content\/uploads\/2023\/11\/TIM\u56fe\u724720200417162420_\u526f\u672c-768x768.jpg 768w\" sizes=\"(max-width: 800px) 100vw, 800px\" \/><\/p>","protected":false},"excerpt":{"rendered":"<p>hal\u00e1szati kopolty\u00fah\u00e1l\u00f3 Nylon monofil fonalb\u00f3l van sz\u0151ve. Ezt a t\u00edpus\u00fa kopolty\u00fah\u00e1l\u00f3t \u00e1ltal\u00e1ban kis halak fog\u00e1s\u00e1ra haszn\u00e1lj\u00e1k, \u00e9s kialak\u00edt\u00e1sa miatt alkalmas a k\u00fcl\u00f6nb\u00f6z\u0151 t\u00edpus\u00fa hal\u00e1szatokhoz \u00e9s hal\u00e1szati k\u00f6rnyezetekhez. A nejlon anyag teszi a kopolty\u00fah\u00e1l\u00f3t sz\u00edv\u00f3ss\u00e1 \u00e9s tart\u00f3ss\u00e1, ugyanakkor el\u00e9gg\u00e9 rugalmass\u00e1 ahhoz, hogy elviselje a fog\u00e1si folyamat sor\u00e1n fell\u00e9p\u0151 h\u00faz\u00e1st \u00e9s ny\u00fajt\u00e1st. Ezt a t\u00edpus\u00fa hal\u00e1szh\u00e1l\u00f3t sz\u00e9les k\u00f6rben haszn\u00e1lj\u00e1k sz\u00e1mos k\u00fcl\u00f6nb\u00f6z\u0151 hal\u00e1szati tev\u00e9kenys\u00e9g sor\u00e1n.<\/p>","protected":false},"featured_media":699,"template":"","meta":{"site-sidebar-layout":"default","site-content-layout":"","ast-site-content-layout":"default","site-content-style":"default","site-sidebar-style":"default","ast-global-header-display":"","ast-banner-title-visibility":"","ast-main-header-display":"","ast-hfb-above-header-display":"","ast-hfb-below-header-display":"","ast-hfb-mobile-header-display":"","site-post-title":"","ast-breadcrumbs-content":"","ast-featured-img":"","footer-sml-layout":"","theme-transparent-header-meta":"default","adv-header-id-meta":"","stick-header-meta":"","header-above-stick-meta":"","header-main-stick-meta":"","header-below-stick-meta":"","astra-migrate-meta-layouts":"set","ast-page-background-enabled":"default","ast-page-background-meta":{"desktop":{"background-color":"","background-image":"","background-repeat":"repeat","background-position":"center center","background-size":"auto","background-attachment":"scroll","background-type":"","background-media":"","overlay-type":"","overlay-color":"","overlay-gradient":""},"tablet":{"background-color":"","background-image":"","background-repeat":"repeat","background-position":"center center","background-size":"auto","background-attachment":"scroll","background-type":"","background-media":"","overlay-type":"","overlay-color":"","overlay-gradient":""},"mobile":{"background-color":"","background-image":"","background-repeat":"repeat","background-position":"center center","background-size":"auto","background-attachment":"scroll","background-type":"","background-media":"","overlay-type":"","overlay-color":"","overlay-gradient":""}},"ast-content-background-meta":{"desktop":{"background-color":"var(--ast-global-color-5)","background-image":"","background-repeat":"repeat","background-position":"center center","background-size":"auto","background-attachment":"scroll","background-type":"","background-media":"","overlay-type":"","overlay-color":"","overlay-gradient":""},"tablet":{"background-color":"var(--ast-global-color-5)","background-image":"","background-repeat":"repeat","background-position":"center center","background-size":"auto","background-attachment":"scroll","background-type":"","background-media":"","overlay-type":"","overlay-color":"","overlay-gradient":""},"mobile":{"background-color":"var(--ast-global-color-5)","background-image":"","background-repeat":"repeat","background-position":"center center","background-size":"auto","background-attachment":"scroll","background-type":"","background-media":"","overlay-type":"","overlay-color":"","overlay-gradient":""}}},"product_cat":[26,20],"product_tag":[],"_links":{"self":[{"href":"https:\/\/dkfishingnet.com\/hu\/wp-json\/wp\/v2\/product\/698"}],"collection":[{"href":"https:\/\/dkfishingnet.com\/hu\/wp-json\/wp\/v2\/product"}],"about":[{"href":"https:\/\/dkfishingnet.com\/hu\/wp-json\/wp\/v2\/types\/product"}],"wp:featuredmedia":[{"embeddable":true,"href":"https:\/\/dkfishingnet.com\/hu\/wp-json\/wp\/v2\/media\/699"}],"wp:attachment":[{"href":"https:\/\/dkfishingnet.com\/hu\/wp-json\/wp\/v2\/media?parent=698"}],"wp:term":[{"taxonomy":"product_cat","embeddable":true,"href":"https:\/\/dkfishingnet.com\/hu\/wp-json\/wp\/v2\/product_cat?post=698"},{"taxonomy":"product_tag","embeddable":true,"href":"https:\/\/dkfishingnet.com\/hu\/wp-json\/wp\/v2\/product_tag?post=698"}],"curies":[{"name":"wp","href":"https:\/\/api.w.org\/{rel}","templated":true}]}}