{"id":705,"date":"2023-11-22T23:19:38","date_gmt":"2023-11-22T15:19:38","guid":{"rendered":"https:\/\/dkfishingnet.com\/?post_type=product&#038;p=705"},"modified":"2023-11-22T23:19:38","modified_gmt":"2023-11-22T15:19:38","slug":"fishing-gill-nets","status":"publish","type":"product","link":"https:\/\/dkfishingnet.com\/hu\/termek\/fishing-gill-nets\/","title":{"rendered":"Hal\u00e1szati kopolty\u00fah\u00e1l\u00f3k"},"content":{"rendered":"<p>A kopolty\u00fah\u00e1l\u00f3 egy darab h\u00e1l\u00f3b\u00f3l \u00e9s egy foganty\u00fab\u00f3l \u00e1ll. A hal\u00e1szok \u00fagy haszn\u00e1lj\u00e1k ezt a fajta kopolty\u00fah\u00e1l\u00f3t, hogy a h\u00e1l\u00f3t gyorsan bedobj\u00e1k a v\u00edzbe, majd a foganty\u00fat gyorsan megh\u00fazva lez\u00e1rj\u00e1k a h\u00e1l\u00f3t, hogy a v\u00edzben l\u00e9v\u0151 halakat kifogj\u00e1k. Ez a fajta kopolty\u00fah\u00e1l\u00f3 rugalmas kialak\u00edt\u00e1s\u00fa, \u00e9s alkalmas k\u00fcl\u00f6nb\u00f6z\u0151 m\u00e9ret\u0171 halak fog\u00e1s\u00e1ra, k\u00fcl\u00f6n\u00f6sen sek\u00e9ly v\u00edzben vagy a part k\u00f6zel\u00e9ben.<\/p>\n<p><img fetchpriority=\"high\" decoding=\"async\" class=\"alignnone size-medium wp-image-711\" src=\"http:\/\/dkfishingnet.com\/wp-content\/uploads\/2023\/11\/TIM\u56fe\u724720200623092819_\u526f\u672c-1.jpg\" alt=\"\" width=\"800\" height=\"800\" srcset=\"https:\/\/dkfishingnet.com\/wp-content\/uploads\/2023\/11\/TIM\u56fe\u724720200623092819_\u526f\u672c-1.jpg 800w, https:\/\/dkfishingnet.com\/wp-content\/uploads\/2023\/11\/TIM\u56fe\u724720200623092819_\u526f\u672c-1-300x300.jpg 300w, https:\/\/dkfishingnet.com\/wp-content\/uploads\/2023\/11\/TIM\u56fe\u724720200623092819_\u526f\u672c-1-100x100.jpg 100w, https:\/\/dkfishingnet.com\/wp-content\/uploads\/2023\/11\/TIM\u56fe\u724720200623092819_\u526f\u672c-1-600x600.jpg 600w, https:\/\/dkfishingnet.com\/wp-content\/uploads\/2023\/11\/TIM\u56fe\u724720200623092819_\u526f\u672c-1-150x150.jpg 150w, https:\/\/dkfishingnet.com\/wp-content\/uploads\/2023\/11\/TIM\u56fe\u724720200623092819_\u526f\u672c-1-768x768.jpg 768w\" sizes=\"(max-width: 800px) 100vw, 800px\" \/> <img decoding=\"async\" class=\"alignnone size-medium wp-image-712\" src=\"http:\/\/dkfishingnet.com\/wp-content\/uploads\/2023\/11\/TIM\u56fe\u724720200623092829_\u526f\u672c-1.jpg\" alt=\"\" width=\"800\" height=\"800\" srcset=\"https:\/\/dkfishingnet.com\/wp-content\/uploads\/2023\/11\/TIM\u56fe\u724720200623092829_\u526f\u672c-1.jpg 800w, https:\/\/dkfishingnet.com\/wp-content\/uploads\/2023\/11\/TIM\u56fe\u724720200623092829_\u526f\u672c-1-300x300.jpg 300w, https:\/\/dkfishingnet.com\/wp-content\/uploads\/2023\/11\/TIM\u56fe\u724720200623092829_\u526f\u672c-1-100x100.jpg 100w, https:\/\/dkfishingnet.com\/wp-content\/uploads\/2023\/11\/TIM\u56fe\u724720200623092829_\u526f\u672c-1-600x600.jpg 600w, https:\/\/dkfishingnet.com\/wp-content\/uploads\/2023\/11\/TIM\u56fe\u724720200623092829_\u526f\u672c-1-150x150.jpg 150w, https:\/\/dkfishingnet.com\/wp-content\/uploads\/2023\/11\/TIM\u56fe\u724720200623092829_\u526f\u672c-1-768x768.jpg 768w\" sizes=\"(max-width: 800px) 100vw, 800px\" \/> <img decoding=\"async\" class=\"alignnone size-medium wp-image-713\" src=\"http:\/\/dkfishingnet.com\/wp-content\/uploads\/2023\/11\/TIM\u56fe\u724720200623092843_\u526f\u672c.jpg\" alt=\"\" width=\"800\" height=\"800\" srcset=\"https:\/\/dkfishingnet.com\/wp-content\/uploads\/2023\/11\/TIM\u56fe\u724720200623092843_\u526f\u672c.jpg 800w, https:\/\/dkfishingnet.com\/wp-content\/uploads\/2023\/11\/TIM\u56fe\u724720200623092843_\u526f\u672c-300x300.jpg 300w, https:\/\/dkfishingnet.com\/wp-content\/uploads\/2023\/11\/TIM\u56fe\u724720200623092843_\u526f\u672c-100x100.jpg 100w, https:\/\/dkfishingnet.com\/wp-content\/uploads\/2023\/11\/TIM\u56fe\u724720200623092843_\u526f\u672c-600x600.jpg 600w, https:\/\/dkfishingnet.com\/wp-content\/uploads\/2023\/11\/TIM\u56fe\u724720200623092843_\u526f\u672c-150x150.jpg 150w, https:\/\/dkfishingnet.com\/wp-content\/uploads\/2023\/11\/TIM\u56fe\u724720200623092843_\u526f\u672c-768x768.jpg 768w\" sizes=\"(max-width: 800px) 100vw, 800px\" \/><\/p>\n<p><img loading=\"lazy\" decoding=\"async\" class=\"alignnone size-full wp-image-709\" src=\"http:\/\/dkfishingnet.com\/wp-content\/uploads\/2023\/11\/TIM\u56fe\u724720200623092742_\u526f\u672c.jpg\" alt=\"\" width=\"800\" height=\"800\" srcset=\"https:\/\/dkfishingnet.com\/wp-content\/uploads\/2023\/11\/TIM\u56fe\u724720200623092742_\u526f\u672c.jpg 800w, https:\/\/dkfishingnet.com\/wp-content\/uploads\/2023\/11\/TIM\u56fe\u724720200623092742_\u526f\u672c-300x300.jpg 300w, https:\/\/dkfishingnet.com\/wp-content\/uploads\/2023\/11\/TIM\u56fe\u724720200623092742_\u526f\u672c-100x100.jpg 100w, https:\/\/dkfishingnet.com\/wp-content\/uploads\/2023\/11\/TIM\u56fe\u724720200623092742_\u526f\u672c-600x600.jpg 600w, https:\/\/dkfishingnet.com\/wp-content\/uploads\/2023\/11\/TIM\u56fe\u724720200623092742_\u526f\u672c-150x150.jpg 150w, https:\/\/dkfishingnet.com\/wp-content\/uploads\/2023\/11\/TIM\u56fe\u724720200623092742_\u526f\u672c-768x768.jpg 768w\" sizes=\"(max-width: 800px) 100vw, 800px\" \/><\/p>","protected":false},"excerpt":{"rendered":"<p>A kopolty\u00fah\u00e1l\u00f3 egy darab h\u00e1l\u00f3b\u00f3l \u00e9s egy foganty\u00fab\u00f3l \u00e1ll. A hal\u00e1szok \u00fagy haszn\u00e1lj\u00e1k ezt a fajta kopolty\u00fah\u00e1l\u00f3t, hogy a h\u00e1l\u00f3t gyorsan bedobj\u00e1k a v\u00edzbe, majd a foganty\u00fat gyorsan megh\u00fazva lez\u00e1rj\u00e1k a h\u00e1l\u00f3t, hogy a v\u00edzben l\u00e9v\u0151 halakat kifogj\u00e1k. Ez a fajta kopolty\u00fah\u00e1l\u00f3 rugalmas kialak\u00edt\u00e1s\u00fa, \u00e9s alkalmas k\u00fcl\u00f6nb\u00f6z\u0151 m\u00e9ret\u0171 halak fog\u00e1s\u00e1ra, k\u00fcl\u00f6n\u00f6sen sek\u00e9ly v\u00edzben vagy a part k\u00f6zel\u00e9ben.<\/p>","protected":false},"featured_media":706,"template":"","meta":{"site-sidebar-layout":"default","site-content-layout":"","ast-site-content-layout":"default","site-content-style":"default","site-sidebar-style":"default","ast-global-header-display":"","ast-banner-title-visibility":"","ast-main-header-display":"","ast-hfb-above-header-display":"","ast-hfb-below-header-display":"","ast-hfb-mobile-header-display":"","site-post-title":"","ast-breadcrumbs-content":"","ast-featured-img":"","footer-sml-layout":"","theme-transparent-header-meta":"default","adv-header-id-meta":"","stick-header-meta":"","header-above-stick-meta":"","header-main-stick-meta":"","header-below-stick-meta":"","astra-migrate-meta-layouts":"set","ast-page-background-enabled":"default","ast-page-background-meta":{"desktop":{"background-color":"","background-image":"","background-repeat":"repeat","background-position":"center center","background-size":"auto","background-attachment":"scroll","background-type":"","background-media":"","overlay-type":"","overlay-color":"","overlay-gradient":""},"tablet":{"background-color":"","background-image":"","background-repeat":"repeat","background-position":"center center","background-size":"auto","background-attachment":"scroll","background-type":"","background-media":"","overlay-type":"","overlay-color":"","overlay-gradient":""},"mobile":{"background-color":"","background-image":"","background-repeat":"repeat","background-position":"center center","background-size":"auto","background-attachment":"scroll","background-type":"","background-media":"","overlay-type":"","overlay-color":"","overlay-gradient":""}},"ast-content-background-meta":{"desktop":{"background-color":"var(--ast-global-color-5)","background-image":"","background-repeat":"repeat","background-position":"center center","background-size":"auto","background-attachment":"scroll","background-type":"","background-media":"","overlay-type":"","overlay-color":"","overlay-gradient":""},"tablet":{"background-color":"var(--ast-global-color-5)","background-image":"","background-repeat":"repeat","background-position":"center center","background-size":"auto","background-attachment":"scroll","background-type":"","background-media":"","overlay-type":"","overlay-color":"","overlay-gradient":""},"mobile":{"background-color":"var(--ast-global-color-5)","background-image":"","background-repeat":"repeat","background-position":"center center","background-size":"auto","background-attachment":"scroll","background-type":"","background-media":"","overlay-type":"","overlay-color":"","overlay-gradient":""}}},"product_cat":[26,20],"product_tag":[],"_links":{"self":[{"href":"https:\/\/dkfishingnet.com\/hu\/wp-json\/wp\/v2\/product\/705"}],"collection":[{"href":"https:\/\/dkfishingnet.com\/hu\/wp-json\/wp\/v2\/product"}],"about":[{"href":"https:\/\/dkfishingnet.com\/hu\/wp-json\/wp\/v2\/types\/product"}],"wp:featuredmedia":[{"embeddable":true,"href":"https:\/\/dkfishingnet.com\/hu\/wp-json\/wp\/v2\/media\/706"}],"wp:attachment":[{"href":"https:\/\/dkfishingnet.com\/hu\/wp-json\/wp\/v2\/media?parent=705"}],"wp:term":[{"taxonomy":"product_cat","embeddable":true,"href":"https:\/\/dkfishingnet.com\/hu\/wp-json\/wp\/v2\/product_cat?post=705"},{"taxonomy":"product_tag","embeddable":true,"href":"https:\/\/dkfishingnet.com\/hu\/wp-json\/wp\/v2\/product_tag?post=705"}],"curies":[{"name":"wp","href":"https:\/\/api.w.org\/{rel}","templated":true}]}}