{"id":715,"date":"2023-11-22T23:23:49","date_gmt":"2023-11-22T15:23:49","guid":{"rendered":"https:\/\/dkfishingnet.com\/?post_type=product&#038;p=715"},"modified":"2023-11-22T23:23:49","modified_gmt":"2023-11-22T15:23:49","slug":"fishing-gill-net-with-float-and-sinker","status":"publish","type":"product","link":"https:\/\/dkfishingnet.com\/hu\/termek\/fishing-gill-net-with-float-and-sinker\/","title":{"rendered":"hal\u00e1szh\u00e1l\u00f3 \u00fasz\u00f3val \u00e9s s\u00fcllyeszt\u0151vel"},"content":{"rendered":"<p>Az \u00fasz\u00f3val \u00e9s s\u00fcllyeszt\u0151vel ell\u00e1tott kopolty\u00fah\u00e1l\u00f3 egy darab h\u00e1l\u00f3b\u00f3l, egy \u00fasz\u00f3b\u00f3l \u00e9s egy s\u00fcllyeszt\u0151b\u0151l \u00e1ll. Ez a kialak\u00edt\u00e1s lehet\u0151v\u00e9 teszi a hal\u00e1szok sz\u00e1m\u00e1ra, hogy a kopolty\u00fah\u00e1l\u00f3 haszn\u00e1lata sor\u00e1n jobban kontroll\u00e1lhass\u00e1k a h\u00e1l\u00f3 helyzet\u00e9t \u00e9s m\u00e9lys\u00e9g\u00e9t. Az \u00fasz\u00f3 seg\u00edt fenntartani a kopolty\u00fah\u00e1l\u00f3 felhajt\u00f3erej\u00e9t a v\u00edzben, m\u00edg a s\u00fcllyeszt\u0151elem seg\u00edt abban, hogy a kopolty\u00fah\u00e1l\u00f3 gyorsan les\u00fcllyedjen a fen\u00e9kre, n\u00f6velve ezzel a fog\u00e1s hat\u00e9konys\u00e1g\u00e1t. Ezt a fajta kopolty\u00fah\u00e1l\u00f3t gyakran haszn\u00e1lj\u00e1k a v\u00edzfelsz\u00ednhez k\u00f6zeli halak fog\u00e1s\u00e1ra, \u00e9s k\u00fcl\u00f6nb\u00f6z\u0151 m\u00e9lys\u00e9gekben \u00e9s v\u00edzk\u00f6rnyezetekben alkalmazhat\u00f3.<\/p>\n<p><img fetchpriority=\"high\" decoding=\"async\" class=\"alignnone size-full wp-image-719\" src=\"http:\/\/dkfishingnet.com\/wp-content\/uploads\/2023\/11\/\u5fae\u4fe1\u56fe\u7247_20220831101139.jpg\" alt=\"\" width=\"800\" height=\"800\" srcset=\"https:\/\/dkfishingnet.com\/wp-content\/uploads\/2023\/11\/\u5fae\u4fe1\u56fe\u7247_20220831101139.jpg 800w, https:\/\/dkfishingnet.com\/wp-content\/uploads\/2023\/11\/\u5fae\u4fe1\u56fe\u7247_20220831101139-300x300.jpg 300w, https:\/\/dkfishingnet.com\/wp-content\/uploads\/2023\/11\/\u5fae\u4fe1\u56fe\u7247_20220831101139-100x100.jpg 100w, https:\/\/dkfishingnet.com\/wp-content\/uploads\/2023\/11\/\u5fae\u4fe1\u56fe\u7247_20220831101139-600x600.jpg 600w, https:\/\/dkfishingnet.com\/wp-content\/uploads\/2023\/11\/\u5fae\u4fe1\u56fe\u7247_20220831101139-150x150.jpg 150w, https:\/\/dkfishingnet.com\/wp-content\/uploads\/2023\/11\/\u5fae\u4fe1\u56fe\u7247_20220831101139-768x768.jpg 768w\" sizes=\"(max-width: 800px) 100vw, 800px\" \/><img decoding=\"async\" class=\"alignnone size-full wp-image-717\" src=\"http:\/\/dkfishingnet.com\/wp-content\/uploads\/2023\/11\/big-float-gill-net-1.jpg\" alt=\"\" width=\"800\" height=\"800\" srcset=\"https:\/\/dkfishingnet.com\/wp-content\/uploads\/2023\/11\/big-float-gill-net-1.jpg 800w, https:\/\/dkfishingnet.com\/wp-content\/uploads\/2023\/11\/big-float-gill-net-1-300x300.jpg 300w, https:\/\/dkfishingnet.com\/wp-content\/uploads\/2023\/11\/big-float-gill-net-1-100x100.jpg 100w, https:\/\/dkfishingnet.com\/wp-content\/uploads\/2023\/11\/big-float-gill-net-1-600x600.jpg 600w, https:\/\/dkfishingnet.com\/wp-content\/uploads\/2023\/11\/big-float-gill-net-1-150x150.jpg 150w, https:\/\/dkfishingnet.com\/wp-content\/uploads\/2023\/11\/big-float-gill-net-1-768x768.jpg 768w\" sizes=\"(max-width: 800px) 100vw, 800px\" \/><img decoding=\"async\" class=\"alignnone size-full wp-image-718\" src=\"http:\/\/dkfishingnet.com\/wp-content\/uploads\/2023\/11\/\u5fae\u4fe1\u56fe\u7247_20220831101134.jpg\" alt=\"\" width=\"800\" height=\"800\" srcset=\"https:\/\/dkfishingnet.com\/wp-content\/uploads\/2023\/11\/\u5fae\u4fe1\u56fe\u7247_20220831101134.jpg 800w, https:\/\/dkfishingnet.com\/wp-content\/uploads\/2023\/11\/\u5fae\u4fe1\u56fe\u7247_20220831101134-300x300.jpg 300w, https:\/\/dkfishingnet.com\/wp-content\/uploads\/2023\/11\/\u5fae\u4fe1\u56fe\u7247_20220831101134-100x100.jpg 100w, https:\/\/dkfishingnet.com\/wp-content\/uploads\/2023\/11\/\u5fae\u4fe1\u56fe\u7247_20220831101134-600x600.jpg 600w, https:\/\/dkfishingnet.com\/wp-content\/uploads\/2023\/11\/\u5fae\u4fe1\u56fe\u7247_20220831101134-150x150.jpg 150w, https:\/\/dkfishingnet.com\/wp-content\/uploads\/2023\/11\/\u5fae\u4fe1\u56fe\u7247_20220831101134-768x768.jpg 768w\" sizes=\"(max-width: 800px) 100vw, 800px\" \/><img loading=\"lazy\" decoding=\"async\" class=\"alignnone size-full wp-image-720\" src=\"http:\/\/dkfishingnet.com\/wp-content\/uploads\/2023\/11\/\u5fae\u4fe1\u56fe\u7247_20220831101148.jpg\" alt=\"\" width=\"800\" height=\"800\" srcset=\"https:\/\/dkfishingnet.com\/wp-content\/uploads\/2023\/11\/\u5fae\u4fe1\u56fe\u7247_20220831101148.jpg 800w, https:\/\/dkfishingnet.com\/wp-content\/uploads\/2023\/11\/\u5fae\u4fe1\u56fe\u7247_20220831101148-300x300.jpg 300w, https:\/\/dkfishingnet.com\/wp-content\/uploads\/2023\/11\/\u5fae\u4fe1\u56fe\u7247_20220831101148-100x100.jpg 100w, https:\/\/dkfishingnet.com\/wp-content\/uploads\/2023\/11\/\u5fae\u4fe1\u56fe\u7247_20220831101148-600x600.jpg 600w, https:\/\/dkfishingnet.com\/wp-content\/uploads\/2023\/11\/\u5fae\u4fe1\u56fe\u7247_20220831101148-150x150.jpg 150w, https:\/\/dkfishingnet.com\/wp-content\/uploads\/2023\/11\/\u5fae\u4fe1\u56fe\u7247_20220831101148-768x768.jpg 768w\" sizes=\"(max-width: 800px) 100vw, 800px\" \/><\/p>","protected":false},"excerpt":{"rendered":"<p>Az \u00fasz\u00f3val \u00e9s s\u00fcllyeszt\u0151vel ell\u00e1tott kopolty\u00fah\u00e1l\u00f3 egy darab h\u00e1l\u00f3b\u00f3l, egy \u00fasz\u00f3b\u00f3l \u00e9s egy s\u00fcllyeszt\u0151b\u0151l \u00e1ll. Ez a kialak\u00edt\u00e1s lehet\u0151v\u00e9 teszi a hal\u00e1szok sz\u00e1m\u00e1ra, hogy a kopolty\u00fah\u00e1l\u00f3 haszn\u00e1lata sor\u00e1n jobban kontroll\u00e1lhass\u00e1k a h\u00e1l\u00f3 helyzet\u00e9t \u00e9s m\u00e9lys\u00e9g\u00e9t. Az \u00fasz\u00f3 seg\u00edt fenntartani a kopolty\u00fah\u00e1l\u00f3 felhajt\u00f3erej\u00e9t a v\u00edzben, m\u00edg a s\u00fcllyeszt\u0151elem seg\u00edt abban, hogy a kopolty\u00fah\u00e1l\u00f3 gyorsan les\u00fcllyedjen a fen\u00e9kre, n\u00f6velve ezzel a fog\u00e1s hat\u00e9konys\u00e1g\u00e1t. Ezt a fajta kopolty\u00fah\u00e1l\u00f3t gyakran haszn\u00e1lj\u00e1k a v\u00edzfelsz\u00ednhez k\u00f6zeli halak fog\u00e1s\u00e1ra, \u00e9s k\u00fcl\u00f6nb\u00f6z\u0151 m\u00e9lys\u00e9gekben \u00e9s v\u00edzk\u00f6rnyezetekben alkalmazhat\u00f3.<\/p>\n<p>&nbsp;<\/p>","protected":false},"featured_media":716,"template":"","meta":{"site-sidebar-layout":"default","site-content-layout":"","ast-site-content-layout":"default","site-content-style":"default","site-sidebar-style":"default","ast-global-header-display":"","ast-banner-title-visibility":"","ast-main-header-display":"","ast-hfb-above-header-display":"","ast-hfb-below-header-display":"","ast-hfb-mobile-header-display":"","site-post-title":"","ast-breadcrumbs-content":"","ast-featured-img":"","footer-sml-layout":"","theme-transparent-header-meta":"default","adv-header-id-meta":"","stick-header-meta":"","header-above-stick-meta":"","header-main-stick-meta":"","header-below-stick-meta":"","astra-migrate-meta-layouts":"set","ast-page-background-enabled":"default","ast-page-background-meta":{"desktop":{"background-color":"","background-image":"","background-repeat":"repeat","background-position":"center center","background-size":"auto","background-attachment":"scroll","background-type":"","background-media":"","overlay-type":"","overlay-color":"","overlay-gradient":""},"tablet":{"background-color":"","background-image":"","background-repeat":"repeat","background-position":"center center","background-size":"auto","background-attachment":"scroll","background-type":"","background-media":"","overlay-type":"","overlay-color":"","overlay-gradient":""},"mobile":{"background-color":"","background-image":"","background-repeat":"repeat","background-position":"center center","background-size":"auto","background-attachment":"scroll","background-type":"","background-media":"","overlay-type":"","overlay-color":"","overlay-gradient":""}},"ast-content-background-meta":{"desktop":{"background-color":"var(--ast-global-color-5)","background-image":"","background-repeat":"repeat","background-position":"center center","background-size":"auto","background-attachment":"scroll","background-type":"","background-media":"","overlay-type":"","overlay-color":"","overlay-gradient":""},"tablet":{"background-color":"var(--ast-global-color-5)","background-image":"","background-repeat":"repeat","background-position":"center center","background-size":"auto","background-attachment":"scroll","background-type":"","background-media":"","overlay-type":"","overlay-color":"","overlay-gradient":""},"mobile":{"background-color":"var(--ast-global-color-5)","background-image":"","background-repeat":"repeat","background-position":"center center","background-size":"auto","background-attachment":"scroll","background-type":"","background-media":"","overlay-type":"","overlay-color":"","overlay-gradient":""}}},"product_cat":[26,20],"product_tag":[],"_links":{"self":[{"href":"https:\/\/dkfishingnet.com\/hu\/wp-json\/wp\/v2\/product\/715"}],"collection":[{"href":"https:\/\/dkfishingnet.com\/hu\/wp-json\/wp\/v2\/product"}],"about":[{"href":"https:\/\/dkfishingnet.com\/hu\/wp-json\/wp\/v2\/types\/product"}],"wp:featuredmedia":[{"embeddable":true,"href":"https:\/\/dkfishingnet.com\/hu\/wp-json\/wp\/v2\/media\/716"}],"wp:attachment":[{"href":"https:\/\/dkfishingnet.com\/hu\/wp-json\/wp\/v2\/media?parent=715"}],"wp:term":[{"taxonomy":"product_cat","embeddable":true,"href":"https:\/\/dkfishingnet.com\/hu\/wp-json\/wp\/v2\/product_cat?post=715"},{"taxonomy":"product_tag","embeddable":true,"href":"https:\/\/dkfishingnet.com\/hu\/wp-json\/wp\/v2\/product_tag?post=715"}],"curies":[{"name":"wp","href":"https:\/\/api.w.org\/{rel}","templated":true}]}}