{"id":721,"date":"2023-11-22T23:29:59","date_gmt":"2023-11-22T15:29:59","guid":{"rendered":"https:\/\/dkfishingnet.com\/?post_type=product&#038;p=721"},"modified":"2023-11-22T23:29:59","modified_gmt":"2023-11-22T15:29:59","slug":"three-layer-gill-net-commercial-fishing-net","status":"publish","type":"product","link":"https:\/\/dkfishingnet.com\/hu\/termek\/three-layer-gill-net-commercial-fishing-net\/","title":{"rendered":"H\u00e1romr\u00e9teg\u0171 kopolty\u00fah\u00e1l\u00f3s kereskedelmi hal\u00e1szh\u00e1l\u00f3"},"content":{"rendered":"<p>A h\u00e1romr\u00e9teg\u0171 kopolty\u00fah\u00e1l\u00f3 h\u00e1rom r\u00e9teg\u0171 h\u00e1l\u00f3b\u00f3l \u00e1ll\u00f3 kereskedelmi hal\u00e1szh\u00e1l\u00f3. Ez a kialak\u00edt\u00e1s a hal\u00e1szh\u00e1l\u00f3 hat\u00e9konys\u00e1g\u00e1t \u00e9s a fog\u00e1s val\u00f3sz\u00edn\u0171s\u00e9g\u00e9t hivatott n\u00f6velni. A kereskedelmi hal\u00e1szh\u00e1l\u00f3kat \u00e1ltal\u00e1ban nagy\u00fczemi hal\u00e1szatra haszn\u00e1lj\u00e1k, \u00e9s szerkezet\u00fcket \u00e9s anyagukat \u00fagy v\u00e1lasztj\u00e1k ki, hogy alkalmazkodjanak a k\u00fcl\u00f6nb\u00f6z\u0151 tengeri k\u00f6rnyezetekhez \u00e9s a k\u00fcl\u00f6nb\u00f6z\u0151 c\u00e9lhalakhoz. A h\u00e1romr\u00e9teg\u0171 kopolty\u00fah\u00e1l\u00f3k nagyobb lefedetts\u00e9get biztos\u00edtanak a fog\u00e1s sor\u00e1n, ami hozz\u00e1j\u00e1rul a fog\u00e1ssz\u00e1m n\u00f6vel\u00e9s\u00e9hez. Ezt a h\u00e1l\u00f3t\u00edpust sz\u00e9les k\u00f6rben haszn\u00e1lj\u00e1k a hal\u00e1szatban, de a hal\u00e1szat fenntarthat\u00f3s\u00e1g\u00e1nak biztos\u00edt\u00e1sa \u00e9rdek\u00e9ben \u00f3vatosan kell haszn\u00e1lni.<\/p>\n<p><img fetchpriority=\"high\" decoding=\"async\" class=\"alignnone size-full wp-image-722\" src=\"http:\/\/dkfishingnet.com\/wp-content\/uploads\/2023\/11\/000.jpg\" alt=\"\" width=\"800\" height=\"800\" srcset=\"https:\/\/dkfishingnet.com\/wp-content\/uploads\/2023\/11\/000.jpg 800w, https:\/\/dkfishingnet.com\/wp-content\/uploads\/2023\/11\/000-300x300.jpg 300w, https:\/\/dkfishingnet.com\/wp-content\/uploads\/2023\/11\/000-100x100.jpg 100w, https:\/\/dkfishingnet.com\/wp-content\/uploads\/2023\/11\/000-600x600.jpg 600w, https:\/\/dkfishingnet.com\/wp-content\/uploads\/2023\/11\/000-150x150.jpg 150w, https:\/\/dkfishingnet.com\/wp-content\/uploads\/2023\/11\/000-768x768.jpg 768w\" sizes=\"(max-width: 800px) 100vw, 800px\" \/><\/p>\n<p><img decoding=\"async\" class=\"size-full wp-image-726 alignleft\" src=\"http:\/\/dkfishingnet.com\/wp-content\/uploads\/2023\/11\/\u5fae\u4fe1\u56fe\u7247_20220811093541-e1700666923364.jpg\" alt=\"\" width=\"360\" height=\"800\" \/> <img decoding=\"async\" class=\"alignnone wp-image-727 size-full\" src=\"http:\/\/dkfishingnet.com\/wp-content\/uploads\/2023\/11\/\u5fae\u4fe1\u56fe\u7247_20220811093451-e1700666956548.jpg\" alt=\"\" width=\"360\" height=\"800\" \/><\/p>","protected":false},"excerpt":{"rendered":"<p>A h\u00e1romr\u00e9teg\u0171 kopolty\u00fah\u00e1l\u00f3 h\u00e1rom r\u00e9teg\u0171 h\u00e1l\u00f3b\u00f3l \u00e1ll\u00f3 kereskedelmi hal\u00e1szh\u00e1l\u00f3. Ez a kialak\u00edt\u00e1s a hal\u00e1szh\u00e1l\u00f3 hat\u00e9konys\u00e1g\u00e1t \u00e9s a fog\u00e1s val\u00f3sz\u00edn\u0171s\u00e9g\u00e9t hivatott n\u00f6velni. A kereskedelmi hal\u00e1szh\u00e1l\u00f3kat \u00e1ltal\u00e1ban nagy\u00fczemi hal\u00e1szatra haszn\u00e1lj\u00e1k, \u00e9s szerkezet\u00fcket \u00e9s anyagukat \u00fagy v\u00e1lasztj\u00e1k ki, hogy alkalmazkodjanak a k\u00fcl\u00f6nb\u00f6z\u0151 tengeri k\u00f6rnyezetekhez \u00e9s a k\u00fcl\u00f6nb\u00f6z\u0151 c\u00e9lhalakhoz. A h\u00e1romr\u00e9teg\u0171 kopolty\u00fah\u00e1l\u00f3k nagyobb lefedetts\u00e9get biztos\u00edtanak a fog\u00e1s sor\u00e1n, ami hozz\u00e1j\u00e1rul a fog\u00e1ssz\u00e1m n\u00f6vel\u00e9s\u00e9hez. Ezt a h\u00e1l\u00f3t\u00edpust sz\u00e9les k\u00f6rben haszn\u00e1lj\u00e1k a hal\u00e1szatban, de a hal\u00e1szat fenntarthat\u00f3s\u00e1g\u00e1nak biztos\u00edt\u00e1sa \u00e9rdek\u00e9ben \u00f3vatosan kell haszn\u00e1lni.<\/p>","protected":false},"featured_media":722,"template":"","meta":{"site-sidebar-layout":"default","site-content-layout":"","ast-site-content-layout":"default","site-content-style":"default","site-sidebar-style":"default","ast-global-header-display":"","ast-banner-title-visibility":"","ast-main-header-display":"","ast-hfb-above-header-display":"","ast-hfb-below-header-display":"","ast-hfb-mobile-header-display":"","site-post-title":"","ast-breadcrumbs-content":"","ast-featured-img":"","footer-sml-layout":"","theme-transparent-header-meta":"default","adv-header-id-meta":"","stick-header-meta":"","header-above-stick-meta":"","header-main-stick-meta":"","header-below-stick-meta":"","astra-migrate-meta-layouts":"set","ast-page-background-enabled":"default","ast-page-background-meta":{"desktop":{"background-color":"","background-image":"","background-repeat":"repeat","background-position":"center center","background-size":"auto","background-attachment":"scroll","background-type":"","background-media":"","overlay-type":"","overlay-color":"","overlay-gradient":""},"tablet":{"background-color":"","background-image":"","background-repeat":"repeat","background-position":"center center","background-size":"auto","background-attachment":"scroll","background-type":"","background-media":"","overlay-type":"","overlay-color":"","overlay-gradient":""},"mobile":{"background-color":"","background-image":"","background-repeat":"repeat","background-position":"center center","background-size":"auto","background-attachment":"scroll","background-type":"","background-media":"","overlay-type":"","overlay-color":"","overlay-gradient":""}},"ast-content-background-meta":{"desktop":{"background-color":"var(--ast-global-color-5)","background-image":"","background-repeat":"repeat","background-position":"center center","background-size":"auto","background-attachment":"scroll","background-type":"","background-media":"","overlay-type":"","overlay-color":"","overlay-gradient":""},"tablet":{"background-color":"var(--ast-global-color-5)","background-image":"","background-repeat":"repeat","background-position":"center center","background-size":"auto","background-attachment":"scroll","background-type":"","background-media":"","overlay-type":"","overlay-color":"","overlay-gradient":""},"mobile":{"background-color":"var(--ast-global-color-5)","background-image":"","background-repeat":"repeat","background-position":"center center","background-size":"auto","background-attachment":"scroll","background-type":"","background-media":"","overlay-type":"","overlay-color":"","overlay-gradient":""}}},"product_cat":[27],"product_tag":[],"_links":{"self":[{"href":"https:\/\/dkfishingnet.com\/hu\/wp-json\/wp\/v2\/product\/721"}],"collection":[{"href":"https:\/\/dkfishingnet.com\/hu\/wp-json\/wp\/v2\/product"}],"about":[{"href":"https:\/\/dkfishingnet.com\/hu\/wp-json\/wp\/v2\/types\/product"}],"wp:featuredmedia":[{"embeddable":true,"href":"https:\/\/dkfishingnet.com\/hu\/wp-json\/wp\/v2\/media\/722"}],"wp:attachment":[{"href":"https:\/\/dkfishingnet.com\/hu\/wp-json\/wp\/v2\/media?parent=721"}],"wp:term":[{"taxonomy":"product_cat","embeddable":true,"href":"https:\/\/dkfishingnet.com\/hu\/wp-json\/wp\/v2\/product_cat?post=721"},{"taxonomy":"product_tag","embeddable":true,"href":"https:\/\/dkfishingnet.com\/hu\/wp-json\/wp\/v2\/product_tag?post=721"}],"curies":[{"name":"wp","href":"https:\/\/api.w.org\/{rel}","templated":true}]}}