{"id":750,"date":"2023-11-22T23:45:39","date_gmt":"2023-11-22T15:45:39","guid":{"rendered":"https:\/\/dkfishingnet.com\/?post_type=product&#038;p=750"},"modified":"2023-11-22T23:45:49","modified_gmt":"2023-11-22T15:45:49","slug":"round-fish-cage-crab-trap","status":"publish","type":"product","link":"https:\/\/dkfishingnet.com\/hu\/termek\/round-fish-cage-crab-trap\/","title":{"rendered":"Kerek halak ketrec r\u00e1kcsapda"},"content":{"rendered":"<p>A k\u00f6r alak\u00fa r\u00e1kcsapda halak \u00e9s r\u00e1kok fog\u00e1s\u00e1ra haszn\u00e1lt hal\u00e1szfelszerel\u00e9s. Kerek vagy hengeres alak\u00fa. Ez a fajta hal\u00e1szfelszerel\u00e9s \u00e1ltal\u00e1ban f\u00e9mhuzalb\u00f3l, m\u0171anyaghuzalb\u00f3l vagy m\u00e1s tart\u00f3s anyagb\u00f3l k\u00e9sz\u00fcl, amely ketrecszer\u0171 szerkezetet alkot. A hal\u00e1szok \u00e1ltal\u00e1ban csalit tesznek a ketrecbe, majd a ketrecet a v\u00edzbe helyezik. Ha egy halat vagy r\u00e1kot egyszer a ketrec vonz, neh\u00e9z lesz kiszabadulnia, ha egyszer m\u00e1r bent van.<\/p>\n<p>Ez a kialak\u00edt\u00e1s egyszer\u0171 \u00e9s hat\u00e9kony, \u00e9s sz\u00e9les k\u00f6rben haszn\u00e1lj\u00e1k a hal\u00e1szati tev\u00e9kenys\u00e9gekben. A kerek hal\u00e1szzs\u00e1kok \u00e9s r\u00e1kzs\u00e1kok k\u00fcl\u00f6nb\u00f6z\u0151 vizekhez \u00e9s hal\u00e1szati c\u00e9lpontokhoz alkalmasak, \u00e9s a hal\u00e1szok \u00e1ltal a hal\u00e1szat sor\u00e1n haszn\u00e1lt egyik leggyakoribb eszk\u00f6z.<\/p>\n<p><img fetchpriority=\"high\" decoding=\"async\" class=\"alignnone size-medium wp-image-756\" src=\"http:\/\/dkfishingnet.com\/wp-content\/uploads\/2023\/11\/TIM\u56fe\u724720200623163540-1.jpg\" alt=\"\" width=\"800\" height=\"800\" srcset=\"https:\/\/dkfishingnet.com\/wp-content\/uploads\/2023\/11\/TIM\u56fe\u724720200623163540-1.jpg 800w, https:\/\/dkfishingnet.com\/wp-content\/uploads\/2023\/11\/TIM\u56fe\u724720200623163540-1-300x300.jpg 300w, https:\/\/dkfishingnet.com\/wp-content\/uploads\/2023\/11\/TIM\u56fe\u724720200623163540-1-100x100.jpg 100w, https:\/\/dkfishingnet.com\/wp-content\/uploads\/2023\/11\/TIM\u56fe\u724720200623163540-1-600x600.jpg 600w, https:\/\/dkfishingnet.com\/wp-content\/uploads\/2023\/11\/TIM\u56fe\u724720200623163540-1-150x150.jpg 150w, https:\/\/dkfishingnet.com\/wp-content\/uploads\/2023\/11\/TIM\u56fe\u724720200623163540-1-768x768.jpg 768w\" sizes=\"(max-width: 800px) 100vw, 800px\" \/> <img decoding=\"async\" class=\"alignnone size-medium wp-image-757\" src=\"http:\/\/dkfishingnet.com\/wp-content\/uploads\/2023\/11\/TIM\u56fe\u724720200623163600.jpg\" alt=\"\" width=\"800\" height=\"800\" srcset=\"https:\/\/dkfishingnet.com\/wp-content\/uploads\/2023\/11\/TIM\u56fe\u724720200623163600.jpg 800w, https:\/\/dkfishingnet.com\/wp-content\/uploads\/2023\/11\/TIM\u56fe\u724720200623163600-300x300.jpg 300w, https:\/\/dkfishingnet.com\/wp-content\/uploads\/2023\/11\/TIM\u56fe\u724720200623163600-100x100.jpg 100w, https:\/\/dkfishingnet.com\/wp-content\/uploads\/2023\/11\/TIM\u56fe\u724720200623163600-600x600.jpg 600w, https:\/\/dkfishingnet.com\/wp-content\/uploads\/2023\/11\/TIM\u56fe\u724720200623163600-150x150.jpg 150w, https:\/\/dkfishingnet.com\/wp-content\/uploads\/2023\/11\/TIM\u56fe\u724720200623163600-768x768.jpg 768w\" sizes=\"(max-width: 800px) 100vw, 800px\" \/> <img decoding=\"async\" class=\"alignnone size-medium wp-image-758\" src=\"http:\/\/dkfishingnet.com\/wp-content\/uploads\/2023\/11\/TIM\u56fe\u724720200623163619-1.jpg\" alt=\"\" width=\"800\" height=\"800\" srcset=\"https:\/\/dkfishingnet.com\/wp-content\/uploads\/2023\/11\/TIM\u56fe\u724720200623163619-1.jpg 800w, https:\/\/dkfishingnet.com\/wp-content\/uploads\/2023\/11\/TIM\u56fe\u724720200623163619-1-300x300.jpg 300w, https:\/\/dkfishingnet.com\/wp-content\/uploads\/2023\/11\/TIM\u56fe\u724720200623163619-1-100x100.jpg 100w, https:\/\/dkfishingnet.com\/wp-content\/uploads\/2023\/11\/TIM\u56fe\u724720200623163619-1-600x600.jpg 600w, https:\/\/dkfishingnet.com\/wp-content\/uploads\/2023\/11\/TIM\u56fe\u724720200623163619-1-150x150.jpg 150w, https:\/\/dkfishingnet.com\/wp-content\/uploads\/2023\/11\/TIM\u56fe\u724720200623163619-1-768x768.jpg 768w\" sizes=\"(max-width: 800px) 100vw, 800px\" \/><\/p>\n<p><img loading=\"lazy\" decoding=\"async\" class=\"alignnone size-full wp-image-753\" src=\"http:\/\/dkfishingnet.com\/wp-content\/uploads\/2023\/11\/QQ\u56fe\u724720211116095805.jpg\" alt=\"\" width=\"800\" height=\"800\" srcset=\"https:\/\/dkfishingnet.com\/wp-content\/uploads\/2023\/11\/QQ\u56fe\u724720211116095805.jpg 800w, https:\/\/dkfishingnet.com\/wp-content\/uploads\/2023\/11\/QQ\u56fe\u724720211116095805-300x300.jpg 300w, https:\/\/dkfishingnet.com\/wp-content\/uploads\/2023\/11\/QQ\u56fe\u724720211116095805-100x100.jpg 100w, https:\/\/dkfishingnet.com\/wp-content\/uploads\/2023\/11\/QQ\u56fe\u724720211116095805-600x600.jpg 600w, https:\/\/dkfishingnet.com\/wp-content\/uploads\/2023\/11\/QQ\u56fe\u724720211116095805-150x150.jpg 150w, https:\/\/dkfishingnet.com\/wp-content\/uploads\/2023\/11\/QQ\u56fe\u724720211116095805-768x768.jpg 768w\" sizes=\"(max-width: 800px) 100vw, 800px\" \/><\/p>","protected":false},"excerpt":{"rendered":"<p>A k\u00f6r alak\u00fa r\u00e1kcsapda halak \u00e9s r\u00e1kok fog\u00e1s\u00e1ra haszn\u00e1lt hal\u00e1szfelszerel\u00e9s. Kerek vagy hengeres alak\u00fa. Ez a fajta hal\u00e1szfelszerel\u00e9s \u00e1ltal\u00e1ban f\u00e9mhuzalb\u00f3l, m\u0171anyaghuzalb\u00f3l vagy m\u00e1s tart\u00f3s anyagb\u00f3l k\u00e9sz\u00fcl, amely ketrecszer\u0171 szerkezetet alkot. A hal\u00e1szok \u00e1ltal\u00e1ban csalit tesznek a ketrecbe, majd a ketrecet a v\u00edzbe helyezik. Ha egy halat vagy r\u00e1kot egyszer a ketrec vonz, neh\u00e9z lesz kiszabadulnia, ha egyszer m\u00e1r bent van.<\/p>\n<p>Ez a kialak\u00edt\u00e1s egyszer\u0171 \u00e9s hat\u00e9kony, \u00e9s sz\u00e9les k\u00f6rben haszn\u00e1lj\u00e1k a hal\u00e1szati tev\u00e9kenys\u00e9gekben. A kerek hal\u00e1szzs\u00e1kok \u00e9s r\u00e1kzs\u00e1kok k\u00fcl\u00f6nb\u00f6z\u0151 vizekhez \u00e9s hal\u00e1szati c\u00e9lpontokhoz alkalmasak, \u00e9s a hal\u00e1szok \u00e1ltal a hal\u00e1szat sor\u00e1n haszn\u00e1lt egyik leggyakoribb eszk\u00f6z.<\/p>","protected":false},"featured_media":751,"template":"","meta":{"site-sidebar-layout":"default","site-content-layout":"","ast-site-content-layout":"default","site-content-style":"default","site-sidebar-style":"default","ast-global-header-display":"","ast-banner-title-visibility":"","ast-main-header-display":"","ast-hfb-above-header-display":"","ast-hfb-below-header-display":"","ast-hfb-mobile-header-display":"","site-post-title":"","ast-breadcrumbs-content":"","ast-featured-img":"","footer-sml-layout":"","theme-transparent-header-meta":"default","adv-header-id-meta":"","stick-header-meta":"","header-above-stick-meta":"","header-main-stick-meta":"","header-below-stick-meta":"","astra-migrate-meta-layouts":"set","ast-page-background-enabled":"default","ast-page-background-meta":{"desktop":{"background-color":"","background-image":"","background-repeat":"repeat","background-position":"center center","background-size":"auto","background-attachment":"scroll","background-type":"","background-media":"","overlay-type":"","overlay-color":"","overlay-gradient":""},"tablet":{"background-color":"","background-image":"","background-repeat":"repeat","background-position":"center center","background-size":"auto","background-attachment":"scroll","background-type":"","background-media":"","overlay-type":"","overlay-color":"","overlay-gradient":""},"mobile":{"background-color":"","background-image":"","background-repeat":"repeat","background-position":"center center","background-size":"auto","background-attachment":"scroll","background-type":"","background-media":"","overlay-type":"","overlay-color":"","overlay-gradient":""}},"ast-content-background-meta":{"desktop":{"background-color":"var(--ast-global-color-5)","background-image":"","background-repeat":"repeat","background-position":"center center","background-size":"auto","background-attachment":"scroll","background-type":"","background-media":"","overlay-type":"","overlay-color":"","overlay-gradient":""},"tablet":{"background-color":"var(--ast-global-color-5)","background-image":"","background-repeat":"repeat","background-position":"center center","background-size":"auto","background-attachment":"scroll","background-type":"","background-media":"","overlay-type":"","overlay-color":"","overlay-gradient":""},"mobile":{"background-color":"var(--ast-global-color-5)","background-image":"","background-repeat":"repeat","background-position":"center center","background-size":"auto","background-attachment":"scroll","background-type":"","background-media":"","overlay-type":"","overlay-color":"","overlay-gradient":""}}},"product_cat":[29],"product_tag":[],"_links":{"self":[{"href":"https:\/\/dkfishingnet.com\/hu\/wp-json\/wp\/v2\/product\/750"}],"collection":[{"href":"https:\/\/dkfishingnet.com\/hu\/wp-json\/wp\/v2\/product"}],"about":[{"href":"https:\/\/dkfishingnet.com\/hu\/wp-json\/wp\/v2\/types\/product"}],"wp:featuredmedia":[{"embeddable":true,"href":"https:\/\/dkfishingnet.com\/hu\/wp-json\/wp\/v2\/media\/751"}],"wp:attachment":[{"href":"https:\/\/dkfishingnet.com\/hu\/wp-json\/wp\/v2\/media?parent=750"}],"wp:term":[{"taxonomy":"product_cat","embeddable":true,"href":"https:\/\/dkfishingnet.com\/hu\/wp-json\/wp\/v2\/product_cat?post=750"},{"taxonomy":"product_tag","embeddable":true,"href":"https:\/\/dkfishingnet.com\/hu\/wp-json\/wp\/v2\/product_tag?post=750"}],"curies":[{"name":"wp","href":"https:\/\/api.w.org\/{rel}","templated":true}]}}