{"id":649,"date":"2023-11-22T22:41:12","date_gmt":"2023-11-22T14:41:12","guid":{"rendered":"https:\/\/dkfishingnet.com\/?post_type=product&#038;p=649"},"modified":"2023-11-30T10:37:15","modified_gmt":"2023-11-30T02:37:15","slug":"commercial-fishing-casting-net","status":"publish","type":"product","link":"https:\/\/dkfishingnet.com\/it\/prodotto\/commercial-fishing-casting-net\/","title":{"rendered":"Rete da pesca commerciale"},"content":{"rendered":"<p>Il principio di funzionamento di una rete da pesca commerciale \u00e8 quello di utilizzare la forma e la gravit\u00e0 della rete per coprire il pesce e catturarlo. Quando l'utente lancia la rete verso l'acqua, questa si apre rapidamente formando una forma simile a un imbuto. Nel processo di fuga, il pesce sar\u00e0 limitato dalla forma e dalla tensione della rete e rimarr\u00e0 intrappolato nella rete. A questo punto, l'utente pu\u00f2 modificare la tensione e la posizione delle maglie tirando il sartiame, controllando ulteriormente l'effetto di cattura. Infine, l'utente riprende in mano la rete, fa uscire il pesce e completa il processo di cattura.<\/p>\n<p>&nbsp;<\/p>\n<p>&nbsp;<\/p>\n<p><img fetchpriority=\"high\" decoding=\"async\" class=\"alignnone size-full wp-image-653\" src=\"http:\/\/dkfishingnet.com\/wp-content\/uploads\/2023\/11\/\u5fae\u4fe1\u56fe\u7247_20211014105204.jpg\" alt=\"Fishing throw nets\" width=\"800\" height=\"800\" srcset=\"https:\/\/dkfishingnet.com\/wp-content\/uploads\/2023\/11\/\u5fae\u4fe1\u56fe\u7247_20211014105204.jpg 800w, https:\/\/dkfishingnet.com\/wp-content\/uploads\/2023\/11\/\u5fae\u4fe1\u56fe\u7247_20211014105204-300x300.jpg 300w, https:\/\/dkfishingnet.com\/wp-content\/uploads\/2023\/11\/\u5fae\u4fe1\u56fe\u7247_20211014105204-100x100.jpg 100w, https:\/\/dkfishingnet.com\/wp-content\/uploads\/2023\/11\/\u5fae\u4fe1\u56fe\u7247_20211014105204-600x600.jpg 600w, https:\/\/dkfishingnet.com\/wp-content\/uploads\/2023\/11\/\u5fae\u4fe1\u56fe\u7247_20211014105204-150x150.jpg 150w, https:\/\/dkfishingnet.com\/wp-content\/uploads\/2023\/11\/\u5fae\u4fe1\u56fe\u7247_20211014105204-768x768.jpg 768w\" sizes=\"(max-width: 800px) 100vw, 800px\" \/><img decoding=\"async\" class=\"alignnone wp-image-1044 size-full\" style=\"font-weight: inherit\" src=\"http:\/\/dkfishingnet.com\/wp-content\/uploads\/2023\/11\/\u7f8e\u5f0f\u5546\u75281.jpg\" alt=\"\" width=\"800\" height=\"800\" srcset=\"https:\/\/dkfishingnet.com\/wp-content\/uploads\/2023\/11\/\u7f8e\u5f0f\u5546\u75281.jpg 800w, https:\/\/dkfishingnet.com\/wp-content\/uploads\/2023\/11\/\u7f8e\u5f0f\u5546\u75281-150x150.jpg 150w, https:\/\/dkfishingnet.com\/wp-content\/uploads\/2023\/11\/\u7f8e\u5f0f\u5546\u75281-768x768.jpg 768w, https:\/\/dkfishingnet.com\/wp-content\/uploads\/2023\/11\/\u7f8e\u5f0f\u5546\u75281-12x12.jpg 12w, https:\/\/dkfishingnet.com\/wp-content\/uploads\/2023\/11\/\u7f8e\u5f0f\u5546\u75281-300x300.jpg 300w, https:\/\/dkfishingnet.com\/wp-content\/uploads\/2023\/11\/\u7f8e\u5f0f\u5546\u75281-600x600.jpg 600w, https:\/\/dkfishingnet.com\/wp-content\/uploads\/2023\/11\/\u7f8e\u5f0f\u5546\u75281-100x100.jpg 100w\" sizes=\"(max-width: 800px) 100vw, 800px\" \/><\/p>","protected":false},"excerpt":{"rendered":"<p>Il principio di funzionamento di una rete da pesca commerciale \u00e8 quello di utilizzare la forma e la gravit\u00e0 della rete per coprire il pesce e catturarlo. Quando l'utente lancia la rete verso l'acqua, questa si apre rapidamente formando una forma simile a un imbuto. Nel processo di fuga, il pesce sar\u00e0 limitato dalla forma e dalla tensione della rete e rimarr\u00e0 intrappolato nella rete. A questo punto, l'utente pu\u00f2 modificare la tensione e la posizione delle maglie tirando il sartiame, controllando ulteriormente l'effetto di cattura. Infine, l'utente riprende in mano la rete, fa uscire il pesce e completa il processo di cattura.<\/p>","protected":false},"featured_media":1043,"template":"","meta":{"site-sidebar-layout":"default","site-content-layout":"","ast-site-content-layout":"default","site-content-style":"default","site-sidebar-style":"default","ast-global-header-display":"","ast-banner-title-visibility":"","ast-main-header-display":"","ast-hfb-above-header-display":"","ast-hfb-below-header-display":"","ast-hfb-mobile-header-display":"","site-post-title":"","ast-breadcrumbs-content":"","ast-featured-img":"","footer-sml-layout":"","theme-transparent-header-meta":"default","adv-header-id-meta":"","stick-header-meta":"","header-above-stick-meta":"","header-main-stick-meta":"","header-below-stick-meta":"","astra-migrate-meta-layouts":"set","ast-page-background-enabled":"default","ast-page-background-meta":{"desktop":{"background-color":"","background-image":"","background-repeat":"repeat","background-position":"center center","background-size":"auto","background-attachment":"scroll","background-type":"","background-media":"","overlay-type":"","overlay-color":"","overlay-gradient":""},"tablet":{"background-color":"","background-image":"","background-repeat":"repeat","background-position":"center center","background-size":"auto","background-attachment":"scroll","background-type":"","background-media":"","overlay-type":"","overlay-color":"","overlay-gradient":""},"mobile":{"background-color":"","background-image":"","background-repeat":"repeat","background-position":"center center","background-size":"auto","background-attachment":"scroll","background-type":"","background-media":"","overlay-type":"","overlay-color":"","overlay-gradient":""}},"ast-content-background-meta":{"desktop":{"background-color":"var(--ast-global-color-5)","background-image":"","background-repeat":"repeat","background-position":"center center","background-size":"auto","background-attachment":"scroll","background-type":"","background-media":"","overlay-type":"","overlay-color":"","overlay-gradient":""},"tablet":{"background-color":"var(--ast-global-color-5)","background-image":"","background-repeat":"repeat","background-position":"center center","background-size":"auto","background-attachment":"scroll","background-type":"","background-media":"","overlay-type":"","overlay-color":"","overlay-gradient":""},"mobile":{"background-color":"var(--ast-global-color-5)","background-image":"","background-repeat":"repeat","background-position":"center center","background-size":"auto","background-attachment":"scroll","background-type":"","background-media":"","overlay-type":"","overlay-color":"","overlay-gradient":""}}},"product_cat":[19,24],"product_tag":[32,31],"_links":{"self":[{"href":"https:\/\/dkfishingnet.com\/it\/wp-json\/wp\/v2\/product\/649"}],"collection":[{"href":"https:\/\/dkfishingnet.com\/it\/wp-json\/wp\/v2\/product"}],"about":[{"href":"https:\/\/dkfishingnet.com\/it\/wp-json\/wp\/v2\/types\/product"}],"wp:featuredmedia":[{"embeddable":true,"href":"https:\/\/dkfishingnet.com\/it\/wp-json\/wp\/v2\/media\/1043"}],"wp:attachment":[{"href":"https:\/\/dkfishingnet.com\/it\/wp-json\/wp\/v2\/media?parent=649"}],"wp:term":[{"taxonomy":"product_cat","embeddable":true,"href":"https:\/\/dkfishingnet.com\/it\/wp-json\/wp\/v2\/product_cat?post=649"},{"taxonomy":"product_tag","embeddable":true,"href":"https:\/\/dkfishingnet.com\/it\/wp-json\/wp\/v2\/product_tag?post=649"}],"curies":[{"name":"wp","href":"https:\/\/api.w.org\/{rel}","templated":true}]}}