{"id":715,"date":"2023-11-22T23:23:49","date_gmt":"2023-11-22T15:23:49","guid":{"rendered":"https:\/\/dkfishingnet.com\/?post_type=product&#038;p=715"},"modified":"2023-11-22T23:23:49","modified_gmt":"2023-11-22T15:23:49","slug":"fishing-gill-net-with-float-and-sinker","status":"publish","type":"product","link":"https:\/\/dkfishingnet.com\/pl\/produkt\/fishing-gill-net-with-float-and-sinker\/","title":{"rendered":"sie\u0107 skrzelowa z p\u0142ywakiem i ci\u0119\u017carek"},"content":{"rendered":"<p>Sie\u0107 skrzelowa z p\u0142ywakiem i obci\u0105\u017cnikiem sk\u0142ada si\u0119 z kawa\u0142ka sieci, p\u0142ywaka i obci\u0105\u017cnika. Taka konstrukcja pozwala rybakom mie\u0107 wi\u0119ksz\u0105 kontrol\u0119 nad pozycj\u0105 i g\u0142\u0119boko\u015bci\u0105 sieci skrzelowej podczas jej u\u017cywania. P\u0142ywak pomaga utrzyma\u0107 p\u0142ywalno\u015b\u0107 sieci skrzelowej w wodzie, podczas gdy ci\u0119\u017carek pomaga sieci skrzelowej szybko opa\u015b\u0107 na dno, zwi\u0119kszaj\u0105c skuteczno\u015b\u0107 po\u0142owu. Ten rodzaj sieci skrzelowej jest cz\u0119sto u\u017cywany do po\u0142owu ryb blisko powierzchni wody i nadaje si\u0119 do r\u00f3\u017cnych g\u0142\u0119boko\u015bci i \u015brodowisk wodnych.<\/p>\n<p><img fetchpriority=\"high\" decoding=\"async\" class=\"alignnone size-full wp-image-719\" src=\"http:\/\/dkfishingnet.com\/wp-content\/uploads\/2023\/11\/\u5fae\u4fe1\u56fe\u7247_20220831101139.jpg\" alt=\"\" width=\"800\" height=\"800\" srcset=\"https:\/\/dkfishingnet.com\/wp-content\/uploads\/2023\/11\/\u5fae\u4fe1\u56fe\u7247_20220831101139.jpg 800w, https:\/\/dkfishingnet.com\/wp-content\/uploads\/2023\/11\/\u5fae\u4fe1\u56fe\u7247_20220831101139-300x300.jpg 300w, https:\/\/dkfishingnet.com\/wp-content\/uploads\/2023\/11\/\u5fae\u4fe1\u56fe\u7247_20220831101139-100x100.jpg 100w, https:\/\/dkfishingnet.com\/wp-content\/uploads\/2023\/11\/\u5fae\u4fe1\u56fe\u7247_20220831101139-600x600.jpg 600w, https:\/\/dkfishingnet.com\/wp-content\/uploads\/2023\/11\/\u5fae\u4fe1\u56fe\u7247_20220831101139-150x150.jpg 150w, https:\/\/dkfishingnet.com\/wp-content\/uploads\/2023\/11\/\u5fae\u4fe1\u56fe\u7247_20220831101139-768x768.jpg 768w\" sizes=\"(max-width: 800px) 100vw, 800px\" \/><img decoding=\"async\" class=\"alignnone size-full wp-image-717\" src=\"http:\/\/dkfishingnet.com\/wp-content\/uploads\/2023\/11\/big-float-gill-net-1.jpg\" alt=\"\" width=\"800\" height=\"800\" srcset=\"https:\/\/dkfishingnet.com\/wp-content\/uploads\/2023\/11\/big-float-gill-net-1.jpg 800w, https:\/\/dkfishingnet.com\/wp-content\/uploads\/2023\/11\/big-float-gill-net-1-300x300.jpg 300w, https:\/\/dkfishingnet.com\/wp-content\/uploads\/2023\/11\/big-float-gill-net-1-100x100.jpg 100w, https:\/\/dkfishingnet.com\/wp-content\/uploads\/2023\/11\/big-float-gill-net-1-600x600.jpg 600w, https:\/\/dkfishingnet.com\/wp-content\/uploads\/2023\/11\/big-float-gill-net-1-150x150.jpg 150w, https:\/\/dkfishingnet.com\/wp-content\/uploads\/2023\/11\/big-float-gill-net-1-768x768.jpg 768w\" sizes=\"(max-width: 800px) 100vw, 800px\" \/><img decoding=\"async\" class=\"alignnone size-full wp-image-718\" src=\"http:\/\/dkfishingnet.com\/wp-content\/uploads\/2023\/11\/\u5fae\u4fe1\u56fe\u7247_20220831101134.jpg\" alt=\"\" width=\"800\" height=\"800\" srcset=\"https:\/\/dkfishingnet.com\/wp-content\/uploads\/2023\/11\/\u5fae\u4fe1\u56fe\u7247_20220831101134.jpg 800w, https:\/\/dkfishingnet.com\/wp-content\/uploads\/2023\/11\/\u5fae\u4fe1\u56fe\u7247_20220831101134-300x300.jpg 300w, https:\/\/dkfishingnet.com\/wp-content\/uploads\/2023\/11\/\u5fae\u4fe1\u56fe\u7247_20220831101134-100x100.jpg 100w, https:\/\/dkfishingnet.com\/wp-content\/uploads\/2023\/11\/\u5fae\u4fe1\u56fe\u7247_20220831101134-600x600.jpg 600w, https:\/\/dkfishingnet.com\/wp-content\/uploads\/2023\/11\/\u5fae\u4fe1\u56fe\u7247_20220831101134-150x150.jpg 150w, https:\/\/dkfishingnet.com\/wp-content\/uploads\/2023\/11\/\u5fae\u4fe1\u56fe\u7247_20220831101134-768x768.jpg 768w\" sizes=\"(max-width: 800px) 100vw, 800px\" \/><img loading=\"lazy\" decoding=\"async\" class=\"alignnone size-full wp-image-720\" src=\"http:\/\/dkfishingnet.com\/wp-content\/uploads\/2023\/11\/\u5fae\u4fe1\u56fe\u7247_20220831101148.jpg\" alt=\"\" width=\"800\" height=\"800\" srcset=\"https:\/\/dkfishingnet.com\/wp-content\/uploads\/2023\/11\/\u5fae\u4fe1\u56fe\u7247_20220831101148.jpg 800w, https:\/\/dkfishingnet.com\/wp-content\/uploads\/2023\/11\/\u5fae\u4fe1\u56fe\u7247_20220831101148-300x300.jpg 300w, https:\/\/dkfishingnet.com\/wp-content\/uploads\/2023\/11\/\u5fae\u4fe1\u56fe\u7247_20220831101148-100x100.jpg 100w, https:\/\/dkfishingnet.com\/wp-content\/uploads\/2023\/11\/\u5fae\u4fe1\u56fe\u7247_20220831101148-600x600.jpg 600w, https:\/\/dkfishingnet.com\/wp-content\/uploads\/2023\/11\/\u5fae\u4fe1\u56fe\u7247_20220831101148-150x150.jpg 150w, https:\/\/dkfishingnet.com\/wp-content\/uploads\/2023\/11\/\u5fae\u4fe1\u56fe\u7247_20220831101148-768x768.jpg 768w\" sizes=\"(max-width: 800px) 100vw, 800px\" \/><\/p>","protected":false},"excerpt":{"rendered":"<p>Sie\u0107 skrzelowa z p\u0142ywakiem i obci\u0105\u017cnikiem sk\u0142ada si\u0119 z kawa\u0142ka sieci, p\u0142ywaka i obci\u0105\u017cnika. Taka konstrukcja pozwala rybakom mie\u0107 wi\u0119ksz\u0105 kontrol\u0119 nad pozycj\u0105 i g\u0142\u0119boko\u015bci\u0105 sieci skrzelowej podczas jej u\u017cywania. P\u0142ywak pomaga utrzyma\u0107 p\u0142ywalno\u015b\u0107 sieci skrzelowej w wodzie, podczas gdy ci\u0119\u017carek pomaga sieci skrzelowej szybko opa\u015b\u0107 na dno, zwi\u0119kszaj\u0105c skuteczno\u015b\u0107 po\u0142owu. Ten rodzaj sieci skrzelowej jest cz\u0119sto u\u017cywany do po\u0142owu ryb blisko powierzchni wody i nadaje si\u0119 do r\u00f3\u017cnych g\u0142\u0119boko\u015bci i \u015brodowisk wodnych.<\/p>\n<p>&nbsp;<\/p>","protected":false},"featured_media":716,"template":"","meta":{"site-sidebar-layout":"default","site-content-layout":"","ast-site-content-layout":"default","site-content-style":"default","site-sidebar-style":"default","ast-global-header-display":"","ast-banner-title-visibility":"","ast-main-header-display":"","ast-hfb-above-header-display":"","ast-hfb-below-header-display":"","ast-hfb-mobile-header-display":"","site-post-title":"","ast-breadcrumbs-content":"","ast-featured-img":"","footer-sml-layout":"","theme-transparent-header-meta":"default","adv-header-id-meta":"","stick-header-meta":"","header-above-stick-meta":"","header-main-stick-meta":"","header-below-stick-meta":"","astra-migrate-meta-layouts":"set","ast-page-background-enabled":"default","ast-page-background-meta":{"desktop":{"background-color":"","background-image":"","background-repeat":"repeat","background-position":"center center","background-size":"auto","background-attachment":"scroll","background-type":"","background-media":"","overlay-type":"","overlay-color":"","overlay-gradient":""},"tablet":{"background-color":"","background-image":"","background-repeat":"repeat","background-position":"center center","background-size":"auto","background-attachment":"scroll","background-type":"","background-media":"","overlay-type":"","overlay-color":"","overlay-gradient":""},"mobile":{"background-color":"","background-image":"","background-repeat":"repeat","background-position":"center center","background-size":"auto","background-attachment":"scroll","background-type":"","background-media":"","overlay-type":"","overlay-color":"","overlay-gradient":""}},"ast-content-background-meta":{"desktop":{"background-color":"var(--ast-global-color-5)","background-image":"","background-repeat":"repeat","background-position":"center center","background-size":"auto","background-attachment":"scroll","background-type":"","background-media":"","overlay-type":"","overlay-color":"","overlay-gradient":""},"tablet":{"background-color":"var(--ast-global-color-5)","background-image":"","background-repeat":"repeat","background-position":"center center","background-size":"auto","background-attachment":"scroll","background-type":"","background-media":"","overlay-type":"","overlay-color":"","overlay-gradient":""},"mobile":{"background-color":"var(--ast-global-color-5)","background-image":"","background-repeat":"repeat","background-position":"center center","background-size":"auto","background-attachment":"scroll","background-type":"","background-media":"","overlay-type":"","overlay-color":"","overlay-gradient":""}}},"product_cat":[26,20],"product_tag":[],"_links":{"self":[{"href":"https:\/\/dkfishingnet.com\/pl\/wp-json\/wp\/v2\/product\/715"}],"collection":[{"href":"https:\/\/dkfishingnet.com\/pl\/wp-json\/wp\/v2\/product"}],"about":[{"href":"https:\/\/dkfishingnet.com\/pl\/wp-json\/wp\/v2\/types\/product"}],"wp:featuredmedia":[{"embeddable":true,"href":"https:\/\/dkfishingnet.com\/pl\/wp-json\/wp\/v2\/media\/716"}],"wp:attachment":[{"href":"https:\/\/dkfishingnet.com\/pl\/wp-json\/wp\/v2\/media?parent=715"}],"wp:term":[{"taxonomy":"product_cat","embeddable":true,"href":"https:\/\/dkfishingnet.com\/pl\/wp-json\/wp\/v2\/product_cat?post=715"},{"taxonomy":"product_tag","embeddable":true,"href":"https:\/\/dkfishingnet.com\/pl\/wp-json\/wp\/v2\/product_tag?post=715"}],"curies":[{"name":"wp","href":"https:\/\/api.w.org\/{rel}","templated":true}]}}