{"id":721,"date":"2023-11-22T23:29:59","date_gmt":"2023-11-22T15:29:59","guid":{"rendered":"https:\/\/dkfishingnet.com\/?post_type=product&#038;p=721"},"modified":"2023-11-22T23:29:59","modified_gmt":"2023-11-22T15:29:59","slug":"three-layer-gill-net-commercial-fishing-net","status":"publish","type":"product","link":"https:\/\/dkfishingnet.com\/pl\/produkt\/three-layer-gill-net-commercial-fishing-net\/","title":{"rendered":"Tr\u00f3jwarstwowa sie\u0107 skrzelowa do po\u0142ow\u00f3w komercyjnych"},"content":{"rendered":"<p>Tr\u00f3jwarstwowa sie\u0107 skrzelowa to komercyjna sie\u0107 rybacka sk\u0142adaj\u0105ca si\u0119 z trzech warstw oczek. Taka konstrukcja ma na celu zwi\u0119kszenie wydajno\u015bci sieci rybackiej i zwi\u0119kszenie prawdopodobie\u0144stwa po\u0142owu. Komercyjne sieci rybackie s\u0105 zwykle u\u017cywane do po\u0142ow\u00f3w na du\u017c\u0105 skal\u0119, a ich struktury i materia\u0142y s\u0105 wybierane w celu dostosowania do r\u00f3\u017cnych \u015brodowisk morskich i r\u00f3\u017cnych rodzaj\u00f3w ryb docelowych. Tr\u00f3jwarstwowe sieci skrzelowe zapewniaj\u0105 wi\u0119kszy zasi\u0119g podczas po\u0142owu, pomagaj\u0105c zwi\u0119kszy\u0107 liczb\u0119 po\u0142ow\u00f3w. Ten rodzaj sieci jest szeroko stosowany w rybo\u0142\u00f3wstwie, ale nale\u017cy go r\u00f3wnie\u017c u\u017cywa\u0107 ostro\u017cnie, aby zapewni\u0107 zr\u00f3wnowa\u017cony rozw\u00f3j rybo\u0142\u00f3wstwa.<\/p>\n<p><img fetchpriority=\"high\" decoding=\"async\" class=\"alignnone size-full wp-image-722\" src=\"http:\/\/dkfishingnet.com\/wp-content\/uploads\/2023\/11\/000.jpg\" alt=\"\" width=\"800\" height=\"800\" srcset=\"https:\/\/dkfishingnet.com\/wp-content\/uploads\/2023\/11\/000.jpg 800w, https:\/\/dkfishingnet.com\/wp-content\/uploads\/2023\/11\/000-300x300.jpg 300w, https:\/\/dkfishingnet.com\/wp-content\/uploads\/2023\/11\/000-100x100.jpg 100w, https:\/\/dkfishingnet.com\/wp-content\/uploads\/2023\/11\/000-600x600.jpg 600w, https:\/\/dkfishingnet.com\/wp-content\/uploads\/2023\/11\/000-150x150.jpg 150w, https:\/\/dkfishingnet.com\/wp-content\/uploads\/2023\/11\/000-768x768.jpg 768w\" sizes=\"(max-width: 800px) 100vw, 800px\" \/><\/p>\n<p><img decoding=\"async\" class=\"size-full wp-image-726 alignleft\" src=\"http:\/\/dkfishingnet.com\/wp-content\/uploads\/2023\/11\/\u5fae\u4fe1\u56fe\u7247_20220811093541-e1700666923364.jpg\" alt=\"\" width=\"360\" height=\"800\" \/> <img decoding=\"async\" class=\"alignnone wp-image-727 size-full\" src=\"http:\/\/dkfishingnet.com\/wp-content\/uploads\/2023\/11\/\u5fae\u4fe1\u56fe\u7247_20220811093451-e1700666956548.jpg\" alt=\"\" width=\"360\" height=\"800\" \/><\/p>","protected":false},"excerpt":{"rendered":"<p>Tr\u00f3jwarstwowa sie\u0107 skrzelowa to komercyjna sie\u0107 rybacka sk\u0142adaj\u0105ca si\u0119 z trzech warstw oczek. Taka konstrukcja ma na celu zwi\u0119kszenie wydajno\u015bci sieci rybackiej i zwi\u0119kszenie prawdopodobie\u0144stwa po\u0142owu. Komercyjne sieci rybackie s\u0105 zwykle u\u017cywane do po\u0142ow\u00f3w na du\u017c\u0105 skal\u0119, a ich struktury i materia\u0142y s\u0105 wybierane w celu dostosowania do r\u00f3\u017cnych \u015brodowisk morskich i r\u00f3\u017cnych rodzaj\u00f3w ryb docelowych. Tr\u00f3jwarstwowe sieci skrzelowe zapewniaj\u0105 wi\u0119kszy zasi\u0119g podczas po\u0142owu, pomagaj\u0105c zwi\u0119kszy\u0107 liczb\u0119 po\u0142ow\u00f3w. Ten rodzaj sieci jest szeroko stosowany w rybo\u0142\u00f3wstwie, ale nale\u017cy go r\u00f3wnie\u017c u\u017cywa\u0107 ostro\u017cnie, aby zapewni\u0107 zr\u00f3wnowa\u017cony rozw\u00f3j rybo\u0142\u00f3wstwa.<\/p>","protected":false},"featured_media":722,"template":"","meta":{"site-sidebar-layout":"default","site-content-layout":"","ast-site-content-layout":"default","site-content-style":"default","site-sidebar-style":"default","ast-global-header-display":"","ast-banner-title-visibility":"","ast-main-header-display":"","ast-hfb-above-header-display":"","ast-hfb-below-header-display":"","ast-hfb-mobile-header-display":"","site-post-title":"","ast-breadcrumbs-content":"","ast-featured-img":"","footer-sml-layout":"","theme-transparent-header-meta":"default","adv-header-id-meta":"","stick-header-meta":"","header-above-stick-meta":"","header-main-stick-meta":"","header-below-stick-meta":"","astra-migrate-meta-layouts":"set","ast-page-background-enabled":"default","ast-page-background-meta":{"desktop":{"background-color":"","background-image":"","background-repeat":"repeat","background-position":"center center","background-size":"auto","background-attachment":"scroll","background-type":"","background-media":"","overlay-type":"","overlay-color":"","overlay-gradient":""},"tablet":{"background-color":"","background-image":"","background-repeat":"repeat","background-position":"center center","background-size":"auto","background-attachment":"scroll","background-type":"","background-media":"","overlay-type":"","overlay-color":"","overlay-gradient":""},"mobile":{"background-color":"","background-image":"","background-repeat":"repeat","background-position":"center center","background-size":"auto","background-attachment":"scroll","background-type":"","background-media":"","overlay-type":"","overlay-color":"","overlay-gradient":""}},"ast-content-background-meta":{"desktop":{"background-color":"var(--ast-global-color-5)","background-image":"","background-repeat":"repeat","background-position":"center center","background-size":"auto","background-attachment":"scroll","background-type":"","background-media":"","overlay-type":"","overlay-color":"","overlay-gradient":""},"tablet":{"background-color":"var(--ast-global-color-5)","background-image":"","background-repeat":"repeat","background-position":"center center","background-size":"auto","background-attachment":"scroll","background-type":"","background-media":"","overlay-type":"","overlay-color":"","overlay-gradient":""},"mobile":{"background-color":"var(--ast-global-color-5)","background-image":"","background-repeat":"repeat","background-position":"center center","background-size":"auto","background-attachment":"scroll","background-type":"","background-media":"","overlay-type":"","overlay-color":"","overlay-gradient":""}}},"product_cat":[27],"product_tag":[],"_links":{"self":[{"href":"https:\/\/dkfishingnet.com\/pl\/wp-json\/wp\/v2\/product\/721"}],"collection":[{"href":"https:\/\/dkfishingnet.com\/pl\/wp-json\/wp\/v2\/product"}],"about":[{"href":"https:\/\/dkfishingnet.com\/pl\/wp-json\/wp\/v2\/types\/product"}],"wp:featuredmedia":[{"embeddable":true,"href":"https:\/\/dkfishingnet.com\/pl\/wp-json\/wp\/v2\/media\/722"}],"wp:attachment":[{"href":"https:\/\/dkfishingnet.com\/pl\/wp-json\/wp\/v2\/media?parent=721"}],"wp:term":[{"taxonomy":"product_cat","embeddable":true,"href":"https:\/\/dkfishingnet.com\/pl\/wp-json\/wp\/v2\/product_cat?post=721"},{"taxonomy":"product_tag","embeddable":true,"href":"https:\/\/dkfishingnet.com\/pl\/wp-json\/wp\/v2\/product_tag?post=721"}],"curies":[{"name":"wp","href":"https:\/\/api.w.org\/{rel}","templated":true}]}}