{"id":739,"date":"2023-11-22T23:42:05","date_gmt":"2023-11-22T15:42:05","guid":{"rendered":"https:\/\/dkfishingnet.com\/?post_type=product&#038;p=739"},"modified":"2023-11-23T19:05:56","modified_gmt":"2023-11-23T11:05:56","slug":"knotted-fishing-net-nylon-monofilament","status":"publish","type":"product","link":"https:\/\/dkfishingnet.com\/pl\/produkt\/knotted-fishing-net-nylon-monofilament\/","title":{"rendered":"Wi\u0105zana sie\u0107 rybacka z monofilamentu nylonowego"},"content":{"rendered":"<p>Wi\u0105zane sieci rybackie s\u0105 zwykle wykonane z nylonowych monofilament\u00f3w, kt\u00f3re s\u0105 wplecione w struktur\u0119 siatki. Jedn\u0105 z cech charakterystycznych tego typu sieci rybackich s\u0105 r\u00f3\u017cne rodzaje w\u0119z\u0142\u00f3w stosowanych podczas ich produkcji w celu utrzymania integralno\u015bci i stabilno\u015bci sieci. W\u0119z\u0142y te pomagaj\u0105 zabezpieczy\u0107 \u017cy\u0142ki, tworz\u0105 oczka sieci i zapewniaj\u0105 wytrzyma\u0142o\u015b\u0107 potrzebn\u0105 do radzenia sobie z ci\u0105gni\u0119ciem i stresem podczas po\u0142ow\u00f3w. Ten rodzaj sieci rybackich jest cz\u0119sto u\u017cywany do po\u0142owu ryb o r\u00f3\u017cnych rozmiarach i charakteryzuje si\u0119 dobr\u0105 trwa\u0142o\u015bci\u0105 i zdolno\u015bci\u0105 adaptacji.<\/p>\n<p><img fetchpriority=\"high\" decoding=\"async\" class=\"alignnone size-full wp-image-746\" src=\"http:\/\/dkfishingnet.com\/wp-content\/uploads\/2023\/11\/\u5fae\u4fe1\u56fe\u7247_20190114172330_\u526f\u672c.jpg\" alt=\"\" width=\"800\" height=\"800\" srcset=\"https:\/\/dkfishingnet.com\/wp-content\/uploads\/2023\/11\/\u5fae\u4fe1\u56fe\u7247_20190114172330_\u526f\u672c.jpg 800w, https:\/\/dkfishingnet.com\/wp-content\/uploads\/2023\/11\/\u5fae\u4fe1\u56fe\u7247_20190114172330_\u526f\u672c-300x300.jpg 300w, https:\/\/dkfishingnet.com\/wp-content\/uploads\/2023\/11\/\u5fae\u4fe1\u56fe\u7247_20190114172330_\u526f\u672c-100x100.jpg 100w, https:\/\/dkfishingnet.com\/wp-content\/uploads\/2023\/11\/\u5fae\u4fe1\u56fe\u7247_20190114172330_\u526f\u672c-600x600.jpg 600w, https:\/\/dkfishingnet.com\/wp-content\/uploads\/2023\/11\/\u5fae\u4fe1\u56fe\u7247_20190114172330_\u526f\u672c-150x150.jpg 150w, https:\/\/dkfishingnet.com\/wp-content\/uploads\/2023\/11\/\u5fae\u4fe1\u56fe\u7247_20190114172330_\u526f\u672c-768x768.jpg 768w\" sizes=\"(max-width: 800px) 100vw, 800px\" \/><img decoding=\"async\" class=\"alignnone size-full wp-image-747\" src=\"http:\/\/dkfishingnet.com\/wp-content\/uploads\/2023\/11\/\u5fae\u4fe1\u56fe\u7247_20200303152641.jpg\" alt=\"\" width=\"800\" height=\"800\" srcset=\"https:\/\/dkfishingnet.com\/wp-content\/uploads\/2023\/11\/\u5fae\u4fe1\u56fe\u7247_20200303152641.jpg 800w, https:\/\/dkfishingnet.com\/wp-content\/uploads\/2023\/11\/\u5fae\u4fe1\u56fe\u7247_20200303152641-300x300.jpg 300w, https:\/\/dkfishingnet.com\/wp-content\/uploads\/2023\/11\/\u5fae\u4fe1\u56fe\u7247_20200303152641-100x100.jpg 100w, https:\/\/dkfishingnet.com\/wp-content\/uploads\/2023\/11\/\u5fae\u4fe1\u56fe\u7247_20200303152641-600x600.jpg 600w, https:\/\/dkfishingnet.com\/wp-content\/uploads\/2023\/11\/\u5fae\u4fe1\u56fe\u7247_20200303152641-150x150.jpg 150w, https:\/\/dkfishingnet.com\/wp-content\/uploads\/2023\/11\/\u5fae\u4fe1\u56fe\u7247_20200303152641-768x768.jpg 768w\" sizes=\"(max-width: 800px) 100vw, 800px\" \/><img decoding=\"async\" class=\"alignnone size-medium wp-image-748\" src=\"http:\/\/dkfishingnet.com\/wp-content\/uploads\/2023\/11\/\u5c3c\u9f99\u5355\u4e1d\u7f51\u7247\uff0c0.25mmx\u5168\u76ee\u534a\u82f1\u5bf8.jpg\" alt=\"\" width=\"800\" height=\"800\" srcset=\"https:\/\/dkfishingnet.com\/wp-content\/uploads\/2023\/11\/\u5c3c\u9f99\u5355\u4e1d\u7f51\u7247\uff0c0.25mmx\u5168\u76ee\u534a\u82f1\u5bf8.jpg 800w, https:\/\/dkfishingnet.com\/wp-content\/uploads\/2023\/11\/\u5c3c\u9f99\u5355\u4e1d\u7f51\u7247\uff0c0.25mmx\u5168\u76ee\u534a\u82f1\u5bf8-300x300.jpg 300w, https:\/\/dkfishingnet.com\/wp-content\/uploads\/2023\/11\/\u5c3c\u9f99\u5355\u4e1d\u7f51\u7247\uff0c0.25mmx\u5168\u76ee\u534a\u82f1\u5bf8-100x100.jpg 100w, https:\/\/dkfishingnet.com\/wp-content\/uploads\/2023\/11\/\u5c3c\u9f99\u5355\u4e1d\u7f51\u7247\uff0c0.25mmx\u5168\u76ee\u534a\u82f1\u5bf8-600x600.jpg 600w, https:\/\/dkfishingnet.com\/wp-content\/uploads\/2023\/11\/\u5c3c\u9f99\u5355\u4e1d\u7f51\u7247\uff0c0.25mmx\u5168\u76ee\u534a\u82f1\u5bf8-150x150.jpg 150w, https:\/\/dkfishingnet.com\/wp-content\/uploads\/2023\/11\/\u5c3c\u9f99\u5355\u4e1d\u7f51\u7247\uff0c0.25mmx\u5168\u76ee\u534a\u82f1\u5bf8-768x768.jpg 768w\" sizes=\"(max-width: 800px) 100vw, 800px\" \/> <img loading=\"lazy\" decoding=\"async\" class=\"alignnone size-medium wp-image-749\" src=\"http:\/\/dkfishingnet.com\/wp-content\/uploads\/2023\/11\/\u5fae\u4fe1\u56fe\u7247_20190114172314.jpg\" alt=\"\" width=\"800\" height=\"800\" srcset=\"https:\/\/dkfishingnet.com\/wp-content\/uploads\/2023\/11\/\u5fae\u4fe1\u56fe\u7247_20190114172314.jpg 800w, https:\/\/dkfishingnet.com\/wp-content\/uploads\/2023\/11\/\u5fae\u4fe1\u56fe\u7247_20190114172314-300x300.jpg 300w, https:\/\/dkfishingnet.com\/wp-content\/uploads\/2023\/11\/\u5fae\u4fe1\u56fe\u7247_20190114172314-100x100.jpg 100w, https:\/\/dkfishingnet.com\/wp-content\/uploads\/2023\/11\/\u5fae\u4fe1\u56fe\u7247_20190114172314-600x600.jpg 600w, https:\/\/dkfishingnet.com\/wp-content\/uploads\/2023\/11\/\u5fae\u4fe1\u56fe\u7247_20190114172314-150x150.jpg 150w, https:\/\/dkfishingnet.com\/wp-content\/uploads\/2023\/11\/\u5fae\u4fe1\u56fe\u7247_20190114172314-768x768.jpg 768w\" sizes=\"(max-width: 800px) 100vw, 800px\" \/><\/p>","protected":false},"excerpt":{"rendered":"<p>Wi\u0105zane sieci rybackie s\u0105 zwykle wykonane z nylonowych monofilament\u00f3w, kt\u00f3re s\u0105 wplecione w struktur\u0119 siatki. Jedn\u0105 z cech charakterystycznych tego typu sieci rybackich s\u0105 r\u00f3\u017cne rodzaje w\u0119z\u0142\u00f3w stosowanych podczas ich produkcji w celu utrzymania integralno\u015bci i stabilno\u015bci sieci. W\u0119z\u0142y te pomagaj\u0105 zabezpieczy\u0107 \u017cy\u0142ki, tworz\u0105 oczka sieci i zapewniaj\u0105 wytrzyma\u0142o\u015b\u0107 potrzebn\u0105 do radzenia sobie z ci\u0105gni\u0119ciem i stresem podczas po\u0142ow\u00f3w. Ten rodzaj sieci rybackich jest cz\u0119sto u\u017cywany do po\u0142owu ryb o r\u00f3\u017cnych rozmiarach i charakteryzuje si\u0119 dobr\u0105 trwa\u0142o\u015bci\u0105 i zdolno\u015bci\u0105 adaptacji.<\/p>","protected":false},"featured_media":742,"template":"","meta":{"site-sidebar-layout":"default","site-content-layout":"","ast-site-content-layout":"default","site-content-style":"default","site-sidebar-style":"default","ast-global-header-display":"","ast-banner-title-visibility":"","ast-main-header-display":"","ast-hfb-above-header-display":"","ast-hfb-below-header-display":"","ast-hfb-mobile-header-display":"","site-post-title":"","ast-breadcrumbs-content":"","ast-featured-img":"","footer-sml-layout":"","theme-transparent-header-meta":"default","adv-header-id-meta":"","stick-header-meta":"","header-above-stick-meta":"","header-main-stick-meta":"","header-below-stick-meta":"","astra-migrate-meta-layouts":"set","ast-page-background-enabled":"default","ast-page-background-meta":{"desktop":{"background-color":"","background-image":"","background-repeat":"repeat","background-position":"center center","background-size":"auto","background-attachment":"scroll","background-type":"","background-media":"","overlay-type":"","overlay-color":"","overlay-gradient":""},"tablet":{"background-color":"","background-image":"","background-repeat":"repeat","background-position":"center center","background-size":"auto","background-attachment":"scroll","background-type":"","background-media":"","overlay-type":"","overlay-color":"","overlay-gradient":""},"mobile":{"background-color":"","background-image":"","background-repeat":"repeat","background-position":"center center","background-size":"auto","background-attachment":"scroll","background-type":"","background-media":"","overlay-type":"","overlay-color":"","overlay-gradient":""}},"ast-content-background-meta":{"desktop":{"background-color":"var(--ast-global-color-5)","background-image":"","background-repeat":"repeat","background-position":"center center","background-size":"auto","background-attachment":"scroll","background-type":"","background-media":"","overlay-type":"","overlay-color":"","overlay-gradient":""},"tablet":{"background-color":"var(--ast-global-color-5)","background-image":"","background-repeat":"repeat","background-position":"center center","background-size":"auto","background-attachment":"scroll","background-type":"","background-media":"","overlay-type":"","overlay-color":"","overlay-gradient":""},"mobile":{"background-color":"var(--ast-global-color-5)","background-image":"","background-repeat":"repeat","background-position":"center center","background-size":"auto","background-attachment":"scroll","background-type":"","background-media":"","overlay-type":"","overlay-color":"","overlay-gradient":""}}},"product_cat":[21,28],"product_tag":[],"_links":{"self":[{"href":"https:\/\/dkfishingnet.com\/pl\/wp-json\/wp\/v2\/product\/739"}],"collection":[{"href":"https:\/\/dkfishingnet.com\/pl\/wp-json\/wp\/v2\/product"}],"about":[{"href":"https:\/\/dkfishingnet.com\/pl\/wp-json\/wp\/v2\/types\/product"}],"wp:featuredmedia":[{"embeddable":true,"href":"https:\/\/dkfishingnet.com\/pl\/wp-json\/wp\/v2\/media\/742"}],"wp:attachment":[{"href":"https:\/\/dkfishingnet.com\/pl\/wp-json\/wp\/v2\/media?parent=739"}],"wp:term":[{"taxonomy":"product_cat","embeddable":true,"href":"https:\/\/dkfishingnet.com\/pl\/wp-json\/wp\/v2\/product_cat?post=739"},{"taxonomy":"product_tag","embeddable":true,"href":"https:\/\/dkfishingnet.com\/pl\/wp-json\/wp\/v2\/product_tag?post=739"}],"curies":[{"name":"wp","href":"https:\/\/api.w.org\/{rel}","templated":true}]}}