{"id":721,"date":"2023-11-22T23:29:59","date_gmt":"2023-11-22T15:29:59","guid":{"rendered":"https:\/\/dkfishingnet.com\/?post_type=product&#038;p=721"},"modified":"2023-11-22T23:29:59","modified_gmt":"2023-11-22T15:29:59","slug":"three-layer-gill-net-commercial-fishing-net","status":"publish","type":"product","link":"https:\/\/dkfishingnet.com\/sv\/produkt\/three-layer-gill-net-commercial-fishing-net\/","title":{"rendered":"Tre lager n\u00e4t f\u00f6r kommersiellt fiske"},"content":{"rendered":"<p>Ett trelagersn\u00e4t \u00e4r ett kommersiellt fisken\u00e4t som best\u00e5r av tre lager maskor. Denna konstruktion \u00e4r avsedd att \u00f6ka fiskn\u00e4tets effektivitet och \u00f6ka sannolikheten f\u00f6r f\u00e5ngst. Kommersiella fisken\u00e4t anv\u00e4nds i allm\u00e4nhet f\u00f6r storskaligt fiske, och deras strukturer och material v\u00e4ljs f\u00f6r att anpassas till olika marina milj\u00f6er och olika typer av m\u00e5lfisk. Garn med tre lager ger st\u00f6rre t\u00e4ckning under f\u00e5ngsten, vilket bidrar till att \u00f6ka antalet f\u00e5ngster. Den h\u00e4r typen av n\u00e4t anv\u00e4nds ofta inom fisket, men de m\u00e5ste ocks\u00e5 anv\u00e4ndas med f\u00f6rsiktighet f\u00f6r att s\u00e4kerst\u00e4lla fiskets h\u00e5llbarhet.<\/p>\n<p><img fetchpriority=\"high\" decoding=\"async\" class=\"alignnone size-full wp-image-722\" src=\"http:\/\/dkfishingnet.com\/wp-content\/uploads\/2023\/11\/000.jpg\" alt=\"\" width=\"800\" height=\"800\" srcset=\"https:\/\/dkfishingnet.com\/wp-content\/uploads\/2023\/11\/000.jpg 800w, https:\/\/dkfishingnet.com\/wp-content\/uploads\/2023\/11\/000-300x300.jpg 300w, https:\/\/dkfishingnet.com\/wp-content\/uploads\/2023\/11\/000-100x100.jpg 100w, https:\/\/dkfishingnet.com\/wp-content\/uploads\/2023\/11\/000-600x600.jpg 600w, https:\/\/dkfishingnet.com\/wp-content\/uploads\/2023\/11\/000-150x150.jpg 150w, https:\/\/dkfishingnet.com\/wp-content\/uploads\/2023\/11\/000-768x768.jpg 768w\" sizes=\"(max-width: 800px) 100vw, 800px\" \/><\/p>\n<p><img decoding=\"async\" class=\"size-full wp-image-726 alignleft\" src=\"http:\/\/dkfishingnet.com\/wp-content\/uploads\/2023\/11\/\u5fae\u4fe1\u56fe\u7247_20220811093541-e1700666923364.jpg\" alt=\"\" width=\"360\" height=\"800\" \/> <img decoding=\"async\" class=\"alignnone wp-image-727 size-full\" src=\"http:\/\/dkfishingnet.com\/wp-content\/uploads\/2023\/11\/\u5fae\u4fe1\u56fe\u7247_20220811093451-e1700666956548.jpg\" alt=\"\" width=\"360\" height=\"800\" \/><\/p>","protected":false},"excerpt":{"rendered":"<p>Ett trelagersn\u00e4t \u00e4r ett kommersiellt fisken\u00e4t som best\u00e5r av tre lager maskor. Denna konstruktion \u00e4r avsedd att \u00f6ka fiskn\u00e4tets effektivitet och \u00f6ka sannolikheten f\u00f6r f\u00e5ngst. Kommersiella fisken\u00e4t anv\u00e4nds i allm\u00e4nhet f\u00f6r storskaligt fiske, och deras strukturer och material v\u00e4ljs f\u00f6r att anpassas till olika marina milj\u00f6er och olika typer av m\u00e5lfisk. Garn med tre lager ger st\u00f6rre t\u00e4ckning under f\u00e5ngsten, vilket bidrar till att \u00f6ka antalet f\u00e5ngster. Den h\u00e4r typen av n\u00e4t anv\u00e4nds ofta inom fisket, men de m\u00e5ste ocks\u00e5 anv\u00e4ndas med f\u00f6rsiktighet f\u00f6r att s\u00e4kerst\u00e4lla fiskets h\u00e5llbarhet.<\/p>","protected":false},"featured_media":722,"template":"","meta":{"site-sidebar-layout":"default","site-content-layout":"","ast-site-content-layout":"default","site-content-style":"default","site-sidebar-style":"default","ast-global-header-display":"","ast-banner-title-visibility":"","ast-main-header-display":"","ast-hfb-above-header-display":"","ast-hfb-below-header-display":"","ast-hfb-mobile-header-display":"","site-post-title":"","ast-breadcrumbs-content":"","ast-featured-img":"","footer-sml-layout":"","theme-transparent-header-meta":"default","adv-header-id-meta":"","stick-header-meta":"","header-above-stick-meta":"","header-main-stick-meta":"","header-below-stick-meta":"","astra-migrate-meta-layouts":"set","ast-page-background-enabled":"default","ast-page-background-meta":{"desktop":{"background-color":"","background-image":"","background-repeat":"repeat","background-position":"center center","background-size":"auto","background-attachment":"scroll","background-type":"","background-media":"","overlay-type":"","overlay-color":"","overlay-gradient":""},"tablet":{"background-color":"","background-image":"","background-repeat":"repeat","background-position":"center center","background-size":"auto","background-attachment":"scroll","background-type":"","background-media":"","overlay-type":"","overlay-color":"","overlay-gradient":""},"mobile":{"background-color":"","background-image":"","background-repeat":"repeat","background-position":"center center","background-size":"auto","background-attachment":"scroll","background-type":"","background-media":"","overlay-type":"","overlay-color":"","overlay-gradient":""}},"ast-content-background-meta":{"desktop":{"background-color":"var(--ast-global-color-5)","background-image":"","background-repeat":"repeat","background-position":"center center","background-size":"auto","background-attachment":"scroll","background-type":"","background-media":"","overlay-type":"","overlay-color":"","overlay-gradient":""},"tablet":{"background-color":"var(--ast-global-color-5)","background-image":"","background-repeat":"repeat","background-position":"center center","background-size":"auto","background-attachment":"scroll","background-type":"","background-media":"","overlay-type":"","overlay-color":"","overlay-gradient":""},"mobile":{"background-color":"var(--ast-global-color-5)","background-image":"","background-repeat":"repeat","background-position":"center center","background-size":"auto","background-attachment":"scroll","background-type":"","background-media":"","overlay-type":"","overlay-color":"","overlay-gradient":""}}},"product_cat":[27],"product_tag":[],"_links":{"self":[{"href":"https:\/\/dkfishingnet.com\/sv\/wp-json\/wp\/v2\/product\/721"}],"collection":[{"href":"https:\/\/dkfishingnet.com\/sv\/wp-json\/wp\/v2\/product"}],"about":[{"href":"https:\/\/dkfishingnet.com\/sv\/wp-json\/wp\/v2\/types\/product"}],"wp:featuredmedia":[{"embeddable":true,"href":"https:\/\/dkfishingnet.com\/sv\/wp-json\/wp\/v2\/media\/722"}],"wp:attachment":[{"href":"https:\/\/dkfishingnet.com\/sv\/wp-json\/wp\/v2\/media?parent=721"}],"wp:term":[{"taxonomy":"product_cat","embeddable":true,"href":"https:\/\/dkfishingnet.com\/sv\/wp-json\/wp\/v2\/product_cat?post=721"},{"taxonomy":"product_tag","embeddable":true,"href":"https:\/\/dkfishingnet.com\/sv\/wp-json\/wp\/v2\/product_tag?post=721"}],"curies":[{"name":"wp","href":"https:\/\/api.w.org\/{rel}","templated":true}]}}