{"id":728,"date":"2023-11-22T23:34:06","date_gmt":"2023-11-22T15:34:06","guid":{"rendered":"https:\/\/dkfishingnet.com\/?post_type=product&#038;p=728"},"modified":"2023-11-22T23:34:06","modified_gmt":"2023-11-22T15:34:06","slug":"multifilament-three-layer-gill-nets","status":"publish","type":"product","link":"https:\/\/dkfishingnet.com\/sv\/produkt\/multifilament-three-layer-gill-nets\/","title":{"rendered":"Multifilamentgarn med tre skikt"},"content":{"rendered":"<p>Ett multifilament, treskiktat g\u00e4ln\u00e4t best\u00e5r av tre lager n\u00e4t och varje lager inneh\u00e5ller flera filament. Denna konstruktion syftar till att \u00f6ka fiskn\u00e4tets densitet och f\u00e5ngsteffektivitet, vilket g\u00f6r det l\u00e4mpligt f\u00f6r olika arter och storlekar av fisk. Den multifilamenta strukturen g\u00f6r att n\u00e4tet b\u00e4ttre kan f\u00e5nga sm\u00e5 m\u00e5lfiskar samtidigt som det beh\u00e5ller tillr\u00e4cklig styrka och h\u00e5llbarhet. Denna typ av n\u00e4t anv\u00e4nds ofta i kommersiellt fiske, men det m\u00e5ste anv\u00e4ndas med f\u00f6rsiktighet f\u00f6r att s\u00e4kerst\u00e4lla fiskets h\u00e5llbarhet.<\/p>\n<p>&nbsp;<\/p>\n<figure id=\"attachment_733\" aria-describedby=\"caption-attachment-733\" style=\"width: 800px\" class=\"wp-caption alignnone\"><img fetchpriority=\"high\" decoding=\"async\" class=\"size-full wp-image-733\" src=\"http:\/\/dkfishingnet.com\/wp-content\/uploads\/2023\/11\/PC267717-\u526f\u672c.jpg\" alt=\"\" width=\"800\" height=\"800\" srcset=\"https:\/\/dkfishingnet.com\/wp-content\/uploads\/2023\/11\/PC267717-\u526f\u672c.jpg 800w, https:\/\/dkfishingnet.com\/wp-content\/uploads\/2023\/11\/PC267717-\u526f\u672c-300x300.jpg 300w, https:\/\/dkfishingnet.com\/wp-content\/uploads\/2023\/11\/PC267717-\u526f\u672c-100x100.jpg 100w, https:\/\/dkfishingnet.com\/wp-content\/uploads\/2023\/11\/PC267717-\u526f\u672c-600x600.jpg 600w, https:\/\/dkfishingnet.com\/wp-content\/uploads\/2023\/11\/PC267717-\u526f\u672c-150x150.jpg 150w, https:\/\/dkfishingnet.com\/wp-content\/uploads\/2023\/11\/PC267717-\u526f\u672c-768x768.jpg 768w\" sizes=\"(max-width: 800px) 100vw, 800px\" \/><figcaption id=\"caption-attachment-733\" class=\"wp-caption-text\">OLYMPUS DIGITALKAMERA<\/figcaption><\/figure>\n<figure id=\"attachment_730\" aria-describedby=\"caption-attachment-730\" style=\"width: 800px\" class=\"wp-caption alignnone\"><img decoding=\"async\" class=\"size-full wp-image-730\" src=\"http:\/\/dkfishingnet.com\/wp-content\/uploads\/2023\/11\/float.jpg\" alt=\"\" width=\"800\" height=\"800\" srcset=\"https:\/\/dkfishingnet.com\/wp-content\/uploads\/2023\/11\/float.jpg 800w, https:\/\/dkfishingnet.com\/wp-content\/uploads\/2023\/11\/float-300x300.jpg 300w, https:\/\/dkfishingnet.com\/wp-content\/uploads\/2023\/11\/float-100x100.jpg 100w, https:\/\/dkfishingnet.com\/wp-content\/uploads\/2023\/11\/float-600x600.jpg 600w, https:\/\/dkfishingnet.com\/wp-content\/uploads\/2023\/11\/float-150x150.jpg 150w, https:\/\/dkfishingnet.com\/wp-content\/uploads\/2023\/11\/float-768x768.jpg 768w\" sizes=\"(max-width: 800px) 100vw, 800px\" \/><figcaption id=\"caption-attachment-730\" class=\"wp-caption-text\">OLYMPUS DIGITALKAMERA<\/figcaption><\/figure>\n<figure id=\"attachment_731\" aria-describedby=\"caption-attachment-731\" style=\"width: 800px\" class=\"wp-caption alignnone\"><img decoding=\"async\" class=\"size-full wp-image-731\" src=\"http:\/\/dkfishingnet.com\/wp-content\/uploads\/2023\/11\/lead-sinker.jpg\" alt=\"\" width=\"800\" height=\"800\" srcset=\"https:\/\/dkfishingnet.com\/wp-content\/uploads\/2023\/11\/lead-sinker.jpg 800w, https:\/\/dkfishingnet.com\/wp-content\/uploads\/2023\/11\/lead-sinker-300x300.jpg 300w, https:\/\/dkfishingnet.com\/wp-content\/uploads\/2023\/11\/lead-sinker-100x100.jpg 100w, https:\/\/dkfishingnet.com\/wp-content\/uploads\/2023\/11\/lead-sinker-600x600.jpg 600w, https:\/\/dkfishingnet.com\/wp-content\/uploads\/2023\/11\/lead-sinker-150x150.jpg 150w, https:\/\/dkfishingnet.com\/wp-content\/uploads\/2023\/11\/lead-sinker-768x768.jpg 768w\" sizes=\"(max-width: 800px) 100vw, 800px\" \/><figcaption id=\"caption-attachment-731\" class=\"wp-caption-text\">OLYMPUS DIGITALKAMERA<\/figcaption><\/figure>\n<figure id=\"attachment_732\" aria-describedby=\"caption-attachment-732\" style=\"width: 800px\" class=\"wp-caption alignnone\"><img loading=\"lazy\" decoding=\"async\" class=\"size-full wp-image-732\" src=\"http:\/\/dkfishingnet.com\/wp-content\/uploads\/2023\/11\/PC257672.jpg\" alt=\"\" width=\"800\" height=\"800\" srcset=\"https:\/\/dkfishingnet.com\/wp-content\/uploads\/2023\/11\/PC257672.jpg 800w, https:\/\/dkfishingnet.com\/wp-content\/uploads\/2023\/11\/PC257672-300x300.jpg 300w, https:\/\/dkfishingnet.com\/wp-content\/uploads\/2023\/11\/PC257672-100x100.jpg 100w, https:\/\/dkfishingnet.com\/wp-content\/uploads\/2023\/11\/PC257672-600x600.jpg 600w, https:\/\/dkfishingnet.com\/wp-content\/uploads\/2023\/11\/PC257672-150x150.jpg 150w, https:\/\/dkfishingnet.com\/wp-content\/uploads\/2023\/11\/PC257672-768x768.jpg 768w\" sizes=\"(max-width: 800px) 100vw, 800px\" \/><figcaption id=\"caption-attachment-732\" class=\"wp-caption-text\">OLYMPUS DIGITALKAMERA<\/figcaption><\/figure>","protected":false},"excerpt":{"rendered":"<p>Ett multifilament, treskiktat g\u00e4ln\u00e4t best\u00e5r av tre lager n\u00e4t och varje lager inneh\u00e5ller flera filament. Denna konstruktion syftar till att \u00f6ka fiskn\u00e4tets densitet och f\u00e5ngsteffektivitet, vilket g\u00f6r det l\u00e4mpligt f\u00f6r olika arter och storlekar av fisk. Den multifilamenta strukturen g\u00f6r att n\u00e4tet b\u00e4ttre kan f\u00e5nga sm\u00e5 m\u00e5lfiskar samtidigt som det beh\u00e5ller tillr\u00e4cklig styrka och h\u00e5llbarhet. Denna typ av n\u00e4t anv\u00e4nds ofta i kommersiellt fiske, men det m\u00e5ste anv\u00e4ndas med f\u00f6rsiktighet f\u00f6r att s\u00e4kerst\u00e4lla fiskets h\u00e5llbarhet.<\/p>","protected":false},"featured_media":729,"template":"","meta":{"site-sidebar-layout":"default","site-content-layout":"","ast-site-content-layout":"default","site-content-style":"default","site-sidebar-style":"default","ast-global-header-display":"","ast-banner-title-visibility":"","ast-main-header-display":"","ast-hfb-above-header-display":"","ast-hfb-below-header-display":"","ast-hfb-mobile-header-display":"","site-post-title":"","ast-breadcrumbs-content":"","ast-featured-img":"","footer-sml-layout":"","theme-transparent-header-meta":"default","adv-header-id-meta":"","stick-header-meta":"","header-above-stick-meta":"","header-main-stick-meta":"","header-below-stick-meta":"","astra-migrate-meta-layouts":"set","ast-page-background-enabled":"default","ast-page-background-meta":{"desktop":{"background-color":"","background-image":"","background-repeat":"repeat","background-position":"center center","background-size":"auto","background-attachment":"scroll","background-type":"","background-media":"","overlay-type":"","overlay-color":"","overlay-gradient":""},"tablet":{"background-color":"","background-image":"","background-repeat":"repeat","background-position":"center center","background-size":"auto","background-attachment":"scroll","background-type":"","background-media":"","overlay-type":"","overlay-color":"","overlay-gradient":""},"mobile":{"background-color":"","background-image":"","background-repeat":"repeat","background-position":"center center","background-size":"auto","background-attachment":"scroll","background-type":"","background-media":"","overlay-type":"","overlay-color":"","overlay-gradient":""}},"ast-content-background-meta":{"desktop":{"background-color":"var(--ast-global-color-5)","background-image":"","background-repeat":"repeat","background-position":"center center","background-size":"auto","background-attachment":"scroll","background-type":"","background-media":"","overlay-type":"","overlay-color":"","overlay-gradient":""},"tablet":{"background-color":"var(--ast-global-color-5)","background-image":"","background-repeat":"repeat","background-position":"center center","background-size":"auto","background-attachment":"scroll","background-type":"","background-media":"","overlay-type":"","overlay-color":"","overlay-gradient":""},"mobile":{"background-color":"var(--ast-global-color-5)","background-image":"","background-repeat":"repeat","background-position":"center center","background-size":"auto","background-attachment":"scroll","background-type":"","background-media":"","overlay-type":"","overlay-color":"","overlay-gradient":""}}},"product_cat":[27],"product_tag":[],"_links":{"self":[{"href":"https:\/\/dkfishingnet.com\/sv\/wp-json\/wp\/v2\/product\/728"}],"collection":[{"href":"https:\/\/dkfishingnet.com\/sv\/wp-json\/wp\/v2\/product"}],"about":[{"href":"https:\/\/dkfishingnet.com\/sv\/wp-json\/wp\/v2\/types\/product"}],"wp:featuredmedia":[{"embeddable":true,"href":"https:\/\/dkfishingnet.com\/sv\/wp-json\/wp\/v2\/media\/729"}],"wp:attachment":[{"href":"https:\/\/dkfishingnet.com\/sv\/wp-json\/wp\/v2\/media?parent=728"}],"wp:term":[{"taxonomy":"product_cat","embeddable":true,"href":"https:\/\/dkfishingnet.com\/sv\/wp-json\/wp\/v2\/product_cat?post=728"},{"taxonomy":"product_tag","embeddable":true,"href":"https:\/\/dkfishingnet.com\/sv\/wp-json\/wp\/v2\/product_tag?post=728"}],"curies":[{"name":"wp","href":"https:\/\/api.w.org\/{rel}","templated":true}]}}