{"id":739,"date":"2023-11-22T23:42:05","date_gmt":"2023-11-22T15:42:05","guid":{"rendered":"https:\/\/dkfishingnet.com\/?post_type=product&#038;p=739"},"modified":"2023-11-23T19:05:56","modified_gmt":"2023-11-23T11:05:56","slug":"knotted-fishing-net-nylon-monofilament","status":"publish","type":"product","link":"https:\/\/dkfishingnet.com\/sv\/produkt\/knotted-fishing-net-nylon-monofilament\/","title":{"rendered":"Knutet fisken\u00e4t nylon monofilament"},"content":{"rendered":"<p>Knutna fisken\u00e4t tillverkas vanligtvis av nylonmonofilament som v\u00e4vs till en n\u00e4tstruktur. Ett av k\u00e4nnetecknen f\u00f6r denna typ av fisken\u00e4t \u00e4r de olika typer av knutar som anv\u00e4nds under tillverkningen f\u00f6r att bibeh\u00e5lla n\u00e4tets integritet och stabilitet. Dessa knutar hj\u00e4lper till att f\u00e4sta monofilamenten, bildar n\u00e4tets maskor och ger den styrka som beh\u00f6vs f\u00f6r att hantera drag och stress vid fiske. Denna typ av fisken\u00e4t anv\u00e4nds ofta f\u00f6r att f\u00e5nga fisk av olika storlekar och har god h\u00e5llbarhet och anpassningsf\u00f6rm\u00e5ga.<\/p>\n<p><img fetchpriority=\"high\" decoding=\"async\" class=\"alignnone size-full wp-image-746\" src=\"http:\/\/dkfishingnet.com\/wp-content\/uploads\/2023\/11\/\u5fae\u4fe1\u56fe\u7247_20190114172330_\u526f\u672c.jpg\" alt=\"\" width=\"800\" height=\"800\" srcset=\"https:\/\/dkfishingnet.com\/wp-content\/uploads\/2023\/11\/\u5fae\u4fe1\u56fe\u7247_20190114172330_\u526f\u672c.jpg 800w, https:\/\/dkfishingnet.com\/wp-content\/uploads\/2023\/11\/\u5fae\u4fe1\u56fe\u7247_20190114172330_\u526f\u672c-300x300.jpg 300w, https:\/\/dkfishingnet.com\/wp-content\/uploads\/2023\/11\/\u5fae\u4fe1\u56fe\u7247_20190114172330_\u526f\u672c-100x100.jpg 100w, https:\/\/dkfishingnet.com\/wp-content\/uploads\/2023\/11\/\u5fae\u4fe1\u56fe\u7247_20190114172330_\u526f\u672c-600x600.jpg 600w, https:\/\/dkfishingnet.com\/wp-content\/uploads\/2023\/11\/\u5fae\u4fe1\u56fe\u7247_20190114172330_\u526f\u672c-150x150.jpg 150w, https:\/\/dkfishingnet.com\/wp-content\/uploads\/2023\/11\/\u5fae\u4fe1\u56fe\u7247_20190114172330_\u526f\u672c-768x768.jpg 768w\" sizes=\"(max-width: 800px) 100vw, 800px\" \/><img decoding=\"async\" class=\"alignnone size-full wp-image-747\" src=\"http:\/\/dkfishingnet.com\/wp-content\/uploads\/2023\/11\/\u5fae\u4fe1\u56fe\u7247_20200303152641.jpg\" alt=\"\" width=\"800\" height=\"800\" srcset=\"https:\/\/dkfishingnet.com\/wp-content\/uploads\/2023\/11\/\u5fae\u4fe1\u56fe\u7247_20200303152641.jpg 800w, https:\/\/dkfishingnet.com\/wp-content\/uploads\/2023\/11\/\u5fae\u4fe1\u56fe\u7247_20200303152641-300x300.jpg 300w, https:\/\/dkfishingnet.com\/wp-content\/uploads\/2023\/11\/\u5fae\u4fe1\u56fe\u7247_20200303152641-100x100.jpg 100w, https:\/\/dkfishingnet.com\/wp-content\/uploads\/2023\/11\/\u5fae\u4fe1\u56fe\u7247_20200303152641-600x600.jpg 600w, https:\/\/dkfishingnet.com\/wp-content\/uploads\/2023\/11\/\u5fae\u4fe1\u56fe\u7247_20200303152641-150x150.jpg 150w, https:\/\/dkfishingnet.com\/wp-content\/uploads\/2023\/11\/\u5fae\u4fe1\u56fe\u7247_20200303152641-768x768.jpg 768w\" sizes=\"(max-width: 800px) 100vw, 800px\" \/><img decoding=\"async\" class=\"alignnone size-medium wp-image-748\" src=\"http:\/\/dkfishingnet.com\/wp-content\/uploads\/2023\/11\/\u5c3c\u9f99\u5355\u4e1d\u7f51\u7247\uff0c0.25mmx\u5168\u76ee\u534a\u82f1\u5bf8.jpg\" alt=\"\" width=\"800\" height=\"800\" srcset=\"https:\/\/dkfishingnet.com\/wp-content\/uploads\/2023\/11\/\u5c3c\u9f99\u5355\u4e1d\u7f51\u7247\uff0c0.25mmx\u5168\u76ee\u534a\u82f1\u5bf8.jpg 800w, https:\/\/dkfishingnet.com\/wp-content\/uploads\/2023\/11\/\u5c3c\u9f99\u5355\u4e1d\u7f51\u7247\uff0c0.25mmx\u5168\u76ee\u534a\u82f1\u5bf8-300x300.jpg 300w, https:\/\/dkfishingnet.com\/wp-content\/uploads\/2023\/11\/\u5c3c\u9f99\u5355\u4e1d\u7f51\u7247\uff0c0.25mmx\u5168\u76ee\u534a\u82f1\u5bf8-100x100.jpg 100w, https:\/\/dkfishingnet.com\/wp-content\/uploads\/2023\/11\/\u5c3c\u9f99\u5355\u4e1d\u7f51\u7247\uff0c0.25mmx\u5168\u76ee\u534a\u82f1\u5bf8-600x600.jpg 600w, https:\/\/dkfishingnet.com\/wp-content\/uploads\/2023\/11\/\u5c3c\u9f99\u5355\u4e1d\u7f51\u7247\uff0c0.25mmx\u5168\u76ee\u534a\u82f1\u5bf8-150x150.jpg 150w, https:\/\/dkfishingnet.com\/wp-content\/uploads\/2023\/11\/\u5c3c\u9f99\u5355\u4e1d\u7f51\u7247\uff0c0.25mmx\u5168\u76ee\u534a\u82f1\u5bf8-768x768.jpg 768w\" sizes=\"(max-width: 800px) 100vw, 800px\" \/> <img loading=\"lazy\" decoding=\"async\" class=\"alignnone size-medium wp-image-749\" src=\"http:\/\/dkfishingnet.com\/wp-content\/uploads\/2023\/11\/\u5fae\u4fe1\u56fe\u7247_20190114172314.jpg\" alt=\"\" width=\"800\" height=\"800\" srcset=\"https:\/\/dkfishingnet.com\/wp-content\/uploads\/2023\/11\/\u5fae\u4fe1\u56fe\u7247_20190114172314.jpg 800w, https:\/\/dkfishingnet.com\/wp-content\/uploads\/2023\/11\/\u5fae\u4fe1\u56fe\u7247_20190114172314-300x300.jpg 300w, https:\/\/dkfishingnet.com\/wp-content\/uploads\/2023\/11\/\u5fae\u4fe1\u56fe\u7247_20190114172314-100x100.jpg 100w, https:\/\/dkfishingnet.com\/wp-content\/uploads\/2023\/11\/\u5fae\u4fe1\u56fe\u7247_20190114172314-600x600.jpg 600w, https:\/\/dkfishingnet.com\/wp-content\/uploads\/2023\/11\/\u5fae\u4fe1\u56fe\u7247_20190114172314-150x150.jpg 150w, https:\/\/dkfishingnet.com\/wp-content\/uploads\/2023\/11\/\u5fae\u4fe1\u56fe\u7247_20190114172314-768x768.jpg 768w\" sizes=\"(max-width: 800px) 100vw, 800px\" \/><\/p>","protected":false},"excerpt":{"rendered":"<p>Knutna fisken\u00e4t tillverkas vanligtvis av nylonmonofilament som v\u00e4vs till en n\u00e4tstruktur. Ett av k\u00e4nnetecknen f\u00f6r denna typ av fisken\u00e4t \u00e4r de olika typer av knutar som anv\u00e4nds under tillverkningen f\u00f6r att bibeh\u00e5lla n\u00e4tets integritet och stabilitet. Dessa knutar hj\u00e4lper till att f\u00e4sta monofilamenten, bildar n\u00e4tets maskor och ger den styrka som beh\u00f6vs f\u00f6r att hantera drag och stress vid fiske. Denna typ av fisken\u00e4t anv\u00e4nds ofta f\u00f6r att f\u00e5nga fisk av olika storlekar och har god h\u00e5llbarhet och anpassningsf\u00f6rm\u00e5ga.<\/p>","protected":false},"featured_media":742,"template":"","meta":{"site-sidebar-layout":"default","site-content-layout":"","ast-site-content-layout":"default","site-content-style":"default","site-sidebar-style":"default","ast-global-header-display":"","ast-banner-title-visibility":"","ast-main-header-display":"","ast-hfb-above-header-display":"","ast-hfb-below-header-display":"","ast-hfb-mobile-header-display":"","site-post-title":"","ast-breadcrumbs-content":"","ast-featured-img":"","footer-sml-layout":"","theme-transparent-header-meta":"default","adv-header-id-meta":"","stick-header-meta":"","header-above-stick-meta":"","header-main-stick-meta":"","header-below-stick-meta":"","astra-migrate-meta-layouts":"set","ast-page-background-enabled":"default","ast-page-background-meta":{"desktop":{"background-color":"","background-image":"","background-repeat":"repeat","background-position":"center center","background-size":"auto","background-attachment":"scroll","background-type":"","background-media":"","overlay-type":"","overlay-color":"","overlay-gradient":""},"tablet":{"background-color":"","background-image":"","background-repeat":"repeat","background-position":"center center","background-size":"auto","background-attachment":"scroll","background-type":"","background-media":"","overlay-type":"","overlay-color":"","overlay-gradient":""},"mobile":{"background-color":"","background-image":"","background-repeat":"repeat","background-position":"center center","background-size":"auto","background-attachment":"scroll","background-type":"","background-media":"","overlay-type":"","overlay-color":"","overlay-gradient":""}},"ast-content-background-meta":{"desktop":{"background-color":"var(--ast-global-color-5)","background-image":"","background-repeat":"repeat","background-position":"center center","background-size":"auto","background-attachment":"scroll","background-type":"","background-media":"","overlay-type":"","overlay-color":"","overlay-gradient":""},"tablet":{"background-color":"var(--ast-global-color-5)","background-image":"","background-repeat":"repeat","background-position":"center center","background-size":"auto","background-attachment":"scroll","background-type":"","background-media":"","overlay-type":"","overlay-color":"","overlay-gradient":""},"mobile":{"background-color":"var(--ast-global-color-5)","background-image":"","background-repeat":"repeat","background-position":"center center","background-size":"auto","background-attachment":"scroll","background-type":"","background-media":"","overlay-type":"","overlay-color":"","overlay-gradient":""}}},"product_cat":[21,28],"product_tag":[],"_links":{"self":[{"href":"https:\/\/dkfishingnet.com\/sv\/wp-json\/wp\/v2\/product\/739"}],"collection":[{"href":"https:\/\/dkfishingnet.com\/sv\/wp-json\/wp\/v2\/product"}],"about":[{"href":"https:\/\/dkfishingnet.com\/sv\/wp-json\/wp\/v2\/types\/product"}],"wp:featuredmedia":[{"embeddable":true,"href":"https:\/\/dkfishingnet.com\/sv\/wp-json\/wp\/v2\/media\/742"}],"wp:attachment":[{"href":"https:\/\/dkfishingnet.com\/sv\/wp-json\/wp\/v2\/media?parent=739"}],"wp:term":[{"taxonomy":"product_cat","embeddable":true,"href":"https:\/\/dkfishingnet.com\/sv\/wp-json\/wp\/v2\/product_cat?post=739"},{"taxonomy":"product_tag","embeddable":true,"href":"https:\/\/dkfishingnet.com\/sv\/wp-json\/wp\/v2\/product_tag?post=739"}],"curies":[{"name":"wp","href":"https:\/\/api.w.org\/{rel}","templated":true}]}}