{"id":649,"date":"2023-11-22T22:41:12","date_gmt":"2023-11-22T14:41:12","guid":{"rendered":"https:\/\/dkfishingnet.com\/?post_type=product&#038;p=649"},"modified":"2023-11-30T10:37:15","modified_gmt":"2023-11-30T02:37:15","slug":"commercial-fishing-casting-net","status":"publish","type":"product","link":"https:\/\/dkfishingnet.com\/tr\/urun\/commercial-fishing-casting-net\/","title":{"rendered":"Ticari bal\u0131k\u00e7\u0131l\u0131k d\u00f6k\u00fcm a\u011f\u0131"},"content":{"rendered":"<p>Ticari bir bal\u0131k\u00e7\u0131l\u0131k d\u00f6k\u00fcm a\u011f\u0131n\u0131n \u00e7al\u0131\u015fma prensibi, bal\u0131\u011f\u0131 \u00f6rtmek ve bal\u0131\u011f\u0131 yakalamak i\u00e7in a\u011f\u0131n \u015feklini ve yer\u00e7ekimini kullanmakt\u0131r. Kullan\u0131c\u0131 a\u011f\u0131 suya do\u011fru f\u0131rlatt\u0131\u011f\u0131nda, huniye benzer bir \u015fekil olu\u015fturmak i\u00e7in h\u0131zla a\u00e7\u0131l\u0131r. Ka\u00e7ma s\u00fcrecinde bal\u0131k, a\u011f\u0131n \u015fekli ve gerilimi taraf\u0131ndan k\u0131s\u0131tlanacak ve a\u011fa hapsolacakt\u0131r. Bu s\u0131rada, kullan\u0131c\u0131 a\u011f\u0131n gerginli\u011fini ve konumunu armay\u0131 \u00e7ekerek de\u011fi\u015ftirebilir ve yakalama etkisini daha da kontrol edebilir. Son olarak, kullan\u0131c\u0131 a\u011f\u0131 eline geri \u00e7eker, bal\u0131\u011f\u0131 d\u0131\u015far\u0131 d\u00f6ker ve yakalama i\u015flemini tamamlar<\/p>\n<p>&nbsp;<\/p>\n<p>&nbsp;<\/p>\n<p><img fetchpriority=\"high\" decoding=\"async\" class=\"alignnone size-full wp-image-653\" src=\"http:\/\/dkfishingnet.com\/wp-content\/uploads\/2023\/11\/\u5fae\u4fe1\u56fe\u7247_20211014105204.jpg\" alt=\"Fishing throw nets\" width=\"800\" height=\"800\" srcset=\"https:\/\/dkfishingnet.com\/wp-content\/uploads\/2023\/11\/\u5fae\u4fe1\u56fe\u7247_20211014105204.jpg 800w, https:\/\/dkfishingnet.com\/wp-content\/uploads\/2023\/11\/\u5fae\u4fe1\u56fe\u7247_20211014105204-300x300.jpg 300w, https:\/\/dkfishingnet.com\/wp-content\/uploads\/2023\/11\/\u5fae\u4fe1\u56fe\u7247_20211014105204-100x100.jpg 100w, https:\/\/dkfishingnet.com\/wp-content\/uploads\/2023\/11\/\u5fae\u4fe1\u56fe\u7247_20211014105204-600x600.jpg 600w, https:\/\/dkfishingnet.com\/wp-content\/uploads\/2023\/11\/\u5fae\u4fe1\u56fe\u7247_20211014105204-150x150.jpg 150w, https:\/\/dkfishingnet.com\/wp-content\/uploads\/2023\/11\/\u5fae\u4fe1\u56fe\u7247_20211014105204-768x768.jpg 768w\" sizes=\"(max-width: 800px) 100vw, 800px\" \/><img decoding=\"async\" class=\"alignnone wp-image-1044 size-full\" style=\"font-weight: inherit\" src=\"http:\/\/dkfishingnet.com\/wp-content\/uploads\/2023\/11\/\u7f8e\u5f0f\u5546\u75281.jpg\" alt=\"\" width=\"800\" height=\"800\" srcset=\"https:\/\/dkfishingnet.com\/wp-content\/uploads\/2023\/11\/\u7f8e\u5f0f\u5546\u75281.jpg 800w, https:\/\/dkfishingnet.com\/wp-content\/uploads\/2023\/11\/\u7f8e\u5f0f\u5546\u75281-150x150.jpg 150w, https:\/\/dkfishingnet.com\/wp-content\/uploads\/2023\/11\/\u7f8e\u5f0f\u5546\u75281-768x768.jpg 768w, https:\/\/dkfishingnet.com\/wp-content\/uploads\/2023\/11\/\u7f8e\u5f0f\u5546\u75281-12x12.jpg 12w, https:\/\/dkfishingnet.com\/wp-content\/uploads\/2023\/11\/\u7f8e\u5f0f\u5546\u75281-300x300.jpg 300w, https:\/\/dkfishingnet.com\/wp-content\/uploads\/2023\/11\/\u7f8e\u5f0f\u5546\u75281-600x600.jpg 600w, https:\/\/dkfishingnet.com\/wp-content\/uploads\/2023\/11\/\u7f8e\u5f0f\u5546\u75281-100x100.jpg 100w\" sizes=\"(max-width: 800px) 100vw, 800px\" \/><\/p>","protected":false},"excerpt":{"rendered":"<p>Ticari bir bal\u0131k\u00e7\u0131l\u0131k d\u00f6k\u00fcm a\u011f\u0131n\u0131n \u00e7al\u0131\u015fma prensibi, bal\u0131\u011f\u0131 \u00f6rtmek ve bal\u0131\u011f\u0131 yakalamak i\u00e7in a\u011f\u0131n \u015feklini ve yer\u00e7ekimini kullanmakt\u0131r. Kullan\u0131c\u0131 a\u011f\u0131 suya do\u011fru f\u0131rlatt\u0131\u011f\u0131nda, huniye benzer bir \u015fekil olu\u015fturmak i\u00e7in h\u0131zla a\u00e7\u0131l\u0131r. Ka\u00e7ma s\u00fcrecinde bal\u0131k, a\u011f\u0131n \u015fekli ve gerilimi taraf\u0131ndan k\u0131s\u0131tlanacak ve a\u011fa hapsolacakt\u0131r. Bu s\u0131rada, kullan\u0131c\u0131 a\u011f\u0131n gerginli\u011fini ve konumunu armay\u0131 \u00e7ekerek de\u011fi\u015ftirebilir ve yakalama etkisini daha da kontrol edebilir. Son olarak, kullan\u0131c\u0131 a\u011f\u0131 eline geri \u00e7eker, bal\u0131\u011f\u0131 d\u0131\u015far\u0131 d\u00f6ker ve yakalama i\u015flemini tamamlar<\/p>","protected":false},"featured_media":1043,"template":"","meta":{"site-sidebar-layout":"default","site-content-layout":"","ast-site-content-layout":"default","site-content-style":"default","site-sidebar-style":"default","ast-global-header-display":"","ast-banner-title-visibility":"","ast-main-header-display":"","ast-hfb-above-header-display":"","ast-hfb-below-header-display":"","ast-hfb-mobile-header-display":"","site-post-title":"","ast-breadcrumbs-content":"","ast-featured-img":"","footer-sml-layout":"","theme-transparent-header-meta":"default","adv-header-id-meta":"","stick-header-meta":"","header-above-stick-meta":"","header-main-stick-meta":"","header-below-stick-meta":"","astra-migrate-meta-layouts":"set","ast-page-background-enabled":"default","ast-page-background-meta":{"desktop":{"background-color":"","background-image":"","background-repeat":"repeat","background-position":"center center","background-size":"auto","background-attachment":"scroll","background-type":"","background-media":"","overlay-type":"","overlay-color":"","overlay-gradient":""},"tablet":{"background-color":"","background-image":"","background-repeat":"repeat","background-position":"center center","background-size":"auto","background-attachment":"scroll","background-type":"","background-media":"","overlay-type":"","overlay-color":"","overlay-gradient":""},"mobile":{"background-color":"","background-image":"","background-repeat":"repeat","background-position":"center center","background-size":"auto","background-attachment":"scroll","background-type":"","background-media":"","overlay-type":"","overlay-color":"","overlay-gradient":""}},"ast-content-background-meta":{"desktop":{"background-color":"var(--ast-global-color-5)","background-image":"","background-repeat":"repeat","background-position":"center center","background-size":"auto","background-attachment":"scroll","background-type":"","background-media":"","overlay-type":"","overlay-color":"","overlay-gradient":""},"tablet":{"background-color":"var(--ast-global-color-5)","background-image":"","background-repeat":"repeat","background-position":"center center","background-size":"auto","background-attachment":"scroll","background-type":"","background-media":"","overlay-type":"","overlay-color":"","overlay-gradient":""},"mobile":{"background-color":"var(--ast-global-color-5)","background-image":"","background-repeat":"repeat","background-position":"center center","background-size":"auto","background-attachment":"scroll","background-type":"","background-media":"","overlay-type":"","overlay-color":"","overlay-gradient":""}}},"product_cat":[19,24],"product_tag":[32,31],"_links":{"self":[{"href":"https:\/\/dkfishingnet.com\/tr\/wp-json\/wp\/v2\/product\/649"}],"collection":[{"href":"https:\/\/dkfishingnet.com\/tr\/wp-json\/wp\/v2\/product"}],"about":[{"href":"https:\/\/dkfishingnet.com\/tr\/wp-json\/wp\/v2\/types\/product"}],"wp:featuredmedia":[{"embeddable":true,"href":"https:\/\/dkfishingnet.com\/tr\/wp-json\/wp\/v2\/media\/1043"}],"wp:attachment":[{"href":"https:\/\/dkfishingnet.com\/tr\/wp-json\/wp\/v2\/media?parent=649"}],"wp:term":[{"taxonomy":"product_cat","embeddable":true,"href":"https:\/\/dkfishingnet.com\/tr\/wp-json\/wp\/v2\/product_cat?post=649"},{"taxonomy":"product_tag","embeddable":true,"href":"https:\/\/dkfishingnet.com\/tr\/wp-json\/wp\/v2\/product_tag?post=649"}],"curies":[{"name":"wp","href":"https:\/\/api.w.org\/{rel}","templated":true}]}}