{"id":677,"date":"2023-11-22T23:07:25","date_gmt":"2023-11-22T15:07:25","guid":{"rendered":"https:\/\/dkfishingnet.com\/?post_type=product&#038;p=677"},"modified":"2023-11-22T23:07:25","modified_gmt":"2023-11-22T15:07:25","slug":"bottom-pocket-fuji-style-casting-net-with-lead-chain","status":"publish","type":"product","link":"https:\/\/dkfishingnet.com\/tr\/urun\/bottom-pocket-fuji-style-casting-net-with-lead-chain\/","title":{"rendered":"alt cep Fuji tarz\u0131 kur\u015fun zincirli d\u00f6k\u00fcm a\u011f\u0131"},"content":{"rendered":"<p>Dip torbas\u0131 Fuji tipi kur\u015fun zincirli d\u00f6kme a\u011f, bal\u0131k tutmak i\u00e7in suya d\u00f6kmek veya atmak i\u00e7in kullan\u0131lan bir olta tak\u0131m\u0131d\u0131r. Bu a\u011f\u0131n \u00e7evresinde genellikle h\u0131zl\u0131 bir \u015fekilde dibe batmas\u0131na yard\u0131mc\u0131 olmak i\u00e7in bir kur\u015fun zincir bulunur. \"Dip torbas\u0131\" tasar\u0131m\u0131, a\u011f\u0131n bal\u0131klar\u0131 verimli bir \u015fekilde yakalamas\u0131n\u0131 sa\u011flar ve \u00f6zellikle su yata\u011f\u0131na yak\u0131n bal\u0131klar\u0131 hedeflerken olta bal\u0131k\u00e7\u0131lar\u0131 aras\u0131nda pop\u00fcler bir se\u00e7im haline getirir. Kur\u015fun zincirli Fuji tarz\u0131 d\u00f6k\u00fcm a\u011flar\u0131, \u00e7e\u015fitli su ortamlar\u0131nda bal\u0131k yakalamadaki etkinlikleriyle bilinir.<\/p>\n<p><img fetchpriority=\"high\" decoding=\"async\" class=\"alignnone size-medium wp-image-683\" src=\"http:\/\/dkfishingnet.com\/wp-content\/uploads\/2023\/11\/QQ\u56fe\u724720211116095749.jpg\" alt=\"\" width=\"800\" height=\"800\" srcset=\"https:\/\/dkfishingnet.com\/wp-content\/uploads\/2023\/11\/QQ\u56fe\u724720211116095749.jpg 800w, https:\/\/dkfishingnet.com\/wp-content\/uploads\/2023\/11\/QQ\u56fe\u724720211116095749-300x300.jpg 300w, https:\/\/dkfishingnet.com\/wp-content\/uploads\/2023\/11\/QQ\u56fe\u724720211116095749-100x100.jpg 100w, https:\/\/dkfishingnet.com\/wp-content\/uploads\/2023\/11\/QQ\u56fe\u724720211116095749-600x600.jpg 600w, https:\/\/dkfishingnet.com\/wp-content\/uploads\/2023\/11\/QQ\u56fe\u724720211116095749-150x150.jpg 150w, https:\/\/dkfishingnet.com\/wp-content\/uploads\/2023\/11\/QQ\u56fe\u724720211116095749-768x768.jpg 768w\" sizes=\"(max-width: 800px) 100vw, 800px\" \/> <img decoding=\"async\" class=\"alignnone size-medium wp-image-684\" src=\"http:\/\/dkfishingnet.com\/wp-content\/uploads\/2023\/11\/QQ\u56fe\u724720211116095836.jpg\" alt=\"\" width=\"800\" height=\"800\" srcset=\"https:\/\/dkfishingnet.com\/wp-content\/uploads\/2023\/11\/QQ\u56fe\u724720211116095836.jpg 800w, https:\/\/dkfishingnet.com\/wp-content\/uploads\/2023\/11\/QQ\u56fe\u724720211116095836-300x300.jpg 300w, https:\/\/dkfishingnet.com\/wp-content\/uploads\/2023\/11\/QQ\u56fe\u724720211116095836-100x100.jpg 100w, https:\/\/dkfishingnet.com\/wp-content\/uploads\/2023\/11\/QQ\u56fe\u724720211116095836-600x600.jpg 600w, https:\/\/dkfishingnet.com\/wp-content\/uploads\/2023\/11\/QQ\u56fe\u724720211116095836-150x150.jpg 150w, https:\/\/dkfishingnet.com\/wp-content\/uploads\/2023\/11\/QQ\u56fe\u724720211116095836-768x768.jpg 768w\" sizes=\"(max-width: 800px) 100vw, 800px\" \/><\/p>\n<p><img decoding=\"async\" class=\"alignnone size-full wp-image-685\" src=\"http:\/\/dkfishingnet.com\/wp-content\/uploads\/2023\/11\/\u65e5\u5f0f\u94c5\u94fe\u624b\u629b\u7f51_\u526f\u672c.jpg\" alt=\"\" width=\"800\" height=\"800\" srcset=\"https:\/\/dkfishingnet.com\/wp-content\/uploads\/2023\/11\/\u65e5\u5f0f\u94c5\u94fe\u624b\u629b\u7f51_\u526f\u672c.jpg 800w, https:\/\/dkfishingnet.com\/wp-content\/uploads\/2023\/11\/\u65e5\u5f0f\u94c5\u94fe\u624b\u629b\u7f51_\u526f\u672c-300x300.jpg 300w, https:\/\/dkfishingnet.com\/wp-content\/uploads\/2023\/11\/\u65e5\u5f0f\u94c5\u94fe\u624b\u629b\u7f51_\u526f\u672c-100x100.jpg 100w, https:\/\/dkfishingnet.com\/wp-content\/uploads\/2023\/11\/\u65e5\u5f0f\u94c5\u94fe\u624b\u629b\u7f51_\u526f\u672c-600x600.jpg 600w, https:\/\/dkfishingnet.com\/wp-content\/uploads\/2023\/11\/\u65e5\u5f0f\u94c5\u94fe\u624b\u629b\u7f51_\u526f\u672c-150x150.jpg 150w, https:\/\/dkfishingnet.com\/wp-content\/uploads\/2023\/11\/\u65e5\u5f0f\u94c5\u94fe\u624b\u629b\u7f51_\u526f\u672c-768x768.jpg 768w\" sizes=\"(max-width: 800px) 100vw, 800px\" \/><\/p>\n<p><img loading=\"lazy\" decoding=\"async\" class=\"alignnone size-medium wp-image-686\" src=\"http:\/\/dkfishingnet.com\/wp-content\/uploads\/2023\/11\/bottom-pocket-cast-net-1_\u526f\u672c.jpg\" alt=\"\" width=\"800\" height=\"800\" srcset=\"https:\/\/dkfishingnet.com\/wp-content\/uploads\/2023\/11\/bottom-pocket-cast-net-1_\u526f\u672c.jpg 800w, https:\/\/dkfishingnet.com\/wp-content\/uploads\/2023\/11\/bottom-pocket-cast-net-1_\u526f\u672c-300x300.jpg 300w, https:\/\/dkfishingnet.com\/wp-content\/uploads\/2023\/11\/bottom-pocket-cast-net-1_\u526f\u672c-100x100.jpg 100w, https:\/\/dkfishingnet.com\/wp-content\/uploads\/2023\/11\/bottom-pocket-cast-net-1_\u526f\u672c-600x600.jpg 600w, https:\/\/dkfishingnet.com\/wp-content\/uploads\/2023\/11\/bottom-pocket-cast-net-1_\u526f\u672c-150x150.jpg 150w, https:\/\/dkfishingnet.com\/wp-content\/uploads\/2023\/11\/bottom-pocket-cast-net-1_\u526f\u672c-768x768.jpg 768w\" sizes=\"(max-width: 800px) 100vw, 800px\" \/> <img loading=\"lazy\" decoding=\"async\" class=\"alignnone size-medium wp-image-687\" src=\"http:\/\/dkfishingnet.com\/wp-content\/uploads\/2023\/11\/Chain.jpg\" alt=\"\" width=\"800\" height=\"800\" srcset=\"https:\/\/dkfishingnet.com\/wp-content\/uploads\/2023\/11\/Chain.jpg 800w, https:\/\/dkfishingnet.com\/wp-content\/uploads\/2023\/11\/Chain-300x300.jpg 300w, https:\/\/dkfishingnet.com\/wp-content\/uploads\/2023\/11\/Chain-100x100.jpg 100w, https:\/\/dkfishingnet.com\/wp-content\/uploads\/2023\/11\/Chain-600x600.jpg 600w, https:\/\/dkfishingnet.com\/wp-content\/uploads\/2023\/11\/Chain-150x150.jpg 150w, https:\/\/dkfishingnet.com\/wp-content\/uploads\/2023\/11\/Chain-768x768.jpg 768w\" sizes=\"(max-width: 800px) 100vw, 800px\" \/><\/p>\n<p>&nbsp;<\/p>","protected":false},"excerpt":{"rendered":"<p>Dip torbas\u0131 Fuji tipi kur\u015fun zincirli d\u00f6kme a\u011f, bal\u0131k tutmak i\u00e7in suya d\u00f6kmek veya atmak i\u00e7in kullan\u0131lan bir olta tak\u0131m\u0131d\u0131r. Bu a\u011f\u0131n \u00e7evresinde genellikle h\u0131zl\u0131 bir \u015fekilde dibe batmas\u0131na yard\u0131mc\u0131 olmak i\u00e7in bir kur\u015fun zincir bulunur. \"Dip torbas\u0131\" tasar\u0131m\u0131, a\u011f\u0131n bal\u0131klar\u0131 verimli bir \u015fekilde yakalamas\u0131n\u0131 sa\u011flar ve \u00f6zellikle su yata\u011f\u0131na yak\u0131n bal\u0131klar\u0131 hedeflerken olta bal\u0131k\u00e7\u0131lar\u0131 aras\u0131nda pop\u00fcler bir se\u00e7im haline getirir. Kur\u015fun zincirli Fuji tarz\u0131 d\u00f6k\u00fcm a\u011flar\u0131, \u00e7e\u015fitli su ortamlar\u0131nda bal\u0131k yakalamadaki etkinlikleriyle bilinir.<\/p>","protected":false},"featured_media":678,"template":"","meta":{"site-sidebar-layout":"default","site-content-layout":"","ast-site-content-layout":"default","site-content-style":"default","site-sidebar-style":"default","ast-global-header-display":"","ast-banner-title-visibility":"","ast-main-header-display":"","ast-hfb-above-header-display":"","ast-hfb-below-header-display":"","ast-hfb-mobile-header-display":"","site-post-title":"","ast-breadcrumbs-content":"","ast-featured-img":"","footer-sml-layout":"","theme-transparent-header-meta":"default","adv-header-id-meta":"","stick-header-meta":"","header-above-stick-meta":"","header-main-stick-meta":"","header-below-stick-meta":"","astra-migrate-meta-layouts":"set","ast-page-background-enabled":"default","ast-page-background-meta":{"desktop":{"background-color":"","background-image":"","background-repeat":"repeat","background-position":"center center","background-size":"auto","background-attachment":"scroll","background-type":"","background-media":"","overlay-type":"","overlay-color":"","overlay-gradient":""},"tablet":{"background-color":"","background-image":"","background-repeat":"repeat","background-position":"center center","background-size":"auto","background-attachment":"scroll","background-type":"","background-media":"","overlay-type":"","overlay-color":"","overlay-gradient":""},"mobile":{"background-color":"","background-image":"","background-repeat":"repeat","background-position":"center center","background-size":"auto","background-attachment":"scroll","background-type":"","background-media":"","overlay-type":"","overlay-color":"","overlay-gradient":""}},"ast-content-background-meta":{"desktop":{"background-color":"var(--ast-global-color-5)","background-image":"","background-repeat":"repeat","background-position":"center center","background-size":"auto","background-attachment":"scroll","background-type":"","background-media":"","overlay-type":"","overlay-color":"","overlay-gradient":""},"tablet":{"background-color":"var(--ast-global-color-5)","background-image":"","background-repeat":"repeat","background-position":"center center","background-size":"auto","background-attachment":"scroll","background-type":"","background-media":"","overlay-type":"","overlay-color":"","overlay-gradient":""},"mobile":{"background-color":"var(--ast-global-color-5)","background-image":"","background-repeat":"repeat","background-position":"center center","background-size":"auto","background-attachment":"scroll","background-type":"","background-media":"","overlay-type":"","overlay-color":"","overlay-gradient":""}}},"product_cat":[25],"product_tag":[],"_links":{"self":[{"href":"https:\/\/dkfishingnet.com\/tr\/wp-json\/wp\/v2\/product\/677"}],"collection":[{"href":"https:\/\/dkfishingnet.com\/tr\/wp-json\/wp\/v2\/product"}],"about":[{"href":"https:\/\/dkfishingnet.com\/tr\/wp-json\/wp\/v2\/types\/product"}],"wp:featuredmedia":[{"embeddable":true,"href":"https:\/\/dkfishingnet.com\/tr\/wp-json\/wp\/v2\/media\/678"}],"wp:attachment":[{"href":"https:\/\/dkfishingnet.com\/tr\/wp-json\/wp\/v2\/media?parent=677"}],"wp:term":[{"taxonomy":"product_cat","embeddable":true,"href":"https:\/\/dkfishingnet.com\/tr\/wp-json\/wp\/v2\/product_cat?post=677"},{"taxonomy":"product_tag","embeddable":true,"href":"https:\/\/dkfishingnet.com\/tr\/wp-json\/wp\/v2\/product_tag?post=677"}],"curies":[{"name":"wp","href":"https:\/\/api.w.org\/{rel}","templated":true}]}}