{"id":698,"date":"2023-11-22T23:16:12","date_gmt":"2023-11-22T15:16:12","guid":{"rendered":"https:\/\/dkfishingnet.com\/?post_type=product&#038;p=698"},"modified":"2023-11-22T23:16:43","modified_gmt":"2023-11-22T15:16:43","slug":"fishing-gill-net-nylon-monofilament","status":"publish","type":"product","link":"https:\/\/dkfishingnet.com\/tr\/urun\/fishing-gill-net-nylon-monofilament\/","title":{"rendered":"bal\u0131k\u00e7\u0131l\u0131k solunga\u00e7 a\u011f\u0131 naylon monofilament"},"content":{"rendered":"<p>bal\u0131k\u00e7\u0131l\u0131k solunga\u00e7 a\u011f\u0131 Naylon monofilament, naylon monofilamentten dokunmu\u015ftur. Bu tip solunga\u00e7 a\u011f\u0131 genellikle k\u00fc\u00e7\u00fck bal\u0131klar\u0131 yakalamak i\u00e7in kullan\u0131l\u0131r ve tasar\u0131m\u0131 onu farkl\u0131 bal\u0131k\u00e7\u0131l\u0131k t\u00fcrleri ve bal\u0131k\u00e7\u0131l\u0131k ortamlar\u0131 i\u00e7in uygun hale getirir. Naylon malzeme, galsama a\u011f\u0131n\u0131 sert ve dayan\u0131kl\u0131, ancak yakalama s\u00fcrecine dahil olan \u00e7ekme ve germeyi kar\u015f\u0131layacak kadar esnek hale getirir. Bu t\u00fcr bal\u0131k a\u011f\u0131 bir\u00e7ok farkl\u0131 bal\u0131k\u00e7\u0131l\u0131k faaliyetinde yayg\u0131n olarak kullan\u0131lmaktad\u0131r.<\/p>\n<p><img fetchpriority=\"high\" decoding=\"async\" class=\"alignnone size-full wp-image-700\" src=\"http:\/\/dkfishingnet.com\/wp-content\/uploads\/2023\/11\/QQ\u56fe\u724720190509153959_\u526f\u672c.jpg\" alt=\"\" width=\"800\" height=\"800\" srcset=\"https:\/\/dkfishingnet.com\/wp-content\/uploads\/2023\/11\/QQ\u56fe\u724720190509153959_\u526f\u672c.jpg 800w, https:\/\/dkfishingnet.com\/wp-content\/uploads\/2023\/11\/QQ\u56fe\u724720190509153959_\u526f\u672c-300x300.jpg 300w, https:\/\/dkfishingnet.com\/wp-content\/uploads\/2023\/11\/QQ\u56fe\u724720190509153959_\u526f\u672c-100x100.jpg 100w, https:\/\/dkfishingnet.com\/wp-content\/uploads\/2023\/11\/QQ\u56fe\u724720190509153959_\u526f\u672c-600x600.jpg 600w, https:\/\/dkfishingnet.com\/wp-content\/uploads\/2023\/11\/QQ\u56fe\u724720190509153959_\u526f\u672c-150x150.jpg 150w, https:\/\/dkfishingnet.com\/wp-content\/uploads\/2023\/11\/QQ\u56fe\u724720190509153959_\u526f\u672c-768x768.jpg 768w\" sizes=\"(max-width: 800px) 100vw, 800px\" \/><img decoding=\"async\" class=\"alignnone size-full wp-image-701\" src=\"http:\/\/dkfishingnet.com\/wp-content\/uploads\/2023\/11\/QQ\u56fe\u724720190509154003_\u526f\u672c.jpg\" alt=\"\" width=\"800\" height=\"800\" srcset=\"https:\/\/dkfishingnet.com\/wp-content\/uploads\/2023\/11\/QQ\u56fe\u724720190509154003_\u526f\u672c.jpg 800w, https:\/\/dkfishingnet.com\/wp-content\/uploads\/2023\/11\/QQ\u56fe\u724720190509154003_\u526f\u672c-300x300.jpg 300w, https:\/\/dkfishingnet.com\/wp-content\/uploads\/2023\/11\/QQ\u56fe\u724720190509154003_\u526f\u672c-100x100.jpg 100w, https:\/\/dkfishingnet.com\/wp-content\/uploads\/2023\/11\/QQ\u56fe\u724720190509154003_\u526f\u672c-600x600.jpg 600w, https:\/\/dkfishingnet.com\/wp-content\/uploads\/2023\/11\/QQ\u56fe\u724720190509154003_\u526f\u672c-150x150.jpg 150w, https:\/\/dkfishingnet.com\/wp-content\/uploads\/2023\/11\/QQ\u56fe\u724720190509154003_\u526f\u672c-768x768.jpg 768w\" sizes=\"(max-width: 800px) 100vw, 800px\" \/><img decoding=\"async\" class=\"alignnone size-full wp-image-702\" src=\"http:\/\/dkfishingnet.com\/wp-content\/uploads\/2023\/11\/TIM\u56fe\u724720200417162420_\u526f\u672c.jpg\" alt=\"\" width=\"800\" height=\"800\" srcset=\"https:\/\/dkfishingnet.com\/wp-content\/uploads\/2023\/11\/TIM\u56fe\u724720200417162420_\u526f\u672c.jpg 800w, https:\/\/dkfishingnet.com\/wp-content\/uploads\/2023\/11\/TIM\u56fe\u724720200417162420_\u526f\u672c-300x300.jpg 300w, https:\/\/dkfishingnet.com\/wp-content\/uploads\/2023\/11\/TIM\u56fe\u724720200417162420_\u526f\u672c-100x100.jpg 100w, https:\/\/dkfishingnet.com\/wp-content\/uploads\/2023\/11\/TIM\u56fe\u724720200417162420_\u526f\u672c-600x600.jpg 600w, https:\/\/dkfishingnet.com\/wp-content\/uploads\/2023\/11\/TIM\u56fe\u724720200417162420_\u526f\u672c-150x150.jpg 150w, https:\/\/dkfishingnet.com\/wp-content\/uploads\/2023\/11\/TIM\u56fe\u724720200417162420_\u526f\u672c-768x768.jpg 768w\" sizes=\"(max-width: 800px) 100vw, 800px\" \/><\/p>","protected":false},"excerpt":{"rendered":"<p>bal\u0131k\u00e7\u0131l\u0131k solunga\u00e7 a\u011f\u0131 Naylon monofilament, naylon monofilamentten dokunmu\u015ftur. Bu tip solunga\u00e7 a\u011f\u0131 genellikle k\u00fc\u00e7\u00fck bal\u0131klar\u0131 yakalamak i\u00e7in kullan\u0131l\u0131r ve tasar\u0131m\u0131 onu farkl\u0131 bal\u0131k\u00e7\u0131l\u0131k t\u00fcrleri ve bal\u0131k\u00e7\u0131l\u0131k ortamlar\u0131 i\u00e7in uygun hale getirir. Naylon malzeme, galsama a\u011f\u0131n\u0131 sert ve dayan\u0131kl\u0131, ancak yakalama s\u00fcrecine dahil olan \u00e7ekme ve germeyi kar\u015f\u0131layacak kadar esnek hale getirir. Bu t\u00fcr bal\u0131k a\u011f\u0131 bir\u00e7ok farkl\u0131 bal\u0131k\u00e7\u0131l\u0131k faaliyetinde yayg\u0131n olarak kullan\u0131lmaktad\u0131r.<\/p>","protected":false},"featured_media":699,"template":"","meta":{"site-sidebar-layout":"default","site-content-layout":"","ast-site-content-layout":"default","site-content-style":"default","site-sidebar-style":"default","ast-global-header-display":"","ast-banner-title-visibility":"","ast-main-header-display":"","ast-hfb-above-header-display":"","ast-hfb-below-header-display":"","ast-hfb-mobile-header-display":"","site-post-title":"","ast-breadcrumbs-content":"","ast-featured-img":"","footer-sml-layout":"","theme-transparent-header-meta":"default","adv-header-id-meta":"","stick-header-meta":"","header-above-stick-meta":"","header-main-stick-meta":"","header-below-stick-meta":"","astra-migrate-meta-layouts":"set","ast-page-background-enabled":"default","ast-page-background-meta":{"desktop":{"background-color":"","background-image":"","background-repeat":"repeat","background-position":"center center","background-size":"auto","background-attachment":"scroll","background-type":"","background-media":"","overlay-type":"","overlay-color":"","overlay-gradient":""},"tablet":{"background-color":"","background-image":"","background-repeat":"repeat","background-position":"center center","background-size":"auto","background-attachment":"scroll","background-type":"","background-media":"","overlay-type":"","overlay-color":"","overlay-gradient":""},"mobile":{"background-color":"","background-image":"","background-repeat":"repeat","background-position":"center center","background-size":"auto","background-attachment":"scroll","background-type":"","background-media":"","overlay-type":"","overlay-color":"","overlay-gradient":""}},"ast-content-background-meta":{"desktop":{"background-color":"var(--ast-global-color-5)","background-image":"","background-repeat":"repeat","background-position":"center center","background-size":"auto","background-attachment":"scroll","background-type":"","background-media":"","overlay-type":"","overlay-color":"","overlay-gradient":""},"tablet":{"background-color":"var(--ast-global-color-5)","background-image":"","background-repeat":"repeat","background-position":"center center","background-size":"auto","background-attachment":"scroll","background-type":"","background-media":"","overlay-type":"","overlay-color":"","overlay-gradient":""},"mobile":{"background-color":"var(--ast-global-color-5)","background-image":"","background-repeat":"repeat","background-position":"center center","background-size":"auto","background-attachment":"scroll","background-type":"","background-media":"","overlay-type":"","overlay-color":"","overlay-gradient":""}}},"product_cat":[26,20],"product_tag":[],"_links":{"self":[{"href":"https:\/\/dkfishingnet.com\/tr\/wp-json\/wp\/v2\/product\/698"}],"collection":[{"href":"https:\/\/dkfishingnet.com\/tr\/wp-json\/wp\/v2\/product"}],"about":[{"href":"https:\/\/dkfishingnet.com\/tr\/wp-json\/wp\/v2\/types\/product"}],"wp:featuredmedia":[{"embeddable":true,"href":"https:\/\/dkfishingnet.com\/tr\/wp-json\/wp\/v2\/media\/699"}],"wp:attachment":[{"href":"https:\/\/dkfishingnet.com\/tr\/wp-json\/wp\/v2\/media?parent=698"}],"wp:term":[{"taxonomy":"product_cat","embeddable":true,"href":"https:\/\/dkfishingnet.com\/tr\/wp-json\/wp\/v2\/product_cat?post=698"},{"taxonomy":"product_tag","embeddable":true,"href":"https:\/\/dkfishingnet.com\/tr\/wp-json\/wp\/v2\/product_tag?post=698"}],"curies":[{"name":"wp","href":"https:\/\/api.w.org\/{rel}","templated":true}]}}