{"id":739,"date":"2023-11-22T23:42:05","date_gmt":"2023-11-22T15:42:05","guid":{"rendered":"https:\/\/dkfishingnet.com\/?post_type=product&#038;p=739"},"modified":"2023-11-23T19:05:56","modified_gmt":"2023-11-23T11:05:56","slug":"knotted-fishing-net-nylon-monofilament","status":"publish","type":"product","link":"https:\/\/dkfishingnet.com\/tr\/urun\/knotted-fishing-net-nylon-monofilament\/","title":{"rendered":"D\u00fc\u011f\u00fcml\u00fc bal\u0131k a\u011f\u0131 naylon monofilament"},"content":{"rendered":"<p>D\u00fc\u011f\u00fcml\u00fc bal\u0131k a\u011flar\u0131 genellikle bir a\u011f yap\u0131s\u0131na dokunan naylon monofilamentlerden yap\u0131l\u0131r. Bu t\u00fcr bal\u0131k a\u011flar\u0131n\u0131n \u00f6zelliklerinden biri, \u00fcretimi s\u0131ras\u0131nda a\u011f\u0131n b\u00fct\u00fcnl\u00fc\u011f\u00fcn\u00fc ve dengesini korumak i\u00e7in kullan\u0131lan \u00e7e\u015fitli d\u00fc\u011f\u00fcm t\u00fcrleridir. Bu d\u00fc\u011f\u00fcmler, monofilamentlerin sabitlenmesine yard\u0131mc\u0131 olur, a\u011f\u0131n a\u011f\u0131n\u0131 olu\u015fturur ve bal\u0131k\u00e7\u0131l\u0131\u011f\u0131n \u00e7ekme ve stresiyle ba\u015fa \u00e7\u0131kmak i\u00e7in gereken g\u00fcc\u00fc sa\u011flar. Bu t\u00fcr bal\u0131k a\u011f\u0131 genellikle \u00e7e\u015fitli boyutlardaki bal\u0131klar\u0131 yakalamak i\u00e7in kullan\u0131l\u0131r ve iyi bir dayan\u0131kl\u0131l\u0131\u011fa ve uyarlanabilirli\u011fe sahiptir.<\/p>\n<p><img fetchpriority=\"high\" decoding=\"async\" class=\"alignnone size-full wp-image-746\" src=\"http:\/\/dkfishingnet.com\/wp-content\/uploads\/2023\/11\/\u5fae\u4fe1\u56fe\u7247_20190114172330_\u526f\u672c.jpg\" alt=\"\" width=\"800\" height=\"800\" srcset=\"https:\/\/dkfishingnet.com\/wp-content\/uploads\/2023\/11\/\u5fae\u4fe1\u56fe\u7247_20190114172330_\u526f\u672c.jpg 800w, https:\/\/dkfishingnet.com\/wp-content\/uploads\/2023\/11\/\u5fae\u4fe1\u56fe\u7247_20190114172330_\u526f\u672c-300x300.jpg 300w, https:\/\/dkfishingnet.com\/wp-content\/uploads\/2023\/11\/\u5fae\u4fe1\u56fe\u7247_20190114172330_\u526f\u672c-100x100.jpg 100w, https:\/\/dkfishingnet.com\/wp-content\/uploads\/2023\/11\/\u5fae\u4fe1\u56fe\u7247_20190114172330_\u526f\u672c-600x600.jpg 600w, https:\/\/dkfishingnet.com\/wp-content\/uploads\/2023\/11\/\u5fae\u4fe1\u56fe\u7247_20190114172330_\u526f\u672c-150x150.jpg 150w, https:\/\/dkfishingnet.com\/wp-content\/uploads\/2023\/11\/\u5fae\u4fe1\u56fe\u7247_20190114172330_\u526f\u672c-768x768.jpg 768w\" sizes=\"(max-width: 800px) 100vw, 800px\" \/><img decoding=\"async\" class=\"alignnone size-full wp-image-747\" src=\"http:\/\/dkfishingnet.com\/wp-content\/uploads\/2023\/11\/\u5fae\u4fe1\u56fe\u7247_20200303152641.jpg\" alt=\"\" width=\"800\" height=\"800\" srcset=\"https:\/\/dkfishingnet.com\/wp-content\/uploads\/2023\/11\/\u5fae\u4fe1\u56fe\u7247_20200303152641.jpg 800w, https:\/\/dkfishingnet.com\/wp-content\/uploads\/2023\/11\/\u5fae\u4fe1\u56fe\u7247_20200303152641-300x300.jpg 300w, https:\/\/dkfishingnet.com\/wp-content\/uploads\/2023\/11\/\u5fae\u4fe1\u56fe\u7247_20200303152641-100x100.jpg 100w, https:\/\/dkfishingnet.com\/wp-content\/uploads\/2023\/11\/\u5fae\u4fe1\u56fe\u7247_20200303152641-600x600.jpg 600w, https:\/\/dkfishingnet.com\/wp-content\/uploads\/2023\/11\/\u5fae\u4fe1\u56fe\u7247_20200303152641-150x150.jpg 150w, https:\/\/dkfishingnet.com\/wp-content\/uploads\/2023\/11\/\u5fae\u4fe1\u56fe\u7247_20200303152641-768x768.jpg 768w\" sizes=\"(max-width: 800px) 100vw, 800px\" \/><img decoding=\"async\" class=\"alignnone size-medium wp-image-748\" src=\"http:\/\/dkfishingnet.com\/wp-content\/uploads\/2023\/11\/\u5c3c\u9f99\u5355\u4e1d\u7f51\u7247\uff0c0.25mmx\u5168\u76ee\u534a\u82f1\u5bf8.jpg\" alt=\"\" width=\"800\" height=\"800\" srcset=\"https:\/\/dkfishingnet.com\/wp-content\/uploads\/2023\/11\/\u5c3c\u9f99\u5355\u4e1d\u7f51\u7247\uff0c0.25mmx\u5168\u76ee\u534a\u82f1\u5bf8.jpg 800w, https:\/\/dkfishingnet.com\/wp-content\/uploads\/2023\/11\/\u5c3c\u9f99\u5355\u4e1d\u7f51\u7247\uff0c0.25mmx\u5168\u76ee\u534a\u82f1\u5bf8-300x300.jpg 300w, https:\/\/dkfishingnet.com\/wp-content\/uploads\/2023\/11\/\u5c3c\u9f99\u5355\u4e1d\u7f51\u7247\uff0c0.25mmx\u5168\u76ee\u534a\u82f1\u5bf8-100x100.jpg 100w, https:\/\/dkfishingnet.com\/wp-content\/uploads\/2023\/11\/\u5c3c\u9f99\u5355\u4e1d\u7f51\u7247\uff0c0.25mmx\u5168\u76ee\u534a\u82f1\u5bf8-600x600.jpg 600w, https:\/\/dkfishingnet.com\/wp-content\/uploads\/2023\/11\/\u5c3c\u9f99\u5355\u4e1d\u7f51\u7247\uff0c0.25mmx\u5168\u76ee\u534a\u82f1\u5bf8-150x150.jpg 150w, https:\/\/dkfishingnet.com\/wp-content\/uploads\/2023\/11\/\u5c3c\u9f99\u5355\u4e1d\u7f51\u7247\uff0c0.25mmx\u5168\u76ee\u534a\u82f1\u5bf8-768x768.jpg 768w\" sizes=\"(max-width: 800px) 100vw, 800px\" \/> <img loading=\"lazy\" decoding=\"async\" class=\"alignnone size-medium wp-image-749\" src=\"http:\/\/dkfishingnet.com\/wp-content\/uploads\/2023\/11\/\u5fae\u4fe1\u56fe\u7247_20190114172314.jpg\" alt=\"\" width=\"800\" height=\"800\" srcset=\"https:\/\/dkfishingnet.com\/wp-content\/uploads\/2023\/11\/\u5fae\u4fe1\u56fe\u7247_20190114172314.jpg 800w, https:\/\/dkfishingnet.com\/wp-content\/uploads\/2023\/11\/\u5fae\u4fe1\u56fe\u7247_20190114172314-300x300.jpg 300w, https:\/\/dkfishingnet.com\/wp-content\/uploads\/2023\/11\/\u5fae\u4fe1\u56fe\u7247_20190114172314-100x100.jpg 100w, https:\/\/dkfishingnet.com\/wp-content\/uploads\/2023\/11\/\u5fae\u4fe1\u56fe\u7247_20190114172314-600x600.jpg 600w, https:\/\/dkfishingnet.com\/wp-content\/uploads\/2023\/11\/\u5fae\u4fe1\u56fe\u7247_20190114172314-150x150.jpg 150w, https:\/\/dkfishingnet.com\/wp-content\/uploads\/2023\/11\/\u5fae\u4fe1\u56fe\u7247_20190114172314-768x768.jpg 768w\" sizes=\"(max-width: 800px) 100vw, 800px\" \/><\/p>","protected":false},"excerpt":{"rendered":"<p>D\u00fc\u011f\u00fcml\u00fc bal\u0131k a\u011flar\u0131 genellikle bir a\u011f yap\u0131s\u0131na dokunan naylon monofilamentlerden yap\u0131l\u0131r. Bu t\u00fcr bal\u0131k a\u011flar\u0131n\u0131n \u00f6zelliklerinden biri, \u00fcretimi s\u0131ras\u0131nda a\u011f\u0131n b\u00fct\u00fcnl\u00fc\u011f\u00fcn\u00fc ve dengesini korumak i\u00e7in kullan\u0131lan \u00e7e\u015fitli d\u00fc\u011f\u00fcm t\u00fcrleridir. Bu d\u00fc\u011f\u00fcmler, monofilamentlerin sabitlenmesine yard\u0131mc\u0131 olur, a\u011f\u0131n a\u011f\u0131n\u0131 olu\u015fturur ve bal\u0131k\u00e7\u0131l\u0131\u011f\u0131n \u00e7ekme ve stresiyle ba\u015fa \u00e7\u0131kmak i\u00e7in gereken g\u00fcc\u00fc sa\u011flar. Bu t\u00fcr bal\u0131k a\u011f\u0131 genellikle \u00e7e\u015fitli boyutlardaki bal\u0131klar\u0131 yakalamak i\u00e7in kullan\u0131l\u0131r ve iyi bir dayan\u0131kl\u0131l\u0131\u011fa ve uyarlanabilirli\u011fe sahiptir.<\/p>","protected":false},"featured_media":742,"template":"","meta":{"site-sidebar-layout":"default","site-content-layout":"","ast-site-content-layout":"default","site-content-style":"default","site-sidebar-style":"default","ast-global-header-display":"","ast-banner-title-visibility":"","ast-main-header-display":"","ast-hfb-above-header-display":"","ast-hfb-below-header-display":"","ast-hfb-mobile-header-display":"","site-post-title":"","ast-breadcrumbs-content":"","ast-featured-img":"","footer-sml-layout":"","theme-transparent-header-meta":"default","adv-header-id-meta":"","stick-header-meta":"","header-above-stick-meta":"","header-main-stick-meta":"","header-below-stick-meta":"","astra-migrate-meta-layouts":"set","ast-page-background-enabled":"default","ast-page-background-meta":{"desktop":{"background-color":"","background-image":"","background-repeat":"repeat","background-position":"center center","background-size":"auto","background-attachment":"scroll","background-type":"","background-media":"","overlay-type":"","overlay-color":"","overlay-gradient":""},"tablet":{"background-color":"","background-image":"","background-repeat":"repeat","background-position":"center center","background-size":"auto","background-attachment":"scroll","background-type":"","background-media":"","overlay-type":"","overlay-color":"","overlay-gradient":""},"mobile":{"background-color":"","background-image":"","background-repeat":"repeat","background-position":"center center","background-size":"auto","background-attachment":"scroll","background-type":"","background-media":"","overlay-type":"","overlay-color":"","overlay-gradient":""}},"ast-content-background-meta":{"desktop":{"background-color":"var(--ast-global-color-5)","background-image":"","background-repeat":"repeat","background-position":"center center","background-size":"auto","background-attachment":"scroll","background-type":"","background-media":"","overlay-type":"","overlay-color":"","overlay-gradient":""},"tablet":{"background-color":"var(--ast-global-color-5)","background-image":"","background-repeat":"repeat","background-position":"center center","background-size":"auto","background-attachment":"scroll","background-type":"","background-media":"","overlay-type":"","overlay-color":"","overlay-gradient":""},"mobile":{"background-color":"var(--ast-global-color-5)","background-image":"","background-repeat":"repeat","background-position":"center center","background-size":"auto","background-attachment":"scroll","background-type":"","background-media":"","overlay-type":"","overlay-color":"","overlay-gradient":""}}},"product_cat":[21,28],"product_tag":[],"_links":{"self":[{"href":"https:\/\/dkfishingnet.com\/tr\/wp-json\/wp\/v2\/product\/739"}],"collection":[{"href":"https:\/\/dkfishingnet.com\/tr\/wp-json\/wp\/v2\/product"}],"about":[{"href":"https:\/\/dkfishingnet.com\/tr\/wp-json\/wp\/v2\/types\/product"}],"wp:featuredmedia":[{"embeddable":true,"href":"https:\/\/dkfishingnet.com\/tr\/wp-json\/wp\/v2\/media\/742"}],"wp:attachment":[{"href":"https:\/\/dkfishingnet.com\/tr\/wp-json\/wp\/v2\/media?parent=739"}],"wp:term":[{"taxonomy":"product_cat","embeddable":true,"href":"https:\/\/dkfishingnet.com\/tr\/wp-json\/wp\/v2\/product_cat?post=739"},{"taxonomy":"product_tag","embeddable":true,"href":"https:\/\/dkfishingnet.com\/tr\/wp-json\/wp\/v2\/product_tag?post=739"}],"curies":[{"name":"wp","href":"https:\/\/api.w.org\/{rel}","templated":true}]}}