{"id":750,"date":"2023-11-22T23:45:39","date_gmt":"2023-11-22T15:45:39","guid":{"rendered":"https:\/\/dkfishingnet.com\/?post_type=product&#038;p=750"},"modified":"2023-11-22T23:45:49","modified_gmt":"2023-11-22T15:45:49","slug":"round-fish-cage-crab-trap","status":"publish","type":"product","link":"https:\/\/dkfishingnet.com\/tr\/urun\/round-fish-cage-crab-trap\/","title":{"rendered":"Yuvarlak bal\u0131k kafesi yenge\u00e7 kapan\u0131"},"content":{"rendered":"<p>Yuvarlak bal\u0131k kafesi yenge\u00e7 kapan\u0131, bal\u0131k ve yenge\u00e7 yakalamak i\u00e7in kullan\u0131lan bir bal\u0131k\u00e7\u0131l\u0131k arac\u0131d\u0131r. Yuvarlak veya silindirik \u015fekildedir. Bu tip olta tak\u0131m\u0131 genellikle metal tel, plastik tel veya kafes benzeri bir yap\u0131 olu\u015fturan di\u011fer dayan\u0131kl\u0131 malzemelerden yap\u0131l\u0131r. Bal\u0131k\u00e7\u0131lar genellikle yemi bir kafesin i\u00e7ine koyar ve ard\u0131ndan kafesi suya yerle\u015ftirir. Bir bal\u0131k veya yenge\u00e7 bir kafese \u00e7ekildi\u011finde, i\u00e7ine girdikten sonra ka\u00e7malar\u0131 zor olacakt\u0131r.<\/p>\n<p>Bu tasar\u0131m basit ve etkilidir ve bal\u0131k\u00e7\u0131l\u0131k faaliyetlerinde yayg\u0131n olarak kullan\u0131lmaktad\u0131r. Yuvarlak bal\u0131k kaplar\u0131 ve yenge\u00e7 kaplar\u0131 farkl\u0131 sular ve bal\u0131k\u00e7\u0131l\u0131k hedefleri i\u00e7in uygundur ve bal\u0131k\u00e7\u0131lar taraf\u0131ndan bal\u0131k\u00e7\u0131l\u0131k s\u00fcrecinde kullan\u0131lan yayg\u0131n ara\u00e7lardan biridir.<\/p>\n<p><img fetchpriority=\"high\" decoding=\"async\" class=\"alignnone size-medium wp-image-756\" src=\"http:\/\/dkfishingnet.com\/wp-content\/uploads\/2023\/11\/TIM\u56fe\u724720200623163540-1.jpg\" alt=\"\" width=\"800\" height=\"800\" srcset=\"https:\/\/dkfishingnet.com\/wp-content\/uploads\/2023\/11\/TIM\u56fe\u724720200623163540-1.jpg 800w, https:\/\/dkfishingnet.com\/wp-content\/uploads\/2023\/11\/TIM\u56fe\u724720200623163540-1-300x300.jpg 300w, https:\/\/dkfishingnet.com\/wp-content\/uploads\/2023\/11\/TIM\u56fe\u724720200623163540-1-100x100.jpg 100w, https:\/\/dkfishingnet.com\/wp-content\/uploads\/2023\/11\/TIM\u56fe\u724720200623163540-1-600x600.jpg 600w, https:\/\/dkfishingnet.com\/wp-content\/uploads\/2023\/11\/TIM\u56fe\u724720200623163540-1-150x150.jpg 150w, https:\/\/dkfishingnet.com\/wp-content\/uploads\/2023\/11\/TIM\u56fe\u724720200623163540-1-768x768.jpg 768w\" sizes=\"(max-width: 800px) 100vw, 800px\" \/> <img decoding=\"async\" class=\"alignnone size-medium wp-image-757\" src=\"http:\/\/dkfishingnet.com\/wp-content\/uploads\/2023\/11\/TIM\u56fe\u724720200623163600.jpg\" alt=\"\" width=\"800\" height=\"800\" srcset=\"https:\/\/dkfishingnet.com\/wp-content\/uploads\/2023\/11\/TIM\u56fe\u724720200623163600.jpg 800w, https:\/\/dkfishingnet.com\/wp-content\/uploads\/2023\/11\/TIM\u56fe\u724720200623163600-300x300.jpg 300w, https:\/\/dkfishingnet.com\/wp-content\/uploads\/2023\/11\/TIM\u56fe\u724720200623163600-100x100.jpg 100w, https:\/\/dkfishingnet.com\/wp-content\/uploads\/2023\/11\/TIM\u56fe\u724720200623163600-600x600.jpg 600w, https:\/\/dkfishingnet.com\/wp-content\/uploads\/2023\/11\/TIM\u56fe\u724720200623163600-150x150.jpg 150w, https:\/\/dkfishingnet.com\/wp-content\/uploads\/2023\/11\/TIM\u56fe\u724720200623163600-768x768.jpg 768w\" sizes=\"(max-width: 800px) 100vw, 800px\" \/> <img decoding=\"async\" class=\"alignnone size-medium wp-image-758\" src=\"http:\/\/dkfishingnet.com\/wp-content\/uploads\/2023\/11\/TIM\u56fe\u724720200623163619-1.jpg\" alt=\"\" width=\"800\" height=\"800\" srcset=\"https:\/\/dkfishingnet.com\/wp-content\/uploads\/2023\/11\/TIM\u56fe\u724720200623163619-1.jpg 800w, https:\/\/dkfishingnet.com\/wp-content\/uploads\/2023\/11\/TIM\u56fe\u724720200623163619-1-300x300.jpg 300w, https:\/\/dkfishingnet.com\/wp-content\/uploads\/2023\/11\/TIM\u56fe\u724720200623163619-1-100x100.jpg 100w, https:\/\/dkfishingnet.com\/wp-content\/uploads\/2023\/11\/TIM\u56fe\u724720200623163619-1-600x600.jpg 600w, https:\/\/dkfishingnet.com\/wp-content\/uploads\/2023\/11\/TIM\u56fe\u724720200623163619-1-150x150.jpg 150w, https:\/\/dkfishingnet.com\/wp-content\/uploads\/2023\/11\/TIM\u56fe\u724720200623163619-1-768x768.jpg 768w\" sizes=\"(max-width: 800px) 100vw, 800px\" \/><\/p>\n<p><img loading=\"lazy\" decoding=\"async\" class=\"alignnone size-full wp-image-753\" src=\"http:\/\/dkfishingnet.com\/wp-content\/uploads\/2023\/11\/QQ\u56fe\u724720211116095805.jpg\" alt=\"\" width=\"800\" height=\"800\" srcset=\"https:\/\/dkfishingnet.com\/wp-content\/uploads\/2023\/11\/QQ\u56fe\u724720211116095805.jpg 800w, https:\/\/dkfishingnet.com\/wp-content\/uploads\/2023\/11\/QQ\u56fe\u724720211116095805-300x300.jpg 300w, https:\/\/dkfishingnet.com\/wp-content\/uploads\/2023\/11\/QQ\u56fe\u724720211116095805-100x100.jpg 100w, https:\/\/dkfishingnet.com\/wp-content\/uploads\/2023\/11\/QQ\u56fe\u724720211116095805-600x600.jpg 600w, https:\/\/dkfishingnet.com\/wp-content\/uploads\/2023\/11\/QQ\u56fe\u724720211116095805-150x150.jpg 150w, https:\/\/dkfishingnet.com\/wp-content\/uploads\/2023\/11\/QQ\u56fe\u724720211116095805-768x768.jpg 768w\" sizes=\"(max-width: 800px) 100vw, 800px\" \/><\/p>","protected":false},"excerpt":{"rendered":"<p>Yuvarlak bal\u0131k kafesi yenge\u00e7 kapan\u0131, bal\u0131k ve yenge\u00e7 yakalamak i\u00e7in kullan\u0131lan bir bal\u0131k\u00e7\u0131l\u0131k arac\u0131d\u0131r. Yuvarlak veya silindirik \u015fekildedir. Bu tip olta tak\u0131m\u0131 genellikle metal tel, plastik tel veya kafes benzeri bir yap\u0131 olu\u015fturan di\u011fer dayan\u0131kl\u0131 malzemelerden yap\u0131l\u0131r. Bal\u0131k\u00e7\u0131lar genellikle yemi bir kafesin i\u00e7ine koyar ve ard\u0131ndan kafesi suya yerle\u015ftirir. Bir bal\u0131k veya yenge\u00e7 bir kafese \u00e7ekildi\u011finde, i\u00e7ine girdikten sonra ka\u00e7malar\u0131 zor olacakt\u0131r.<\/p>\n<p>Bu tasar\u0131m basit ve etkilidir ve bal\u0131k\u00e7\u0131l\u0131k faaliyetlerinde yayg\u0131n olarak kullan\u0131lmaktad\u0131r. Yuvarlak bal\u0131k kaplar\u0131 ve yenge\u00e7 kaplar\u0131 farkl\u0131 sular ve bal\u0131k\u00e7\u0131l\u0131k hedefleri i\u00e7in uygundur ve bal\u0131k\u00e7\u0131lar taraf\u0131ndan bal\u0131k\u00e7\u0131l\u0131k s\u00fcrecinde kullan\u0131lan yayg\u0131n ara\u00e7lardan biridir.<\/p>","protected":false},"featured_media":751,"template":"","meta":{"site-sidebar-layout":"default","site-content-layout":"","ast-site-content-layout":"default","site-content-style":"default","site-sidebar-style":"default","ast-global-header-display":"","ast-banner-title-visibility":"","ast-main-header-display":"","ast-hfb-above-header-display":"","ast-hfb-below-header-display":"","ast-hfb-mobile-header-display":"","site-post-title":"","ast-breadcrumbs-content":"","ast-featured-img":"","footer-sml-layout":"","theme-transparent-header-meta":"default","adv-header-id-meta":"","stick-header-meta":"","header-above-stick-meta":"","header-main-stick-meta":"","header-below-stick-meta":"","astra-migrate-meta-layouts":"set","ast-page-background-enabled":"default","ast-page-background-meta":{"desktop":{"background-color":"","background-image":"","background-repeat":"repeat","background-position":"center center","background-size":"auto","background-attachment":"scroll","background-type":"","background-media":"","overlay-type":"","overlay-color":"","overlay-gradient":""},"tablet":{"background-color":"","background-image":"","background-repeat":"repeat","background-position":"center center","background-size":"auto","background-attachment":"scroll","background-type":"","background-media":"","overlay-type":"","overlay-color":"","overlay-gradient":""},"mobile":{"background-color":"","background-image":"","background-repeat":"repeat","background-position":"center center","background-size":"auto","background-attachment":"scroll","background-type":"","background-media":"","overlay-type":"","overlay-color":"","overlay-gradient":""}},"ast-content-background-meta":{"desktop":{"background-color":"var(--ast-global-color-5)","background-image":"","background-repeat":"repeat","background-position":"center center","background-size":"auto","background-attachment":"scroll","background-type":"","background-media":"","overlay-type":"","overlay-color":"","overlay-gradient":""},"tablet":{"background-color":"var(--ast-global-color-5)","background-image":"","background-repeat":"repeat","background-position":"center center","background-size":"auto","background-attachment":"scroll","background-type":"","background-media":"","overlay-type":"","overlay-color":"","overlay-gradient":""},"mobile":{"background-color":"var(--ast-global-color-5)","background-image":"","background-repeat":"repeat","background-position":"center center","background-size":"auto","background-attachment":"scroll","background-type":"","background-media":"","overlay-type":"","overlay-color":"","overlay-gradient":""}}},"product_cat":[29],"product_tag":[],"_links":{"self":[{"href":"https:\/\/dkfishingnet.com\/tr\/wp-json\/wp\/v2\/product\/750"}],"collection":[{"href":"https:\/\/dkfishingnet.com\/tr\/wp-json\/wp\/v2\/product"}],"about":[{"href":"https:\/\/dkfishingnet.com\/tr\/wp-json\/wp\/v2\/types\/product"}],"wp:featuredmedia":[{"embeddable":true,"href":"https:\/\/dkfishingnet.com\/tr\/wp-json\/wp\/v2\/media\/751"}],"wp:attachment":[{"href":"https:\/\/dkfishingnet.com\/tr\/wp-json\/wp\/v2\/media?parent=750"}],"wp:term":[{"taxonomy":"product_cat","embeddable":true,"href":"https:\/\/dkfishingnet.com\/tr\/wp-json\/wp\/v2\/product_cat?post=750"},{"taxonomy":"product_tag","embeddable":true,"href":"https:\/\/dkfishingnet.com\/tr\/wp-json\/wp\/v2\/product_tag?post=750"}],"curies":[{"name":"wp","href":"https:\/\/api.w.org\/{rel}","templated":true}]}}